{"id":1080,"date":"2021-03-09T12:18:42","date_gmt":"2021-03-09T12:18:42","guid":{"rendered":"https:\/\/www.maidaoglass.com\/?page_id=1080"},"modified":"2024-05-31T16:08:13","modified_gmt":"2024-05-31T16:08:13","slug":"diseno-personalizado-de-botellas-de-vidrio","status":"publish","type":"page","link":"https:\/\/www.maidaoglass.com\/es\/diseno-personalizado-de-botellas-de-vidrio\/","title":{"rendered":"Dise\u00f1o personalizado de botellas de vidrio"},"content":{"rendered":"<div data-elementor-type=\"wp-page\" data-elementor-id=\"1080\" class=\"elementor elementor-1080\" data-elementor-post-type=\"page\">\n\t\t\t\t\t\t<section class=\"elementor-section elementor-top-section elementor-element elementor-element-176406c5 elementor-section-full_width elementor-section-height-min-height elementor-section-height-default elementor-section-items-middle\" data-id=\"176406c5\" data-element_type=\"section\" data-e-type=\"section\" data-settings=\"{&quot;background_background&quot;:&quot;classic&quot;}\">\n\t\t\t\t\t\t<div class=\"elementor-container elementor-column-gap-default\">\n\t\t\t\t\t<div class=\"elementor-column elementor-col-100 elementor-top-column elementor-element elementor-element-13a5effc\" data-id=\"13a5effc\" data-element_type=\"column\" data-e-type=\"column\">\n\t\t\t<div class=\"elementor-widget-wrap elementor-element-populated\">\n\t\t\t\t\t\t<div class=\"elementor-element elementor-element-46630fd elementor-widget elementor-widget-woocommerce-breadcrumb\" data-id=\"46630fd\" data-element_type=\"widget\" data-e-type=\"widget\" data-widget_type=\"woocommerce-breadcrumb.default\">\n\t\t\t\t<div class=\"elementor-widget-container\">\n\t\t\t\t\t<nav class=\"woocommerce-breadcrumb\" aria-label=\"Breadcrumb\" data-no-translation=\"\" data-trp-gettext=\"\">Inicio<\/nav>\t\t\t\t<\/div>\n\t\t\t\t<\/div>\n\t\t\t\t\t<\/div>\n\t\t<\/div>\n\t\t\t\t\t<\/div>\n\t\t<\/section>\n\t\t\t\t<section class=\"elementor-section elementor-top-section elementor-element elementor-element-ce97825 elementor-section-boxed elementor-section-height-default elementor-section-height-default\" data-id=\"ce97825\" data-element_type=\"section\" data-e-type=\"section\">\n\t\t\t\t\t\t<div class=\"elementor-container elementor-column-gap-default\">\n\t\t\t\t\t<div class=\"elementor-column elementor-col-50 elementor-top-column elementor-element elementor-element-800302f\" data-id=\"800302f\" data-element_type=\"column\" data-e-type=\"column\">\n\t\t\t<div class=\"elementor-widget-wrap elementor-element-populated\">\n\t\t\t\t\t\t<div class=\"elementor-element elementor-element-0f3db41 elementor-widget elementor-widget-heading\" data-id=\"0f3db41\" data-element_type=\"widget\" data-e-type=\"widget\" id=\"1\" data-widget_type=\"heading.default\">\n\t\t\t\t<div class=\"elementor-widget-container\">\n\t\t\t\t\t<h2 class=\"elementor-heading-title elementor-size-default\">1. Entender el dise\u00f1o de su botella de vidrio personalizada<\/h2>\t\t\t\t<\/div>\n\t\t\t\t<\/div>\n\t\t\t\t<div class=\"elementor-element elementor-element-d090f56 elementor-widget elementor-widget-text-editor\" data-id=\"d090f56\" data-element_type=\"widget\" data-e-type=\"widget\" data-widget_type=\"text-editor.default\">\n\t\t\t\t<div class=\"elementor-widget-container\">\n\t\t\t\t\t\t\t\t\t<p>Tenemos m\u00e1s de 20 a\u00f1os de experiencia en dise\u00f1o y personalizaci\u00f3n. Tanto si se trata de un boceto, un dibujo t\u00e9cnico o un dibujo en 3D, podemos comprender con precisi\u00f3n su dise\u00f1o y ofrecerle sugerencias, reducir costes, comunicarnos con rapidez y eficacia y reducir los costes de tiempo del cliente.<\/p>\t\t\t\t\t\t\t\t<\/div>\n\t\t\t\t<\/div>\n\t\t\t\t\t<\/div>\n\t\t<\/div>\n\t\t\t\t<div class=\"elementor-column elementor-col-50 elementor-top-column elementor-element elementor-element-6e0e5c4\" data-id=\"6e0e5c4\" data-element_type=\"column\" data-e-type=\"column\">\n\t\t\t<div class=\"elementor-widget-wrap elementor-element-populated\">\n\t\t\t\t\t\t<div class=\"elementor-element elementor-element-69bad10 elementor-widget elementor-widget-image\" data-id=\"69bad10\" data-element_type=\"widget\" data-e-type=\"widget\" data-widget_type=\"image.default\">\n\t\t\t\t<div class=\"elementor-widget-container\">\n\t\t\t\t\t\t\t\t\t\t\t\t\t\t\t<img fetchpriority=\"high\" decoding=\"async\" width=\"700\" height=\"465\" src=\"https:\/\/www.maidaoglass.com\/wp-content\/uploads\/2021\/03\/understand-your-design.jpg\" class=\"attachment-large size-large wp-image-1134\" alt=\"entender su dise\u00f1o\" srcset=\"https:\/\/www.maidaoglass.com\/wp-content\/uploads\/2021\/03\/understand-your-design.jpg 700w, https:\/\/www.maidaoglass.com\/wp-content\/uploads\/2021\/03\/understand-your-design-300x199.jpg 300w, https:\/\/www.maidaoglass.com\/wp-content\/uploads\/2021\/03\/understand-your-design-600x399.jpg 600w\" sizes=\"(max-width: 700px) 100vw, 700px\" \/>\t\t\t\t\t\t\t\t\t\t\t\t\t\t\t<\/div>\n\t\t\t\t<\/div>\n\t\t\t\t\t<\/div>\n\t\t<\/div>\n\t\t\t\t\t<\/div>\n\t\t<\/section>\n\t\t\t\t<section class=\"elementor-section elementor-top-section elementor-element elementor-element-549fe8c elementor-section-boxed elementor-section-height-default elementor-section-height-default\" data-id=\"549fe8c\" data-element_type=\"section\" data-e-type=\"section\">\n\t\t\t\t\t\t<div class=\"elementor-container elementor-column-gap-default\">\n\t\t\t\t\t<div class=\"elementor-column elementor-col-50 elementor-top-column elementor-element elementor-element-e892e8b\" data-id=\"e892e8b\" data-element_type=\"column\" data-e-type=\"column\">\n\t\t\t<div class=\"elementor-widget-wrap elementor-element-populated\">\n\t\t\t\t\t\t<div class=\"elementor-element elementor-element-ad4482a elementor-widget elementor-widget-image\" data-id=\"ad4482a\" data-element_type=\"widget\" data-e-type=\"widget\" data-widget_type=\"image.default\">\n\t\t\t\t<div class=\"elementor-widget-container\">\n\t\t\t\t\t\t\t\t\t\t\t\t\t\t\t<img decoding=\"async\" width=\"560\" height=\"370\" src=\"https:\/\/www.maidaoglass.com\/wp-content\/uploads\/2021\/03\/glass-bottle-design.jpg\" class=\"attachment-large size-large wp-image-1130\" alt=\"dise\u00f1o de botellas de vidrio\" srcset=\"https:\/\/www.maidaoglass.com\/wp-content\/uploads\/2021\/03\/glass-bottle-design.jpg 560w, https:\/\/www.maidaoglass.com\/wp-content\/uploads\/2021\/03\/glass-bottle-design-300x198.jpg 300w\" sizes=\"(max-width: 560px) 100vw, 560px\" \/>\t\t\t\t\t\t\t\t\t\t\t\t\t\t\t<\/div>\n\t\t\t\t<\/div>\n\t\t\t\t\t<\/div>\n\t\t<\/div>\n\t\t\t\t<div class=\"elementor-column elementor-col-50 elementor-top-column elementor-element elementor-element-9c6c510\" data-id=\"9c6c510\" data-element_type=\"column\" data-e-type=\"column\">\n\t\t\t<div class=\"elementor-widget-wrap elementor-element-populated\">\n\t\t\t\t\t\t<div class=\"elementor-element elementor-element-7eba8f8 elementor-widget elementor-widget-heading\" data-id=\"7eba8f8\" data-element_type=\"widget\" data-e-type=\"widget\" data-widget_type=\"heading.default\">\n\t\t\t\t<div class=\"elementor-widget-container\">\n\t\t\t\t\t<h2 class=\"elementor-heading-title elementor-size-default\">2. Dibujo personalizado de botellas de vidrio<\/h2>\t\t\t\t<\/div>\n\t\t\t\t<\/div>\n\t\t\t\t<div class=\"elementor-element elementor-element-628db5e elementor-widget elementor-widget-text-editor\" data-id=\"628db5e\" data-element_type=\"widget\" data-e-type=\"widget\" data-widget_type=\"text-editor.default\">\n\t\t\t\t<div class=\"elementor-widget-container\">\n\t\t\t\t\t\t\t\t\t<p>Realizaremos con rapidez y precisi\u00f3n dibujos t\u00e9cnicos y dibujos en 3D de acuerdo con su intenci\u00f3n de dise\u00f1o, y mostraremos todos los datos y modelos tridimensionales en detalle para confirmar que es lo que le gusta.<\/p>\t\t\t\t\t\t\t\t<\/div>\n\t\t\t\t<\/div>\n\t\t\t\t\t<\/div>\n\t\t<\/div>\n\t\t\t\t\t<\/div>\n\t\t<\/section>\n\t\t\t\t<section class=\"elementor-section elementor-top-section elementor-element elementor-element-27275ae elementor-section-boxed elementor-section-height-default elementor-section-height-default\" data-id=\"27275ae\" data-element_type=\"section\" data-e-type=\"section\">\n\t\t\t\t\t\t<div class=\"elementor-container elementor-column-gap-default\">\n\t\t\t\t\t<div class=\"elementor-column elementor-col-50 elementor-top-column elementor-element elementor-element-1b8afd5\" data-id=\"1b8afd5\" data-element_type=\"column\" data-e-type=\"column\">\n\t\t\t<div class=\"elementor-widget-wrap elementor-element-populated\">\n\t\t\t\t\t\t<div class=\"elementor-element elementor-element-50d10ad elementor-widget elementor-widget-heading\" data-id=\"50d10ad\" data-element_type=\"widget\" data-e-type=\"widget\" data-widget_type=\"heading.default\">\n\t\t\t\t<div class=\"elementor-widget-container\">\n\t\t\t\t\t<h2 class=\"elementor-heading-title elementor-size-default\">3. Fabricaci\u00f3n de moldes de vidrio a medida<\/h2>\t\t\t\t<\/div>\n\t\t\t\t<\/div>\n\t\t\t\t<div class=\"elementor-element elementor-element-d0f4c93 elementor-widget elementor-widget-text-editor\" data-id=\"d0f4c93\" data-element_type=\"widget\" data-e-type=\"widget\" data-widget_type=\"text-editor.default\">\n\t\t\t\t<div class=\"elementor-widget-container\">\n\t\t\t\t\t\t\t\t\t<p>Los moldes son la clave para hacer realidad sus ideas en vidrio. Maidao Glass ofrece un juego completo de moldes de producci\u00f3n, y dependiendo del tama\u00f1o del banco, vale para unas 500.000 piezas. En caso de que un molde de producci\u00f3n en serie caduque, durante o despu\u00e9s de su vida \u00fatil, Maidao Glass lo sustituir\u00e1 gratuitamente.<\/p>\t\t\t\t\t\t\t\t<\/div>\n\t\t\t\t<\/div>\n\t\t\t\t\t<\/div>\n\t\t<\/div>\n\t\t\t\t<div class=\"elementor-column elementor-col-50 elementor-top-column elementor-element elementor-element-c61d408\" data-id=\"c61d408\" data-element_type=\"column\" data-e-type=\"column\">\n\t\t\t<div class=\"elementor-widget-wrap elementor-element-populated\">\n\t\t\t\t\t\t<div class=\"elementor-element elementor-element-8a758d3 elementor-widget elementor-widget-image\" data-id=\"8a758d3\" data-element_type=\"widget\" data-e-type=\"widget\" data-widget_type=\"image.default\">\n\t\t\t\t<div class=\"elementor-widget-container\">\n\t\t\t\t\t\t\t\t\t\t\t\t\t\t\t<img decoding=\"async\" width=\"560\" height=\"370\" src=\"https:\/\/www.maidaoglass.com\/wp-content\/uploads\/2021\/03\/mold.jpg\" class=\"attachment-woocommerce_single size-woocommerce_single wp-image-1127\" alt=\"\" srcset=\"https:\/\/www.maidaoglass.com\/wp-content\/uploads\/2021\/03\/mold.jpg 560w, https:\/\/www.maidaoglass.com\/wp-content\/uploads\/2021\/03\/mold-300x198.jpg 300w\" sizes=\"(max-width: 560px) 100vw, 560px\" \/>\t\t\t\t\t\t\t\t\t\t\t\t\t\t\t<\/div>\n\t\t\t\t<\/div>\n\t\t\t\t\t<\/div>\n\t\t<\/div>\n\t\t\t\t\t<\/div>\n\t\t<\/section>\n\t\t\t\t<section class=\"elementor-section elementor-top-section elementor-element elementor-element-b7d7af3 elementor-section-boxed elementor-section-height-default elementor-section-height-default\" data-id=\"b7d7af3\" data-element_type=\"section\" data-e-type=\"section\">\n\t\t\t\t\t\t<div class=\"elementor-container elementor-column-gap-default\">\n\t\t\t\t\t<div class=\"elementor-column elementor-col-50 elementor-top-column elementor-element elementor-element-d954096\" data-id=\"d954096\" data-element_type=\"column\" data-e-type=\"column\">\n\t\t\t<div class=\"elementor-widget-wrap elementor-element-populated\">\n\t\t\t\t\t\t<div class=\"elementor-element elementor-element-1352a4f elementor-widget elementor-widget-image\" data-id=\"1352a4f\" data-element_type=\"widget\" data-e-type=\"widget\" data-widget_type=\"image.default\">\n\t\t\t\t<div class=\"elementor-widget-container\">\n\t\t\t\t\t\t\t\t\t\t\t\t\t\t\t<img loading=\"lazy\" decoding=\"async\" width=\"590\" height=\"332\" src=\"https:\/\/www.maidaoglass.com\/wp-content\/uploads\/2021\/03\/glass-bottle-checking.jpg\" class=\"attachment-large size-large wp-image-1129\" alt=\"\" srcset=\"https:\/\/www.maidaoglass.com\/wp-content\/uploads\/2021\/03\/glass-bottle-checking.jpg 590w, https:\/\/www.maidaoglass.com\/wp-content\/uploads\/2021\/03\/glass-bottle-checking-300x169.jpg 300w\" sizes=\"(max-width: 590px) 100vw, 590px\" \/>\t\t\t\t\t\t\t\t\t\t\t\t\t\t\t<\/div>\n\t\t\t\t<\/div>\n\t\t\t\t\t<\/div>\n\t\t<\/div>\n\t\t\t\t<div class=\"elementor-column elementor-col-50 elementor-top-column elementor-element elementor-element-2c01f5c\" data-id=\"2c01f5c\" data-element_type=\"column\" data-e-type=\"column\">\n\t\t\t<div class=\"elementor-widget-wrap elementor-element-populated\">\n\t\t\t\t\t\t<div class=\"elementor-element elementor-element-cd0d9de elementor-widget elementor-widget-heading\" data-id=\"cd0d9de\" data-element_type=\"widget\" data-e-type=\"widget\" data-widget_type=\"heading.default\">\n\t\t\t\t<div class=\"elementor-widget-container\">\n\t\t\t\t\t<h2 class=\"elementor-heading-title elementor-size-default\">4. Preparaci\u00f3n de muestras en botellas de vidrio<\/h2>\t\t\t\t<\/div>\n\t\t\t\t<\/div>\n\t\t\t\t<div class=\"elementor-element elementor-element-df02627 elementor-widget elementor-widget-text-editor\" data-id=\"df02627\" data-element_type=\"widget\" data-e-type=\"widget\" data-widget_type=\"text-editor.default\">\n\t\t\t\t<div class=\"elementor-widget-container\">\n\t\t\t\t\t\t\t\t\t<p>La configuraci\u00f3n de las muestras antes de la producci\u00f3n en masa es el mejor m\u00e9todo de prueba. En este proceso, los clientes obtendr\u00e1n 5-10 muestras f\u00edsicas para pruebas de llenado, pruebas de tapa y envasado comercial para obtener una sensaci\u00f3n real, sino tambi\u00e9n los m\u00e1s peque\u00f1os Maneras de corregir el dise\u00f1o.<\/p>\t\t\t\t\t\t\t\t<\/div>\n\t\t\t\t<\/div>\n\t\t\t\t\t<\/div>\n\t\t<\/div>\n\t\t\t\t\t<\/div>\n\t\t<\/section>\n\t\t\t\t<section class=\"elementor-section elementor-top-section elementor-element elementor-element-70bc5c2 elementor-section-boxed elementor-section-height-default elementor-section-height-default\" data-id=\"70bc5c2\" data-element_type=\"section\" data-e-type=\"section\">\n\t\t\t\t\t\t<div class=\"elementor-container elementor-column-gap-default\">\n\t\t\t\t\t<div class=\"elementor-column elementor-col-50 elementor-top-column elementor-element elementor-element-a912e0c\" data-id=\"a912e0c\" data-element_type=\"column\" data-e-type=\"column\">\n\t\t\t<div class=\"elementor-widget-wrap elementor-element-populated\">\n\t\t\t\t\t\t<div class=\"elementor-element elementor-element-57685d1 elementor-widget elementor-widget-heading\" data-id=\"57685d1\" data-element_type=\"widget\" data-e-type=\"widget\" id=\"5\" data-widget_type=\"heading.default\">\n\t\t\t\t<div class=\"elementor-widget-container\">\n\t\t\t\t\t<h2 class=\"elementor-heading-title elementor-size-default\">5. Fabricaci\u00f3n y envasado de botellas de vidrio a medida<\/h2>\t\t\t\t<\/div>\n\t\t\t\t<\/div>\n\t\t\t\t<div class=\"elementor-element elementor-element-e2a9d83 elementor-widget elementor-widget-text-editor\" data-id=\"e2a9d83\" data-element_type=\"widget\" data-e-type=\"widget\" data-widget_type=\"text-editor.default\">\n\t\t\t\t<div class=\"elementor-widget-container\">\n\t\t\t\t\t\t\t\t\t<p>En&nbsp;<a href=\"https:\/\/www.maidaoglass.com\/es\/fabricacion-de-botellas-de-vidrio\/\" target=\"_blank\">Fabricaci\u00f3n de botellas de vidrio<\/a>&nbsp;comienza introduciendo la materia prima tratada en el horno. Cuando la mezcla se funde, se introduce en los moldes. Para formar las botellas se utiliza el m\u00e9todo de \"soplado y soplado\" o \"prensado y soplado\".<\/p>\t\t\t\t\t\t\t\t<\/div>\n\t\t\t\t<\/div>\n\t\t\t\t\t<\/div>\n\t\t<\/div>\n\t\t\t\t<div class=\"elementor-column elementor-col-50 elementor-top-column elementor-element elementor-element-a6e50c2\" data-id=\"a6e50c2\" data-element_type=\"column\" data-e-type=\"column\">\n\t\t\t<div class=\"elementor-widget-wrap elementor-element-populated\">\n\t\t\t\t\t\t<div class=\"elementor-element elementor-element-038b1a8 elementor-widget elementor-widget-image\" data-id=\"038b1a8\" data-element_type=\"widget\" data-e-type=\"widget\" data-widget_type=\"image.default\">\n\t\t\t\t<div class=\"elementor-widget-container\">\n\t\t\t\t\t\t\t\t\t\t\t\t\t\t\t<img loading=\"lazy\" decoding=\"async\" width=\"800\" height=\"533\" src=\"https:\/\/www.maidaoglass.com\/wp-content\/uploads\/2021\/03\/glass-bottle-production.jpg\" class=\"attachment-large size-large wp-image-1128\" alt=\"producci\u00f3n de botellas de vidrio\" srcset=\"https:\/\/www.maidaoglass.com\/wp-content\/uploads\/2021\/03\/glass-bottle-production.jpg 804w, https:\/\/www.maidaoglass.com\/wp-content\/uploads\/2021\/03\/glass-bottle-production-300x200.jpg 300w, https:\/\/www.maidaoglass.com\/wp-content\/uploads\/2021\/03\/glass-bottle-production-768x512.jpg 768w, https:\/\/www.maidaoglass.com\/wp-content\/uploads\/2021\/03\/glass-bottle-production-600x400.jpg 600w\" sizes=\"(max-width: 800px) 100vw, 800px\" \/>\t\t\t\t\t\t\t\t\t\t\t\t\t\t\t<\/div>\n\t\t\t\t<\/div>\n\t\t\t\t\t<\/div>\n\t\t<\/div>\n\t\t\t\t\t<\/div>\n\t\t<\/section>\n\t\t\t\t<\/div>","protected":false},"excerpt":{"rendered":"<p>1. Understand your custom glass bottle design We have more than 20 years of design and customization experience. Whether it is a sketch, technical drawing or 3D drawing, we can accurately understand your design and provide suggestions, reduce costs, communicate quickly and efficiently, and reduce customer time costs. 2. Custom Glass Bottle Drawing We will [&hellip;]<\/p>\n","protected":false},"author":1,"featured_media":0,"parent":0,"menu_order":0,"comment_status":"closed","ping_status":"closed","template":"","meta":{"_seopress_robots_primary_cat":"","_seopress_titles_title":"Custom glass bottle design, Custom glass bottles manufacturers - Maidao Glass","_seopress_titles_desc":"Custom glass bottle design can highlight your brand. Now Start your Custom made glass bottle design today! Custom glass bottle manufacturers in China.","_seopress_robots_index":"","footnotes":""},"class_list":["post-1080","page","type-page","status-publish","hentry"],"_links":{"self":[{"href":"https:\/\/www.maidaoglass.com\/es\/wp-json\/wp\/v2\/pages\/1080","targetHints":{"allow":["GET"]}}],"collection":[{"href":"https:\/\/www.maidaoglass.com\/es\/wp-json\/wp\/v2\/pages"}],"about":[{"href":"https:\/\/www.maidaoglass.com\/es\/wp-json\/wp\/v2\/types\/page"}],"author":[{"embeddable":true,"href":"https:\/\/www.maidaoglass.com\/es\/wp-json\/wp\/v2\/users\/1"}],"replies":[{"embeddable":true,"href":"https:\/\/www.maidaoglass.com\/es\/wp-json\/wp\/v2\/comments?post=1080"}],"version-history":[{"count":10,"href":"https:\/\/www.maidaoglass.com\/es\/wp-json\/wp\/v2\/pages\/1080\/revisions"}],"predecessor-version":[{"id":5425,"href":"https:\/\/www.maidaoglass.com\/es\/wp-json\/wp\/v2\/pages\/1080\/revisions\/5425"}],"wp:attachment":[{"href":"https:\/\/www.maidaoglass.com\/es\/wp-json\/wp\/v2\/media?parent=1080"}],"curies":[{"name":"wp","href":"https:\/\/api.w.org\/{rel}","templated":true}]}}