{"id":1245,"date":"2021-03-26T03:06:10","date_gmt":"2021-03-26T03:06:10","guid":{"rendered":"https:\/\/www.maidaoglass.com\/?page_id=1245"},"modified":"2021-03-26T03:15:52","modified_gmt":"2021-03-26T03:15:52","slug":"por-que-maidaoglass","status":"publish","type":"page","link":"https:\/\/www.maidaoglass.com\/es\/por-que-maidaoglass\/","title":{"rendered":"Por qu\u00e9 Maidao Glass"},"content":{"rendered":"<div data-elementor-type=\"wp-page\" data-elementor-id=\"1245\" class=\"elementor elementor-1245\" data-elementor-post-type=\"page\">\n\t\t\t\t\t\t<section class=\"elementor-section elementor-top-section elementor-element elementor-element-7d0026bf elementor-section-full_width elementor-section-height-min-height elementor-section-height-default elementor-section-items-middle\" data-id=\"7d0026bf\" data-element_type=\"section\" data-e-type=\"section\" data-settings=\"{&quot;background_background&quot;:&quot;classic&quot;}\">\n\t\t\t\t\t\t<div class=\"elementor-container elementor-column-gap-default\">\n\t\t\t\t\t<div class=\"elementor-column elementor-col-100 elementor-top-column elementor-element elementor-element-18f8a682\" data-id=\"18f8a682\" data-element_type=\"column\" data-e-type=\"column\">\n\t\t\t<div class=\"elementor-widget-wrap elementor-element-populated\">\n\t\t\t\t\t\t<div class=\"elementor-element elementor-element-48b06ed9 elementor-widget elementor-widget-heading\" data-id=\"48b06ed9\" data-element_type=\"widget\" data-e-type=\"widget\" data-widget_type=\"heading.default\">\n\t\t\t\t<div class=\"elementor-widget-container\">\n\t\t\t\t\t<h2 class=\"elementor-heading-title elementor-size-default\">Un socio fiable para los envases de vidrio<\/h2>\t\t\t\t<\/div>\n\t\t\t\t<\/div>\n\t\t\t\t<div class=\"elementor-element elementor-element-2cabaa33 elementor-widget elementor-widget-woocommerce-breadcrumb\" data-id=\"2cabaa33\" data-element_type=\"widget\" data-e-type=\"widget\" data-widget_type=\"woocommerce-breadcrumb.default\">\n\t\t\t\t<div class=\"elementor-widget-container\">\n\t\t\t\t\t<nav class=\"woocommerce-breadcrumb\" aria-label=\"Breadcrumb\" data-no-translation=\"\" data-trp-gettext=\"\">Inicio<\/nav>\t\t\t\t<\/div>\n\t\t\t\t<\/div>\n\t\t\t\t\t<\/div>\n\t\t<\/div>\n\t\t\t\t\t<\/div>\n\t\t<\/section>\n\t\t\t\t<section class=\"elementor-section elementor-top-section elementor-element elementor-element-0795673 elementor-section-boxed elementor-section-height-default elementor-section-height-default\" data-id=\"0795673\" data-element_type=\"section\" data-e-type=\"section\">\n\t\t\t\t\t\t<div class=\"elementor-container elementor-column-gap-default\">\n\t\t\t\t\t<div class=\"elementor-column elementor-col-50 elementor-top-column elementor-element elementor-element-9c19704\" data-id=\"9c19704\" data-element_type=\"column\" data-e-type=\"column\">\n\t\t\t<div class=\"elementor-widget-wrap elementor-element-populated\">\n\t\t\t\t\t\t<div class=\"elementor-element elementor-element-61b5a4d elementor-widget elementor-widget-heading\" data-id=\"61b5a4d\" data-element_type=\"widget\" data-e-type=\"widget\" data-widget_type=\"heading.default\">\n\t\t\t\t<div class=\"elementor-widget-container\">\n\t\t\t\t\t<h2 class=\"elementor-heading-title elementor-size-default\"><a href=\"https:\/\/www.maidaoglass.com\/es\/visita-a-la-fabrica\/\">Visite Maidao Glass<\/a><\/h2>\t\t\t\t<\/div>\n\t\t\t\t<\/div>\n\t\t\t\t<div class=\"elementor-element elementor-element-d3e2585 elementor-widget elementor-widget-text-editor\" data-id=\"d3e2585\" data-element_type=\"widget\" data-e-type=\"widget\" data-widget_type=\"text-editor.default\">\n\t\t\t\t<div class=\"elementor-widget-container\">\n\t\t\t\t\t\t\t\t\t<p>Maidao Glass, somos fabricantes de botellas de vidrio en China.<\/p><p>Encantado de comprobar nuestra f\u00e1brica, desde que controlamos el material orignial estrictamente, a continuaci\u00f3n, se funden a l\u00edquido de vidrio, a trav\u00e9s de la m\u00e1quina de auto a caer de vidrio para moldear, a continuaci\u00f3n, en forma de cristaler\u00eda de buena calidad, que supervisar y comprobar cada detalle, entonces podemos confirmar productos de calidad estable.<\/p>\t\t\t\t\t\t\t\t<\/div>\n\t\t\t\t<\/div>\n\t\t\t\t\t<\/div>\n\t\t<\/div>\n\t\t\t\t<div class=\"elementor-column elementor-col-50 elementor-top-column elementor-element elementor-element-96d24a1\" data-id=\"96d24a1\" data-element_type=\"column\" data-e-type=\"column\">\n\t\t\t<div class=\"elementor-widget-wrap elementor-element-populated\">\n\t\t\t\t\t\t<div class=\"elementor-element elementor-element-9e38eb2 elementor-widget elementor-widget-image\" data-id=\"9e38eb2\" data-element_type=\"widget\" data-e-type=\"widget\" data-widget_type=\"image.default\">\n\t\t\t\t<div class=\"elementor-widget-container\">\n\t\t\t\t\t\t\t\t\t\t\t\t\t\t\t\t<a href=\"https:\/\/www.maidaoglass.com\/es\/visita-a-la-fabrica\/\">\n\t\t\t\t\t\t\t<img fetchpriority=\"high\" decoding=\"async\" width=\"800\" height=\"448\" src=\"https:\/\/www.maidaoglass.com\/wp-content\/uploads\/2021\/03\/gobs-1-1024x574.jpg\" class=\"attachment-large size-large wp-image-1100\" alt=\"\" srcset=\"https:\/\/www.maidaoglass.com\/wp-content\/uploads\/2021\/03\/gobs-1-1024x574.jpg 1024w, https:\/\/www.maidaoglass.com\/wp-content\/uploads\/2021\/03\/gobs-1-300x168.jpg 300w, https:\/\/www.maidaoglass.com\/wp-content\/uploads\/2021\/03\/gobs-1-768x431.jpg 768w, https:\/\/www.maidaoglass.com\/wp-content\/uploads\/2021\/03\/gobs-1-600x336.jpg 600w, https:\/\/www.maidaoglass.com\/wp-content\/uploads\/2021\/03\/gobs-1.jpg 1496w\" sizes=\"(max-width: 800px) 100vw, 800px\" \/>\t\t\t\t\t\t\t\t<\/a>\n\t\t\t\t\t\t\t\t\t\t\t\t\t\t\t<\/div>\n\t\t\t\t<\/div>\n\t\t\t\t\t<\/div>\n\t\t<\/div>\n\t\t\t\t\t<\/div>\n\t\t<\/section>\n\t\t\t\t<section class=\"elementor-section elementor-top-section elementor-element elementor-element-a643ddb elementor-section-boxed elementor-section-height-default elementor-section-height-default\" data-id=\"a643ddb\" data-element_type=\"section\" data-e-type=\"section\">\n\t\t\t\t\t\t<div class=\"elementor-container elementor-column-gap-default\">\n\t\t\t\t\t<div class=\"elementor-column elementor-col-50 elementor-top-column elementor-element elementor-element-112b15f\" data-id=\"112b15f\" data-element_type=\"column\" data-e-type=\"column\">\n\t\t\t<div class=\"elementor-widget-wrap elementor-element-populated\">\n\t\t\t\t\t\t<div class=\"elementor-element elementor-element-f43ecf2 elementor-widget elementor-widget-image\" data-id=\"f43ecf2\" data-element_type=\"widget\" data-e-type=\"widget\" data-widget_type=\"image.default\">\n\t\t\t\t<div class=\"elementor-widget-container\">\n\t\t\t\t\t\t\t\t\t\t\t\t\t\t\t\t<a href=\"https:\/\/www.maidaoglass.com\/es\/trendslab\/\">\n\t\t\t\t\t\t\t<img decoding=\"async\" width=\"800\" height=\"534\" src=\"https:\/\/www.maidaoglass.com\/wp-content\/uploads\/2021\/03\/easy-affordable-1024x683.jpg\" class=\"attachment-large size-large wp-image-1189\" alt=\"\" srcset=\"https:\/\/www.maidaoglass.com\/wp-content\/uploads\/2021\/03\/easy-affordable-1024x683.jpg 1024w, https:\/\/www.maidaoglass.com\/wp-content\/uploads\/2021\/03\/easy-affordable-300x200.jpg 300w, https:\/\/www.maidaoglass.com\/wp-content\/uploads\/2021\/03\/easy-affordable-768x512.jpg 768w, https:\/\/www.maidaoglass.com\/wp-content\/uploads\/2021\/03\/easy-affordable-600x400.jpg 600w, https:\/\/www.maidaoglass.com\/wp-content\/uploads\/2021\/03\/easy-affordable.jpg 1313w\" sizes=\"(max-width: 800px) 100vw, 800px\" \/>\t\t\t\t\t\t\t\t<\/a>\n\t\t\t\t\t\t\t\t\t\t\t\t\t\t\t<\/div>\n\t\t\t\t<\/div>\n\t\t\t\t\t<\/div>\n\t\t<\/div>\n\t\t\t\t<div class=\"elementor-column elementor-col-50 elementor-top-column elementor-element elementor-element-3d661d0\" data-id=\"3d661d0\" data-element_type=\"column\" data-e-type=\"column\">\n\t\t\t<div class=\"elementor-widget-wrap elementor-element-populated\">\n\t\t\t\t\t\t<div class=\"elementor-element elementor-element-9d64640 elementor-widget elementor-widget-heading\" data-id=\"9d64640\" data-element_type=\"widget\" data-e-type=\"widget\" data-widget_type=\"heading.default\">\n\t\t\t\t<div class=\"elementor-widget-container\">\n\t\t\t\t\t<h2 class=\"elementor-heading-title elementor-size-default\"><a href=\"https:\/\/www.maidaoglass.com\/es\/trendslab\/\">TENDENCIAS DEL MERCADO<\/a><\/h2>\t\t\t\t<\/div>\n\t\t\t\t<\/div>\n\t\t\t\t<div class=\"elementor-element elementor-element-779ba7a elementor-widget elementor-widget-text-editor\" data-id=\"779ba7a\" data-element_type=\"widget\" data-e-type=\"widget\" data-widget_type=\"text-editor.default\">\n\t\t\t\t<div class=\"elementor-widget-container\">\n\t\t\t\t\t\t\t\t\t<p>Sum\u00e9rjase en las tendencias del mercado y d\u00e9jese inspirar por las opiniones de los consumidores para cristalizar su idea de producto. D\u00e9 forma a su experiencia de marca definiendo el papel que puede desempe\u00f1ar el envase para destacar en el lineal, deleitar al consumidor o ofrecer una funcionalidad pr\u00e1ctica.<\/p>\t\t\t\t\t\t\t\t<\/div>\n\t\t\t\t<\/div>\n\t\t\t\t\t<\/div>\n\t\t<\/div>\n\t\t\t\t\t<\/div>\n\t\t<\/section>\n\t\t\t\t<section class=\"elementor-section elementor-top-section elementor-element elementor-element-c83ebef elementor-section-boxed elementor-section-height-default elementor-section-height-default\" data-id=\"c83ebef\" data-element_type=\"section\" data-e-type=\"section\">\n\t\t\t\t\t\t<div class=\"elementor-container elementor-column-gap-default\">\n\t\t\t\t\t<div class=\"elementor-column elementor-col-50 elementor-top-column elementor-element elementor-element-960af88\" data-id=\"960af88\" data-element_type=\"column\" data-e-type=\"column\">\n\t\t\t<div class=\"elementor-widget-wrap elementor-element-populated\">\n\t\t\t\t\t\t<div class=\"elementor-element elementor-element-3f5bfcc elementor-widget elementor-widget-heading\" data-id=\"3f5bfcc\" data-element_type=\"widget\" data-e-type=\"widget\" data-widget_type=\"heading.default\">\n\t\t\t\t<div class=\"elementor-widget-container\">\n\t\t\t\t\t<h2 class=\"elementor-heading-title elementor-size-default\"><a href=\"https:\/\/www.maidaoglass.com\/es\/sostenibilidad\/\">Sostenibilidad<\/a><\/h2>\t\t\t\t<\/div>\n\t\t\t\t<\/div>\n\t\t\t\t<div class=\"elementor-element elementor-element-6a90418 elementor-widget elementor-widget-text-editor\" data-id=\"6a90418\" data-element_type=\"widget\" data-e-type=\"widget\" data-widget_type=\"text-editor.default\">\n\t\t\t\t<div class=\"elementor-widget-container\">\n\t\t\t\t\t\t\t\t\t<p>El ciclo de vida del vidrio -desde las materias primas naturales hasta la fabricaci\u00f3n, pasando por el reciclado en circuito cerrado- marca la pauta medioambiental de los envases. El vidrio es infinitamente reciclable, se fabrica con ingredientes naturales y tiene un historial de seguridad de 400 a\u00f1os.<\/p>\t\t\t\t\t\t\t\t<\/div>\n\t\t\t\t<\/div>\n\t\t\t\t\t<\/div>\n\t\t<\/div>\n\t\t\t\t<div class=\"elementor-column elementor-col-50 elementor-top-column elementor-element elementor-element-a615f5e\" data-id=\"a615f5e\" data-element_type=\"column\" data-e-type=\"column\">\n\t\t\t<div class=\"elementor-widget-wrap elementor-element-populated\">\n\t\t\t\t\t\t<div class=\"elementor-element elementor-element-630c9d5 elementor-widget elementor-widget-image\" data-id=\"630c9d5\" data-element_type=\"widget\" data-e-type=\"widget\" data-widget_type=\"image.default\">\n\t\t\t\t<div class=\"elementor-widget-container\">\n\t\t\t\t\t\t\t\t\t\t\t\t\t\t\t\t<a href=\"https:\/\/www.maidaoglass.com\/es\/sostenibilidad\/\">\n\t\t\t\t\t\t\t<img decoding=\"async\" width=\"800\" height=\"640\" src=\"https:\/\/www.maidaoglass.com\/wp-content\/uploads\/2021\/03\/Market-trends-O-I.jpg\" class=\"attachment-large size-large wp-image-1188\" alt=\"\" srcset=\"https:\/\/www.maidaoglass.com\/wp-content\/uploads\/2021\/03\/Market-trends-O-I.jpg 1024w, https:\/\/www.maidaoglass.com\/wp-content\/uploads\/2021\/03\/Market-trends-O-I-300x240.jpg 300w, https:\/\/www.maidaoglass.com\/wp-content\/uploads\/2021\/03\/Market-trends-O-I-768x614.jpg 768w, https:\/\/www.maidaoglass.com\/wp-content\/uploads\/2021\/03\/Market-trends-O-I-600x480.jpg 600w\" sizes=\"(max-width: 800px) 100vw, 800px\" \/>\t\t\t\t\t\t\t\t<\/a>\n\t\t\t\t\t\t\t\t\t\t\t\t\t\t\t<\/div>\n\t\t\t\t<\/div>\n\t\t\t\t\t<\/div>\n\t\t<\/div>\n\t\t\t\t\t<\/div>\n\t\t<\/section>\n\t\t\t\t<\/div>","protected":false},"excerpt":{"rendered":"<p>Reliable glass packaging partner Visit Maidao Glass Maidao Glass, we are China glass bottle Manufacturer. Glad to check our factory, from we control orignial material strictly, then melt to glass liquid, via auto machine to drop glass to mold, then shaped to good quality glassware, we monitor and check each details, then we can confirm [&hellip;]<\/p>\n","protected":false},"author":1,"featured_media":0,"parent":0,"menu_order":0,"comment_status":"closed","ping_status":"closed","template":"","meta":{"_seopress_robots_primary_cat":"","_seopress_titles_title":"","_seopress_titles_desc":"","_seopress_robots_index":"","footnotes":""},"class_list":["post-1245","page","type-page","status-publish","hentry"],"_links":{"self":[{"href":"https:\/\/www.maidaoglass.com\/es\/wp-json\/wp\/v2\/pages\/1245","targetHints":{"allow":["GET"]}}],"collection":[{"href":"https:\/\/www.maidaoglass.com\/es\/wp-json\/wp\/v2\/pages"}],"about":[{"href":"https:\/\/www.maidaoglass.com\/es\/wp-json\/wp\/v2\/types\/page"}],"author":[{"embeddable":true,"href":"https:\/\/www.maidaoglass.com\/es\/wp-json\/wp\/v2\/users\/1"}],"replies":[{"embeddable":true,"href":"https:\/\/www.maidaoglass.com\/es\/wp-json\/wp\/v2\/comments?post=1245"}],"version-history":[{"count":0,"href":"https:\/\/www.maidaoglass.com\/es\/wp-json\/wp\/v2\/pages\/1245\/revisions"}],"wp:attachment":[{"href":"https:\/\/www.maidaoglass.com\/es\/wp-json\/wp\/v2\/media?parent=1245"}],"curies":[{"name":"wp","href":"https:\/\/api.w.org\/{rel}","templated":true}]}}