{"id":2,"date":"2021-02-18T10:05:57","date_gmt":"2021-02-18T10:05:57","guid":{"rendered":"https:\/\/www.maidaoglass.com\/?page_id=2"},"modified":"2021-03-26T05:58:09","modified_gmt":"2021-03-26T05:58:09","slug":"muestras-gratuitas","status":"publish","type":"page","link":"https:\/\/www.maidaoglass.com\/es\/muestras-gratuitas\/","title":{"rendered":"Muestras gratuitas"},"content":{"rendered":"<div data-elementor-type=\"wp-page\" data-elementor-id=\"2\" class=\"elementor elementor-2\" data-elementor-post-type=\"page\">\n\t\t\t\t\t\t<section class=\"elementor-section elementor-top-section elementor-element elementor-element-7dc19af elementor-section-full_width elementor-section-height-min-height elementor-section-height-default elementor-section-items-middle\" data-id=\"7dc19af\" data-element_type=\"section\" data-e-type=\"section\" data-settings=\"{&quot;background_background&quot;:&quot;classic&quot;}\">\n\t\t\t\t\t\t<div class=\"elementor-container elementor-column-gap-default\">\n\t\t\t\t\t<div class=\"elementor-column elementor-col-100 elementor-top-column elementor-element elementor-element-0f6e3cd\" data-id=\"0f6e3cd\" data-element_type=\"column\" data-e-type=\"column\">\n\t\t\t<div class=\"elementor-widget-wrap elementor-element-populated\">\n\t\t\t\t\t\t<div class=\"elementor-element elementor-element-4fc6527 elementor-widget elementor-widget-heading\" data-id=\"4fc6527\" data-element_type=\"widget\" data-e-type=\"widget\" data-widget_type=\"heading.default\">\n\t\t\t\t<div class=\"elementor-widget-container\">\n\t\t\t\t\t<h2 class=\"elementor-heading-title elementor-size-default\">C\u00f3mo conseguir muestras gratuitas\n<\/h2>\t\t\t\t<\/div>\n\t\t\t\t<\/div>\n\t\t\t\t<div class=\"elementor-element elementor-element-c740a4b elementor-widget elementor-widget-woocommerce-breadcrumb\" data-id=\"c740a4b\" data-element_type=\"widget\" data-e-type=\"widget\" data-widget_type=\"woocommerce-breadcrumb.default\">\n\t\t\t\t<div class=\"elementor-widget-container\">\n\t\t\t\t\t<nav class=\"woocommerce-breadcrumb\" aria-label=\"Breadcrumb\" data-no-translation=\"\" data-trp-gettext=\"\">Inicio<\/nav>\t\t\t\t<\/div>\n\t\t\t\t<\/div>\n\t\t\t\t\t<\/div>\n\t\t<\/div>\n\t\t\t\t\t<\/div>\n\t\t<\/section>\n\t\t\t\t<section class=\"elementor-section elementor-top-section elementor-element elementor-element-4ced4862 elementor-section-boxed elementor-section-height-default elementor-section-height-default\" data-id=\"4ced4862\" data-element_type=\"section\" data-e-type=\"section\">\n\t\t\t\t\t\t<div class=\"elementor-container elementor-column-gap-default\">\n\t\t\t\t\t<div class=\"elementor-column elementor-col-100 elementor-top-column elementor-element elementor-element-1a7c4647\" data-id=\"1a7c4647\" data-element_type=\"column\" data-e-type=\"column\">\n\t\t\t<div class=\"elementor-widget-wrap elementor-element-populated\">\n\t\t\t\t\t\t<div class=\"elementor-element elementor-element-1e02b70c elementor-widget elementor-widget-text-editor\" data-id=\"1e02b70c\" data-element_type=\"widget\" data-e-type=\"widget\" data-widget_type=\"text-editor.default\">\n\t\t\t\t<div class=\"elementor-widget-container\">\n\t\t\t\t\t\t\t\t\t<p><strong>Obtenci\u00f3n de muestras gratuitas de Maidao Glass<\/strong><\/p>\n<div class=\"elementor-element elementor-element-c6891bb elementor-widget elementor-widget-heading\" data-id=\"c6891bb\" data-element_type=\"widget\" data-widget_type=\"heading.default\">\n<div class=\"elementor-widget-container\">\n<p>Para garantizar un env\u00edo de muestras r\u00e1pido, fiable y rentable, ofrecemos un servicio log\u00edstico completo.<br>Nuestro equipo de log\u00edstica trabaja directamente con FedEx y DHL, organizando la ruta m\u00e1s rentable y r\u00e1pida hasta su puerta. Ambas empresas de mensajer\u00eda llegan diariamente a nuestra oficina para recoger y entregar los paquetes.<br>Maidao Glass suele ofrecer a los clientes 2-3pcs muestras gratuitas, y el cliente estar\u00e1 a cargo de la tarifa de mensajer\u00eda, cuando usted tiene la cuenta Express por favor env\u00ede el n\u00famero de cuenta a nosotros, si no por favor.&nbsp;<a href=\"https:\/\/www.maidaoglass.com\/es\/pongase-en-contacto-con\/\" target=\"_blank\">Contacto&nbsp;<\/a>comprobaci\u00f3n si\u00e9ntase libre.<\/p>\n<p><\/p>\n<p><strong>Env\u00edo de paquetes<\/strong><\/p>\n<p>Es de vital importancia saber c\u00f3mo enviar paquetes (muestras o accesorios) <b>NO NOS ENV\u00cdE POR EMS<\/b>. Si desea evitar los elevados impuestos de importaci\u00f3n, p\u00f3ngase SIEMPRE en contacto con nosotros antes de la compra o el env\u00edo de la mercanc\u00eda.<\/p>\n<p>Le pedimos que nos env\u00ede una lista de empaquetado antes de enviar cualquier tipo de mercanc\u00eda.<\/p>\n<p><strong>Mensajer\u00eda preferida - DHL<\/strong><br>Todos los transportistas exigen que rellene una lista de empaquetado (formulario de declaraci\u00f3n de mercanc\u00edas).<br>Marque su mercanc\u00eda como \"SIN VALOR COMERCIAL - S\u00d3LO MUESTRAS\"<br>Debe haber una casilla que diga \"servicio puerta a puerta\" o \"firma en la entrega\". Aseg\u00farate de que est\u00e1 marcada.<\/p>\n<p><strong>Notas<\/strong><\/p>\n<p>NUNCA utilice EMS, ni ning\u00fan servicio postal, ya que tardan hasta dos meses en llegar.<br>No nos hacemos responsables de los impuestos locales a pagar y nos pondremos en contacto con usted antes del pago.<br>Le aconsejamos que compruebe<br>*Las tasas de importaci\u00f3n var\u00edan de un pa\u00eds a otro. Consulte con su oficina local de DHL o FedEx las tasas que se aplicar\u00e1n a la importaci\u00f3n.<br>*Aseg\u00farese de que su direcci\u00f3n, c\u00f3digo postal y n\u00famero de tel\u00e9fono m\u00f3vil son correctos y est\u00e1n activos.<br>*La empresa de mensajer\u00eda te llamar\u00e1 en cuanto llegue la mercanc\u00eda. Si el servicio de mensajer\u00eda intenta realizar la entrega m\u00e1s de una vez y usted no est\u00e1 en casa, el pedido se devolver\u00e1 a China. Esto puede ser costoso y no se puede revertir.<\/p>\n<p>Si tiene alguna duda sobre el env\u00edo o la entrega, p\u00f3ngase en contacto con nosotros.<\/p>\n<p><strong>Siga sus entregas aqu\u00ed: -<\/strong><br>DHL - https:\/\/www.dhl.com\/en\/express\/tracking.html<br>FedEX - https:\/\/www.fedex.com\/apps\/fedextrack\/?action=track<\/p>\n<\/div>\n<\/div>\n<div class=\"elementor-element elementor-element-9e2e0d3 elementor-widget elementor-widget-text-editor\" data-id=\"9e2e0d3\" data-element_type=\"widget\" data-widget_type=\"text-editor.default\">\n<div class=\"elementor-widget-container\">\n<div class=\"elementor-text-editor elementor-clearfix\">&nbsp;<\/div>\n<\/div>\n<\/div>\n<p><\/p>\t\t\t\t\t\t\t\t<\/div>\n\t\t\t\t<\/div>\n\t\t\t\t\t<\/div>\n\t\t<\/div>\n\t\t\t\t\t<\/div>\n\t\t<\/section>\n\t\t\t\t<\/div>","protected":false},"excerpt":{"rendered":"<p>How To Getting Free Samples Getting Free Samples from Maidao Glass To ensure fast reliable and cost-effective sending samples, we offer a complete logistical service.Our logistics team works directly with FedEx &amp; DHL, arranging the best cost-effective &amp; fastest route to your door. Both couriers arrive daily to our office, picking &amp; dropping off packagesMaidao [&hellip;]<\/p>\n","protected":false},"author":1,"featured_media":0,"parent":0,"menu_order":0,"comment_status":"closed","ping_status":"closed","template":"","meta":{"_seopress_robots_primary_cat":"","_seopress_titles_title":"","_seopress_titles_desc":"","_seopress_robots_index":"","footnotes":""},"class_list":["post-2","page","type-page","status-publish","hentry"],"_links":{"self":[{"href":"https:\/\/www.maidaoglass.com\/es\/wp-json\/wp\/v2\/pages\/2","targetHints":{"allow":["GET"]}}],"collection":[{"href":"https:\/\/www.maidaoglass.com\/es\/wp-json\/wp\/v2\/pages"}],"about":[{"href":"https:\/\/www.maidaoglass.com\/es\/wp-json\/wp\/v2\/types\/page"}],"author":[{"embeddable":true,"href":"https:\/\/www.maidaoglass.com\/es\/wp-json\/wp\/v2\/users\/1"}],"replies":[{"embeddable":true,"href":"https:\/\/www.maidaoglass.com\/es\/wp-json\/wp\/v2\/comments?post=2"}],"version-history":[{"count":0,"href":"https:\/\/www.maidaoglass.com\/es\/wp-json\/wp\/v2\/pages\/2\/revisions"}],"wp:attachment":[{"href":"https:\/\/www.maidaoglass.com\/es\/wp-json\/wp\/v2\/media?parent=2"}],"curies":[{"name":"wp","href":"https:\/\/api.w.org\/{rel}","templated":true}]}}