{"id":841,"date":"2021-03-01T11:44:54","date_gmt":"2021-03-01T11:44:54","guid":{"rendered":"https:\/\/www.maidaoglass.com\/?page_id=841"},"modified":"2021-12-08T06:20:24","modified_gmt":"2021-12-08T06:20:24","slug":"fabricacion-de-botellas-de-vidrio","status":"publish","type":"page","link":"https:\/\/www.maidaoglass.com\/es\/fabricacion-de-botellas-de-vidrio\/","title":{"rendered":"Fabricaci\u00f3n de botellas de vidrio"},"content":{"rendered":"<div data-elementor-type=\"wp-page\" data-elementor-id=\"841\" class=\"elementor elementor-841\" data-elementor-post-type=\"page\">\n\t\t\t\t\t\t<section class=\"elementor-section elementor-top-section elementor-element elementor-element-5d9a525b elementor-section-full_width elementor-section-height-min-height elementor-section-height-default elementor-section-items-middle\" data-id=\"5d9a525b\" data-element_type=\"section\" data-e-type=\"section\" data-settings=\"{&quot;background_background&quot;:&quot;classic&quot;}\">\n\t\t\t\t\t\t<div class=\"elementor-container elementor-column-gap-default\">\n\t\t\t\t\t<div class=\"elementor-column elementor-col-100 elementor-top-column elementor-element elementor-element-33007d6b\" data-id=\"33007d6b\" data-element_type=\"column\" data-e-type=\"column\">\n\t\t\t<div class=\"elementor-widget-wrap elementor-element-populated\">\n\t\t\t\t\t\t<div class=\"elementor-element elementor-element-57cb1665 elementor-widget elementor-widget-heading\" data-id=\"57cb1665\" data-element_type=\"widget\" data-e-type=\"widget\" data-widget_type=\"heading.default\">\n\t\t\t\t<div class=\"elementor-widget-container\">\n\t\t\t\t\t<h2 class=\"elementor-heading-title elementor-size-default\">Fabricaci\u00f3n de botellas de vidrio<\/h2>\t\t\t\t<\/div>\n\t\t\t\t<\/div>\n\t\t\t\t<div class=\"elementor-element elementor-element-8af6744 elementor-widget elementor-widget-woocommerce-breadcrumb\" data-id=\"8af6744\" data-element_type=\"widget\" data-e-type=\"widget\" data-widget_type=\"woocommerce-breadcrumb.default\">\n\t\t\t\t<div class=\"elementor-widget-container\">\n\t\t\t\t\t<nav class=\"woocommerce-breadcrumb\" aria-label=\"Breadcrumb\" data-no-translation=\"\" data-trp-gettext=\"\">Inicio<\/nav>\t\t\t\t<\/div>\n\t\t\t\t<\/div>\n\t\t\t\t\t<\/div>\n\t\t<\/div>\n\t\t\t\t\t<\/div>\n\t\t<\/section>\n\t\t\t\t<section class=\"elementor-section elementor-top-section elementor-element elementor-element-86aaa15 elementor-section-boxed elementor-section-height-default elementor-section-height-default\" data-id=\"86aaa15\" data-element_type=\"section\" data-e-type=\"section\">\n\t\t\t\t\t\t<div class=\"elementor-container elementor-column-gap-default\">\n\t\t\t\t\t<div class=\"elementor-column elementor-col-50 elementor-top-column elementor-element elementor-element-d7164cf\" data-id=\"d7164cf\" data-element_type=\"column\" data-e-type=\"column\">\n\t\t\t<div class=\"elementor-widget-wrap elementor-element-populated\">\n\t\t\t\t\t\t<div class=\"elementor-element elementor-element-9c9e698 elementor-widget elementor-widget-text-editor\" data-id=\"9c9e698\" data-element_type=\"widget\" data-e-type=\"widget\" data-widget_type=\"text-editor.default\">\n\t\t\t\t<div class=\"elementor-widget-container\">\n\t\t\t\t\t\t\t\t\t<p>Cuando un rayo golpea la arena, la naturaleza hace vidrio. Maidao Glass ha recreado la magia de la Madre Naturaleza combinando materiales naturales y calor para fabricar botellas y tarros de vidrio. Nuestra pasi\u00f3n por fabricar vidrio radica en sus infinitos beneficios, desde la salud del planeta hasta la de las familias. Nos encanta el vidrio.<\/p>\n<p>La planta de fabricaci\u00f3n de botellas de vidrio Maidao est\u00e1 equipada con excelentes t\u00e9cnicos y maquinaria de alto nivel, que pueden producir botellas de vidrio de alta calidad de manera eficiente y a bajo costo. Realizamos constantemente&nbsp;<a href=\"https:\/\/www.maidaoglass.com\/es\/control-de-calidad\/\" target=\"_blank\">control de calidad&nbsp;<\/a>en todas nuestras tiradas de producci\u00f3n propia, 24 horas\/7 d\u00edas.&nbsp;<\/p>\t\t\t\t\t\t\t\t<\/div>\n\t\t\t\t<\/div>\n\t\t\t\t\t<\/div>\n\t\t<\/div>\n\t\t\t\t<div class=\"elementor-column elementor-col-50 elementor-top-column elementor-element elementor-element-93ef518\" data-id=\"93ef518\" data-element_type=\"column\" data-e-type=\"column\">\n\t\t\t<div class=\"elementor-widget-wrap elementor-element-populated\">\n\t\t\t\t\t\t<div class=\"elementor-element elementor-element-044bdea elementor-widget elementor-widget-video\" data-id=\"044bdea\" data-element_type=\"widget\" data-e-type=\"widget\" data-settings=\"{&quot;youtube_url&quot;:&quot;https:\\\/\\\/www.youtube.com\\\/watch?v=XHOmBV4js_E&quot;,&quot;video_type&quot;:&quot;youtube&quot;,&quot;controls&quot;:&quot;yes&quot;}\" data-widget_type=\"video.default\">\n\t\t\t\t<div class=\"elementor-widget-container\">\n\t\t\t\t\t\t\t<div class=\"elementor-wrapper elementor-open-inline\">\n\t\t\t<div class=\"elementor-video\"><\/div>\t\t<\/div>\n\t\t\t\t\t\t<\/div>\n\t\t\t\t<\/div>\n\t\t\t\t\t<\/div>\n\t\t<\/div>\n\t\t\t\t\t<\/div>\n\t\t<\/section>\n\t\t\t\t<section class=\"elementor-section elementor-top-section elementor-element elementor-element-f584042 elementor-section-boxed elementor-section-height-default elementor-section-height-default\" data-id=\"f584042\" data-element_type=\"section\" data-e-type=\"section\">\n\t\t\t\t\t\t<div class=\"elementor-container elementor-column-gap-default\">\n\t\t\t\t\t<div class=\"elementor-column elementor-col-33 elementor-top-column elementor-element elementor-element-5d64546\" data-id=\"5d64546\" data-element_type=\"column\" data-e-type=\"column\">\n\t\t\t<div class=\"elementor-widget-wrap elementor-element-populated\">\n\t\t\t\t\t\t<div class=\"elementor-element elementor-element-e962dc9 elementor-widget elementor-widget-heading\" data-id=\"e962dc9\" data-element_type=\"widget\" data-e-type=\"widget\" data-widget_type=\"heading.default\">\n\t\t\t\t<div class=\"elementor-widget-container\">\n\t\t\t\t\t<h2 class=\"elementor-heading-title elementor-size-default\">5000+<\/h2>\t\t\t\t<\/div>\n\t\t\t\t<\/div>\n\t\t\t\t<div class=\"elementor-element elementor-element-c78f3e6 elementor-widget elementor-widget-text-editor\" data-id=\"c78f3e6\" data-element_type=\"widget\" data-e-type=\"widget\" data-widget_type=\"text-editor.default\">\n\t\t\t\t<div class=\"elementor-widget-container\">\n\t\t\t\t\t\t\t\t\t<p><b>\u00a0 \u00a0 \u00a0 \u00a0 \u00a0 \u00a0 \u00a0 \u00a0 \u00a0 \u00a0 \u00a0- dise\u00f1os en stock -<\/b><\/p><p>M\u00e1s estilos de inventario puede satisfacer las necesidades de elecci\u00f3n del cliente, porque el inventario, la entrega r\u00e1pida, la m\u00e1s r\u00e1pida puede ser entregado dentro de 1 d\u00eda.<\/p>\t\t\t\t\t\t\t\t<\/div>\n\t\t\t\t<\/div>\n\t\t\t\t\t<\/div>\n\t\t<\/div>\n\t\t\t\t<div class=\"elementor-column elementor-col-33 elementor-top-column elementor-element elementor-element-d999862\" data-id=\"d999862\" data-element_type=\"column\" data-e-type=\"column\">\n\t\t\t<div class=\"elementor-widget-wrap elementor-element-populated\">\n\t\t\t\t\t\t<div class=\"elementor-element elementor-element-2d73da3 elementor-widget elementor-widget-heading\" data-id=\"2d73da3\" data-element_type=\"widget\" data-e-type=\"widget\" data-widget_type=\"heading.default\">\n\t\t\t\t<div class=\"elementor-widget-container\">\n\t\t\t\t\t<h2 class=\"elementor-heading-title elementor-size-default\">350,000+<\/h2>\t\t\t\t<\/div>\n\t\t\t\t<\/div>\n\t\t\t\t<div class=\"elementor-element elementor-element-3181258 elementor-widget elementor-widget-text-editor\" data-id=\"3181258\" data-element_type=\"widget\" data-e-type=\"widget\" data-widget_type=\"text-editor.default\">\n\t\t\t\t<div class=\"elementor-widget-container\">\n\t\t\t\t\t\t\t\t\t<p><b>\u00a0 \u00a0 \u00a0 \u00a0 \u00a0 \u00a0 \u00a0 \u00a0 \u00a0 \u00a0 \u00a0- unidades por d\u00eda -<\/b><\/p><p>Los grandes hornos, los equipos m\u00e1s avanzados y los trabajadores cualificados garantizan una producci\u00f3n de alta calidad para satisfacer las necesidades del mercado internacional.<\/p>\t\t\t\t\t\t\t\t<\/div>\n\t\t\t\t<\/div>\n\t\t\t\t\t<\/div>\n\t\t<\/div>\n\t\t\t\t<div class=\"elementor-column elementor-col-33 elementor-top-column elementor-element elementor-element-9f84d87\" data-id=\"9f84d87\" data-element_type=\"column\" data-e-type=\"column\">\n\t\t\t<div class=\"elementor-widget-wrap elementor-element-populated\">\n\t\t\t\t\t\t<div class=\"elementor-element elementor-element-a629c35 elementor-widget elementor-widget-heading\" data-id=\"a629c35\" data-element_type=\"widget\" data-e-type=\"widget\" data-widget_type=\"heading.default\">\n\t\t\t\t<div class=\"elementor-widget-container\">\n\t\t\t\t\t<h2 class=\"elementor-heading-title elementor-size-default\">7+<\/h2>\t\t\t\t<\/div>\n\t\t\t\t<\/div>\n\t\t\t\t<div class=\"elementor-element elementor-element-05077a7 elementor-widget elementor-widget-text-editor\" data-id=\"05077a7\" data-element_type=\"widget\" data-e-type=\"widget\" data-widget_type=\"text-editor.default\">\n\t\t\t\t<div class=\"elementor-widget-container\">\n\t\t\t\t\t\t\t\t\t<p><b>\u00a0 \u00a0 \u00a0 \u00a0 \u00a0 \u00a0 \u00a0 \u00a0 \u00a0 \u00a0 \u00a0- l\u00edneas de producci\u00f3n -<\/b><\/p><p>Producci\u00f3n a granel, bajo coste, MOQ bajo. M\u00faltiples l\u00edneas de producci\u00f3n dan diferentes pesos para realizar la conversi\u00f3n flexible y r\u00e1pida producci\u00f3n.<\/p>\t\t\t\t\t\t\t\t<\/div>\n\t\t\t\t<\/div>\n\t\t\t\t\t<\/div>\n\t\t<\/div>\n\t\t\t\t\t<\/div>\n\t\t<\/section>\n\t\t\t\t<section class=\"elementor-section elementor-top-section elementor-element elementor-element-192f084 elementor-section-boxed elementor-section-height-default elementor-section-height-default\" data-id=\"192f084\" data-element_type=\"section\" data-e-type=\"section\">\n\t\t\t\t\t\t<div class=\"elementor-container elementor-column-gap-default\">\n\t\t\t\t\t<div class=\"elementor-column elementor-col-100 elementor-top-column elementor-element elementor-element-c18ec1e\" data-id=\"c18ec1e\" data-element_type=\"column\" data-e-type=\"column\">\n\t\t\t<div class=\"elementor-widget-wrap elementor-element-populated\">\n\t\t\t\t\t\t<div class=\"elementor-element elementor-element-8b83a0a elementor-widget elementor-widget-heading\" data-id=\"8b83a0a\" data-element_type=\"widget\" data-e-type=\"widget\" data-widget_type=\"heading.default\">\n\t\t\t\t<div class=\"elementor-widget-container\">\n\t\t\t\t\t<h2 class=\"elementor-heading-title elementor-size-default\">C\u00f3mo hacer botellas de vidrio<\/h2>\t\t\t\t<\/div>\n\t\t\t\t<\/div>\n\t\t\t\t\t<\/div>\n\t\t<\/div>\n\t\t\t\t\t<\/div>\n\t\t<\/section>\n\t\t\t\t<section class=\"elementor-section elementor-top-section elementor-element elementor-element-0ef0fc8 elementor-section-boxed elementor-section-height-default elementor-section-height-default\" data-id=\"0ef0fc8\" data-element_type=\"section\" data-e-type=\"section\">\n\t\t\t\t\t\t<div class=\"elementor-container elementor-column-gap-default\">\n\t\t\t\t\t<div class=\"elementor-column elementor-col-50 elementor-top-column elementor-element elementor-element-777bd9e\" data-id=\"777bd9e\" data-element_type=\"column\" data-e-type=\"column\">\n\t\t\t<div class=\"elementor-widget-wrap elementor-element-populated\">\n\t\t\t\t\t\t<div class=\"elementor-element elementor-element-f27b1c4 elementor-widget elementor-widget-heading\" data-id=\"f27b1c4\" data-element_type=\"widget\" data-e-type=\"widget\" data-widget_type=\"heading.default\">\n\t\t\t\t<div class=\"elementor-widget-container\">\n\t\t\t\t\t<h5 class=\"elementor-heading-title elementor-size-default\">1. C\u00f3mo hacer botellas de vidrio<\/h5>\t\t\t\t<\/div>\n\t\t\t\t<\/div>\n\t\t\t\t<div class=\"elementor-element elementor-element-d7a0ea7 elementor-widget elementor-widget-text-editor\" data-id=\"d7a0ea7\" data-element_type=\"widget\" data-e-type=\"widget\" data-widget_type=\"text-editor.default\">\n\t\t\t\t<div class=\"elementor-widget-container\">\n\t\t\t\t\t\t\t\t\t<p>Los envases de vidrio se fabrican con tres ingredientes naturales: arena de s\u00edlice, ceniza de sosa y piedra caliza.<\/p>\n<p>Los materiales se mezclan con vidrio reciclado, llamado \"cullet\".&nbsp;<\/p>\n<p>El cullet es el ingrediente principal de las botellas y envases de vidrio Maidao.&nbsp;<\/p>\n<p>Globalmente, nuestros envases de vidrio contienen una media de 20% de vidrio reciclado, hemos fabricado botellas de vidrio con hasta 30% de vidrio reciclado en China.<\/p>\n<p>Juntos, estos cuatro ingredientes -arena, carbonato s\u00f3dico, piedra caliza y vidrio reciclado- constituyen la mezcla del lote.<\/p>\t\t\t\t\t\t\t\t<\/div>\n\t\t\t\t<\/div>\n\t\t\t\t\t<\/div>\n\t\t<\/div>\n\t\t\t\t<div class=\"elementor-column elementor-col-50 elementor-top-column elementor-element elementor-element-4511b07\" data-id=\"4511b07\" data-element_type=\"column\" data-e-type=\"column\">\n\t\t\t<div class=\"elementor-widget-wrap elementor-element-populated\">\n\t\t\t\t\t\t<div class=\"elementor-element elementor-element-1cc0c65 elementor-widget elementor-widget-image\" data-id=\"1cc0c65\" data-element_type=\"widget\" data-e-type=\"widget\" data-widget_type=\"image.default\">\n\t\t\t\t<div class=\"elementor-widget-container\">\n\t\t\t\t\t\t\t\t\t\t\t\t\t\t\t<img fetchpriority=\"high\" decoding=\"async\" width=\"800\" height=\"451\" src=\"https:\/\/www.maidaoglass.com\/wp-content\/uploads\/2021\/03\/cullet-1024x577.jpg\" class=\"attachment-large size-large wp-image-1092\" alt=\"\" srcset=\"https:\/\/www.maidaoglass.com\/wp-content\/uploads\/2021\/03\/cullet-1024x577.jpg 1024w, https:\/\/www.maidaoglass.com\/wp-content\/uploads\/2021\/03\/cullet-300x169.jpg 300w, https:\/\/www.maidaoglass.com\/wp-content\/uploads\/2021\/03\/cullet-768x433.jpg 768w, https:\/\/www.maidaoglass.com\/wp-content\/uploads\/2021\/03\/cullet-600x338.jpg 600w, https:\/\/www.maidaoglass.com\/wp-content\/uploads\/2021\/03\/cullet.jpg 1488w\" sizes=\"(max-width: 800px) 100vw, 800px\" \/>\t\t\t\t\t\t\t\t\t\t\t\t\t\t\t<\/div>\n\t\t\t\t<\/div>\n\t\t\t\t\t<\/div>\n\t\t<\/div>\n\t\t\t\t\t<\/div>\n\t\t<\/section>\n\t\t\t\t<section class=\"elementor-section elementor-top-section elementor-element elementor-element-ff14ede elementor-section-boxed elementor-section-height-default elementor-section-height-default\" data-id=\"ff14ede\" data-element_type=\"section\" data-e-type=\"section\">\n\t\t\t\t\t\t<div class=\"elementor-container elementor-column-gap-default\">\n\t\t\t\t\t<div class=\"elementor-column elementor-col-50 elementor-top-column elementor-element elementor-element-f653a49\" data-id=\"f653a49\" data-element_type=\"column\" data-e-type=\"column\">\n\t\t\t<div class=\"elementor-widget-wrap elementor-element-populated\">\n\t\t\t\t\t\t<div class=\"elementor-element elementor-element-3813306 elementor-widget elementor-widget-heading\" data-id=\"3813306\" data-element_type=\"widget\" data-e-type=\"widget\" data-widget_type=\"heading.default\">\n\t\t\t\t<div class=\"elementor-widget-container\">\n\t\t\t\t\t<h5 class=\"elementor-heading-title elementor-size-default\">2. Horno<\/h5>\t\t\t\t<\/div>\n\t\t\t\t<\/div>\n\t\t\t\t<div class=\"elementor-element elementor-element-8b0c1e8 elementor-widget elementor-widget-text-editor\" data-id=\"8b0c1e8\" data-element_type=\"widget\" data-e-type=\"widget\" data-widget_type=\"text-editor.default\">\n\t\t\t\t<div class=\"elementor-widget-container\">\n\t\t\t\t\t\t\t\t\t<p>La mezcla por lotes se dirige al horno. El horno se calienta con gas y electricidad a unos 1.550 grados Celsius para crear vidrio fundido. El horno funciona 24 horas al d\u00eda, siete d\u00edas a la semana, y puede procesar varios cientos de toneladas de vidrio al d\u00eda.<\/p>\t\t\t\t\t\t\t\t<\/div>\n\t\t\t\t<\/div>\n\t\t\t\t\t<\/div>\n\t\t<\/div>\n\t\t\t\t<div class=\"elementor-column elementor-col-50 elementor-top-column elementor-element elementor-element-38f5351\" data-id=\"38f5351\" data-element_type=\"column\" data-e-type=\"column\">\n\t\t\t<div class=\"elementor-widget-wrap elementor-element-populated\">\n\t\t\t\t\t\t<div class=\"elementor-element elementor-element-a8eba03 elementor-widget elementor-widget-image\" data-id=\"a8eba03\" data-element_type=\"widget\" data-e-type=\"widget\" data-widget_type=\"image.default\">\n\t\t\t\t<div class=\"elementor-widget-container\">\n\t\t\t\t\t\t\t\t\t\t\t\t\t\t\t<img decoding=\"async\" width=\"800\" height=\"418\" src=\"https:\/\/www.maidaoglass.com\/wp-content\/uploads\/2021\/03\/furnace-checks-1024x535.jpg\" class=\"attachment-large size-large wp-image-1098\" alt=\"\" srcset=\"https:\/\/www.maidaoglass.com\/wp-content\/uploads\/2021\/03\/furnace-checks-1024x535.jpg 1024w, https:\/\/www.maidaoglass.com\/wp-content\/uploads\/2021\/03\/furnace-checks-300x157.jpg 300w, https:\/\/www.maidaoglass.com\/wp-content\/uploads\/2021\/03\/furnace-checks-768x401.jpg 768w, https:\/\/www.maidaoglass.com\/wp-content\/uploads\/2021\/03\/furnace-checks-1536x803.jpg 1536w, https:\/\/www.maidaoglass.com\/wp-content\/uploads\/2021\/03\/furnace-checks-600x314.jpg 600w, https:\/\/www.maidaoglass.com\/wp-content\/uploads\/2021\/03\/furnace-checks.jpg 1605w\" sizes=\"(max-width: 800px) 100vw, 800px\" \/>\t\t\t\t\t\t\t\t\t\t\t\t\t\t\t<\/div>\n\t\t\t\t<\/div>\n\t\t\t\t\t<\/div>\n\t\t<\/div>\n\t\t\t\t\t<\/div>\n\t\t<\/section>\n\t\t\t\t<section class=\"elementor-section elementor-top-section elementor-element elementor-element-57e9a47 elementor-section-boxed elementor-section-height-default elementor-section-height-default\" data-id=\"57e9a47\" data-element_type=\"section\" data-e-type=\"section\">\n\t\t\t\t\t\t<div class=\"elementor-container elementor-column-gap-default\">\n\t\t\t\t\t<div class=\"elementor-column elementor-col-50 elementor-top-column elementor-element elementor-element-0b97956\" data-id=\"0b97956\" data-element_type=\"column\" data-e-type=\"column\">\n\t\t\t<div class=\"elementor-widget-wrap elementor-element-populated\">\n\t\t\t\t\t\t<div class=\"elementor-element elementor-element-0a297ea elementor-widget elementor-widget-heading\" data-id=\"0a297ea\" data-element_type=\"widget\" data-e-type=\"widget\" data-widget_type=\"heading.default\">\n\t\t\t\t<div class=\"elementor-widget-container\">\n\t\t\t\t\t<h5 class=\"elementor-heading-title elementor-size-default\">3. M\u00e1quina formadora<\/h5>\t\t\t\t<\/div>\n\t\t\t\t<\/div>\n\t\t\t\t<div class=\"elementor-element elementor-element-05fd640 elementor-widget elementor-widget-text-editor\" data-id=\"05fd640\" data-element_type=\"widget\" data-e-type=\"widget\" data-widget_type=\"text-editor.default\">\n\t\t\t\t<div class=\"elementor-widget-container\">\n\t\t\t\t\t\t\t\t\t<p>El producto final empieza a tomar forma dentro de la m\u00e1quina de moldeado a medida que cada gota cae en una serie de moldes. Se utiliza aire comprimido para moldear y expandir la gota en un recipiente de vidrio. En este punto del proceso de fabricaci\u00f3n, el vidrio sigue enfri\u00e1ndose hasta alcanzar unos 700 grados cent\u00edgrados.<\/p>\t\t\t\t\t\t\t\t<\/div>\n\t\t\t\t<\/div>\n\t\t\t\t\t<\/div>\n\t\t<\/div>\n\t\t\t\t<div class=\"elementor-column elementor-col-50 elementor-top-column elementor-element elementor-element-4d170c8\" data-id=\"4d170c8\" data-element_type=\"column\" data-e-type=\"column\">\n\t\t\t<div class=\"elementor-widget-wrap elementor-element-populated\">\n\t\t\t\t\t\t<div class=\"elementor-element elementor-element-f21d097 elementor-widget elementor-widget-image\" data-id=\"f21d097\" data-element_type=\"widget\" data-e-type=\"widget\" data-widget_type=\"image.default\">\n\t\t\t\t<div class=\"elementor-widget-container\">\n\t\t\t\t\t\t\t\t\t\t\t\t\t\t\t<img decoding=\"async\" width=\"800\" height=\"448\" src=\"https:\/\/www.maidaoglass.com\/wp-content\/uploads\/2021\/03\/gobs-1-1024x574.jpg\" class=\"attachment-large size-large wp-image-1100\" alt=\"\" srcset=\"https:\/\/www.maidaoglass.com\/wp-content\/uploads\/2021\/03\/gobs-1-1024x574.jpg 1024w, https:\/\/www.maidaoglass.com\/wp-content\/uploads\/2021\/03\/gobs-1-300x168.jpg 300w, https:\/\/www.maidaoglass.com\/wp-content\/uploads\/2021\/03\/gobs-1-768x431.jpg 768w, https:\/\/www.maidaoglass.com\/wp-content\/uploads\/2021\/03\/gobs-1-600x336.jpg 600w, https:\/\/www.maidaoglass.com\/wp-content\/uploads\/2021\/03\/gobs-1.jpg 1496w\" sizes=\"(max-width: 800px) 100vw, 800px\" \/>\t\t\t\t\t\t\t\t\t\t\t\t\t\t\t<\/div>\n\t\t\t\t<\/div>\n\t\t\t\t\t<\/div>\n\t\t<\/div>\n\t\t\t\t\t<\/div>\n\t\t<\/section>\n\t\t\t\t<section class=\"elementor-section elementor-top-section elementor-element elementor-element-9e05be7 elementor-section-boxed elementor-section-height-default elementor-section-height-default\" data-id=\"9e05be7\" data-element_type=\"section\" data-e-type=\"section\">\n\t\t\t\t\t\t<div class=\"elementor-container elementor-column-gap-default\">\n\t\t\t\t\t<div class=\"elementor-column elementor-col-50 elementor-top-column elementor-element elementor-element-b67243f\" data-id=\"b67243f\" data-element_type=\"column\" data-e-type=\"column\">\n\t\t\t<div class=\"elementor-widget-wrap elementor-element-populated\">\n\t\t\t\t\t\t<div class=\"elementor-element elementor-element-abbe170 elementor-widget elementor-widget-heading\" data-id=\"abbe170\" data-element_type=\"widget\" data-e-type=\"widget\" data-widget_type=\"heading.default\">\n\t\t\t\t<div class=\"elementor-widget-container\">\n\t\t\t\t\t<h5 class=\"elementor-heading-title elementor-size-default\">4. Recocido <\/h5>\t\t\t\t<\/div>\n\t\t\t\t<\/div>\n\t\t\t\t<div class=\"elementor-element elementor-element-3287f85 elementor-widget elementor-widget-text-editor\" data-id=\"3287f85\" data-element_type=\"widget\" data-e-type=\"widget\" data-widget_type=\"text-editor.default\">\n\t\t\t\t<div class=\"elementor-widget-container\">\n\t\t\t\t\t\t\t\t\t<p>Despu\u00e9s de la m\u00e1quina formadora, cada botella o tarro de vidrio pasa por una etapa de recocido. El recocido es necesario porque el exterior del envase se enfr\u00eda m\u00e1s r\u00e1pido que el interior. El proceso de recocido recalienta el envase y luego se enfr\u00eda gradualmente para liberar tensiones y fortalecer el vidrio. Los envases de vidrio se calientan a unos 565 grados Celsius y luego se enfr\u00edan lentamente a 150 grados Celsius. A continuaci\u00f3n, las botellas y tarros de vidrio se dirigen a la m\u00e1quina de revestimiento en fr\u00edo para un \u00faltimo revestimiento exterior.<\/p>\t\t\t\t\t\t\t\t<\/div>\n\t\t\t\t<\/div>\n\t\t\t\t\t<\/div>\n\t\t<\/div>\n\t\t\t\t<div class=\"elementor-column elementor-col-50 elementor-top-column elementor-element elementor-element-aa12326\" data-id=\"aa12326\" data-element_type=\"column\" data-e-type=\"column\">\n\t\t\t<div class=\"elementor-widget-wrap elementor-element-populated\">\n\t\t\t\t\t\t<div class=\"elementor-element elementor-element-629ae5f elementor-widget elementor-widget-image\" data-id=\"629ae5f\" data-element_type=\"widget\" data-e-type=\"widget\" data-widget_type=\"image.default\">\n\t\t\t\t<div class=\"elementor-widget-container\">\n\t\t\t\t\t\t\t\t\t\t\t\t\t\t\t<img loading=\"lazy\" decoding=\"async\" width=\"800\" height=\"533\" src=\"https:\/\/www.maidaoglass.com\/wp-content\/uploads\/2021\/03\/cold-end-1024x682.jpg\" class=\"attachment-large size-large wp-image-1099\" alt=\"\" srcset=\"https:\/\/www.maidaoglass.com\/wp-content\/uploads\/2021\/03\/cold-end-1024x682.jpg 1024w, https:\/\/www.maidaoglass.com\/wp-content\/uploads\/2021\/03\/cold-end-300x200.jpg 300w, https:\/\/www.maidaoglass.com\/wp-content\/uploads\/2021\/03\/cold-end-768x512.jpg 768w, https:\/\/www.maidaoglass.com\/wp-content\/uploads\/2021\/03\/cold-end-600x400.jpg 600w, https:\/\/www.maidaoglass.com\/wp-content\/uploads\/2021\/03\/cold-end.jpg 1259w\" sizes=\"(max-width: 800px) 100vw, 800px\" \/>\t\t\t\t\t\t\t\t\t\t\t\t\t\t\t<\/div>\n\t\t\t\t<\/div>\n\t\t\t\t\t<\/div>\n\t\t<\/div>\n\t\t\t\t\t<\/div>\n\t\t<\/section>\n\t\t\t\t<\/div>","protected":false},"excerpt":{"rendered":"<p>Glass Bottle manufacturing When lightning strikes sand, nature makes glass. Maidao Glass has recreated Mother Nature\u2019s magic by combining natural materials and heat to make glass bottles and jars. Our passion for making glass lies in its endless benefits, from the health of the planet to the health of families. We love glass. Maidao glass [&hellip;]<\/p>\n","protected":false},"author":1,"featured_media":0,"parent":0,"menu_order":0,"comment_status":"closed","ping_status":"closed","template":"","meta":{"_seopress_robots_primary_cat":"","_seopress_titles_title":"Mass Production Glass Bottle Manufacturing - Maidao Glass","_seopress_titles_desc":"Maidao glass bottle manufacturing plant is equipped with excellent technicians and top-level machinery, which can produce high-quality glass bottles efficiently and at low cost. Constantly conduct quality control on all of our own production runs, 24 hours\/ 7 days.","_seopress_robots_index":"","footnotes":""},"class_list":["post-841","page","type-page","status-publish","hentry"],"_links":{"self":[{"href":"https:\/\/www.maidaoglass.com\/es\/wp-json\/wp\/v2\/pages\/841","targetHints":{"allow":["GET"]}}],"collection":[{"href":"https:\/\/www.maidaoglass.com\/es\/wp-json\/wp\/v2\/pages"}],"about":[{"href":"https:\/\/www.maidaoglass.com\/es\/wp-json\/wp\/v2\/types\/page"}],"author":[{"embeddable":true,"href":"https:\/\/www.maidaoglass.com\/es\/wp-json\/wp\/v2\/users\/1"}],"replies":[{"embeddable":true,"href":"https:\/\/www.maidaoglass.com\/es\/wp-json\/wp\/v2\/comments?post=841"}],"version-history":[{"count":8,"href":"https:\/\/www.maidaoglass.com\/es\/wp-json\/wp\/v2\/pages\/841\/revisions"}],"predecessor-version":[{"id":4331,"href":"https:\/\/www.maidaoglass.com\/es\/wp-json\/wp\/v2\/pages\/841\/revisions\/4331"}],"wp:attachment":[{"href":"https:\/\/www.maidaoglass.com\/es\/wp-json\/wp\/v2\/media?parent=841"}],"curies":[{"name":"wp","href":"https:\/\/api.w.org\/{rel}","templated":true}]}}