{"id":859,"date":"2021-03-01T14:32:07","date_gmt":"2021-03-01T14:32:07","guid":{"rendered":"https:\/\/www.maidaoglass.com\/?page_id=859"},"modified":"2021-06-24T06:58:22","modified_gmt":"2021-06-24T06:58:22","slug":"etiquetado-decorativo","status":"publish","type":"page","link":"https:\/\/www.maidaoglass.com\/es\/etiquetado-decorativo\/","title":{"rendered":"Decoraci\u00f3n y etiquetado"},"content":{"rendered":"<div data-elementor-type=\"wp-page\" data-elementor-id=\"859\" class=\"elementor elementor-859\" data-elementor-post-type=\"page\">\n\t\t\t\t\t\t<section class=\"elementor-section elementor-top-section elementor-element elementor-element-5706358e elementor-section-full_width elementor-section-height-min-height elementor-section-height-default elementor-section-items-middle\" data-id=\"5706358e\" data-element_type=\"section\" data-e-type=\"section\" data-settings=\"{&quot;background_background&quot;:&quot;classic&quot;}\">\n\t\t\t\t\t\t<div class=\"elementor-container elementor-column-gap-default\">\n\t\t\t\t\t<div class=\"elementor-column elementor-col-100 elementor-top-column elementor-element elementor-element-442196aa\" data-id=\"442196aa\" data-element_type=\"column\" data-e-type=\"column\">\n\t\t\t<div class=\"elementor-widget-wrap elementor-element-populated\">\n\t\t\t\t\t\t<div class=\"elementor-element elementor-element-34db6dd1 elementor-widget elementor-widget-heading\" data-id=\"34db6dd1\" data-element_type=\"widget\" data-e-type=\"widget\" data-widget_type=\"heading.default\">\n\t\t\t\t<div class=\"elementor-widget-container\">\n\t\t\t\t\t<h2 class=\"elementor-heading-title elementor-size-default\">Decoraci\u00f3n y etiquetado<\/h2>\t\t\t\t<\/div>\n\t\t\t\t<\/div>\n\t\t\t\t<div class=\"elementor-element elementor-element-30b90488 elementor-widget elementor-widget-woocommerce-breadcrumb\" data-id=\"30b90488\" data-element_type=\"widget\" data-e-type=\"widget\" data-widget_type=\"woocommerce-breadcrumb.default\">\n\t\t\t\t<div class=\"elementor-widget-container\">\n\t\t\t\t\t<nav class=\"woocommerce-breadcrumb\" aria-label=\"Breadcrumb\" data-no-translation=\"\" data-trp-gettext=\"\">Inicio<\/nav>\t\t\t\t<\/div>\n\t\t\t\t<\/div>\n\t\t\t\t\t<\/div>\n\t\t<\/div>\n\t\t\t\t\t<\/div>\n\t\t<\/section>\n\t\t\t\t<section class=\"elementor-section elementor-top-section elementor-element elementor-element-b1a7287 elementor-section-boxed elementor-section-height-default elementor-section-height-default\" data-id=\"b1a7287\" data-element_type=\"section\" data-e-type=\"section\">\n\t\t\t\t\t\t<div class=\"elementor-container elementor-column-gap-default\">\n\t\t\t\t\t<div class=\"elementor-column elementor-col-50 elementor-top-column elementor-element elementor-element-09f2cc4\" data-id=\"09f2cc4\" data-element_type=\"column\" data-e-type=\"column\">\n\t\t\t<div class=\"elementor-widget-wrap elementor-element-populated\">\n\t\t\t\t\t\t<div class=\"elementor-element elementor-element-ab2e372 elementor-widget elementor-widget-text-editor\" data-id=\"ab2e372\" data-element_type=\"widget\" data-e-type=\"widget\" data-widget_type=\"text-editor.default\">\n\t\t\t\t<div class=\"elementor-widget-container\">\n\t\t\t\t\t\t\t\t\t<p class=\"intro-copy\"><span style=\"color: #000080;\"><strong><em>Eficacia. Eficacia. Ventanilla \u00fanica.<\/em><\/strong><\/span><br>Crear envases que destaquen en las estanter\u00edas es un activo esencial que ayuda a distinguir su producto de la competencia. La decoraci\u00f3n del envase dice mucho de su empresa.<\/p>\n<p>No basta con tener una botella que funcione bien; tambi\u00e9n tiene que tener buen aspecto para llamar la atenci\u00f3n del consumidor. Conf\u00ede en nosotros cuando le decimos que queremos que su envase destaque en la estanter\u00eda tanto como usted.<\/p>\n<p>Por este motivo, Maidao Glass est\u00e1 totalmente equipada para atender cualquier necesidad de decoraci\u00f3n de envases, incluidas:<\/p>\n<ul class=\"two-column-list\">\n<li>Etiquetas: Transferencia t\u00e9rmica, En molde, Sensibles a la presi\u00f3n<\/li>\n<li>Fundas retr\u00e1ctiles<\/li>\n<li>Bandas retr\u00e1ctiles<\/li>\n<li>Impresi\u00f3n: Serigraf\u00eda, Hot Stamp, Offset<\/li>\n<li>Cera<\/li>\n<\/ul>\t\t\t\t\t\t\t\t<\/div>\n\t\t\t\t<\/div>\n\t\t\t\t\t<\/div>\n\t\t<\/div>\n\t\t\t\t<div class=\"elementor-column elementor-col-50 elementor-top-column elementor-element elementor-element-12a81b5\" data-id=\"12a81b5\" data-element_type=\"column\" data-e-type=\"column\">\n\t\t\t<div class=\"elementor-widget-wrap elementor-element-populated\">\n\t\t\t\t\t\t<div class=\"elementor-element elementor-element-84e96b3 elementor-widget elementor-widget-image\" data-id=\"84e96b3\" data-element_type=\"widget\" data-e-type=\"widget\" data-widget_type=\"image.default\">\n\t\t\t\t<div class=\"elementor-widget-container\">\n\t\t\t\t\t\t\t\t\t\t\t\t\t\t\t<img decoding=\"async\" src=\"https:\/\/www.maidaoglass.com\/wp-content\/uploads\/2021\/03\/glass-bottle-decorating.jpg\" title=\"decoraci\u00f3n con botellas de vidrio\" alt=\"decoraci\u00f3n con botellas de vidrio\" loading=\"lazy\" \/>\t\t\t\t\t\t\t\t\t\t\t\t\t\t\t<\/div>\n\t\t\t\t<\/div>\n\t\t\t\t\t<\/div>\n\t\t<\/div>\n\t\t\t\t\t<\/div>\n\t\t<\/section>\n\t\t\t\t<section class=\"elementor-section elementor-top-section elementor-element elementor-element-671fb81 elementor-section-boxed elementor-section-height-default elementor-section-height-default\" data-id=\"671fb81\" data-element_type=\"section\" data-e-type=\"section\">\n\t\t\t\t\t\t<div class=\"elementor-container elementor-column-gap-default\">\n\t\t\t\t\t<div class=\"elementor-column elementor-col-100 elementor-top-column elementor-element elementor-element-e1f6dc3\" data-id=\"e1f6dc3\" data-element_type=\"column\" data-e-type=\"column\">\n\t\t\t<div class=\"elementor-widget-wrap elementor-element-populated\">\n\t\t\t\t\t\t<div class=\"elementor-element elementor-element-f6ebdce elementor-widget elementor-widget-text-editor\" data-id=\"f6ebdce\" data-element_type=\"widget\" data-e-type=\"widget\" data-widget_type=\"text-editor.default\">\n\t\t\t\t<div class=\"elementor-widget-container\">\n\t\t\t\t\t\t\t\t\t<p>Maidao Glass entiende que no existe una soluci\u00f3n \u00fanica que haga que su envase destaque entre la multitud. Cuente con nosotros para aportar nuestra experiencia y conocimiento del sector a sus necesidades de decoraci\u00f3n de envases.<\/p>\t\t\t\t\t\t\t\t<\/div>\n\t\t\t\t<\/div>\n\t\t\t\t\t<\/div>\n\t\t<\/div>\n\t\t\t\t\t<\/div>\n\t\t<\/section>\n\t\t\t\t<section class=\"elementor-section elementor-top-section elementor-element elementor-element-b0db930 elementor-section-boxed elementor-section-height-default elementor-section-height-default\" data-id=\"b0db930\" data-element_type=\"section\" data-e-type=\"section\">\n\t\t\t\t\t\t<div class=\"elementor-container elementor-column-gap-default\">\n\t\t\t\t\t<div class=\"elementor-column elementor-col-100 elementor-top-column elementor-element elementor-element-415a0f3\" data-id=\"415a0f3\" data-element_type=\"column\" data-e-type=\"column\">\n\t\t\t<div class=\"elementor-widget-wrap elementor-element-populated\">\n\t\t\t\t\t\t<div class=\"elementor-element elementor-element-4927ad7 elementor-widget elementor-widget-text-editor\" data-id=\"4927ad7\" data-element_type=\"widget\" data-e-type=\"widget\" data-widget_type=\"text-editor.default\">\n\t\t\t\t<div class=\"elementor-widget-container\">\n\t\t\t\t\t\t\t\t\t<h2><span style=\"color: #000080;\">3 VENTAJAS DE LA DECORACI\u00d3N DE PAQUETES AL ELEGIR EL VIDRIO MAIDAO.<\/span><\/h2>\t\t\t\t\t\t\t\t<\/div>\n\t\t\t\t<\/div>\n\t\t\t\t\t<\/div>\n\t\t<\/div>\n\t\t\t\t\t<\/div>\n\t\t<\/section>\n\t\t\t\t<section class=\"elementor-section elementor-top-section elementor-element elementor-element-1c97175 elementor-section-boxed elementor-section-height-default elementor-section-height-default\" data-id=\"1c97175\" data-element_type=\"section\" data-e-type=\"section\">\n\t\t\t\t\t\t<div class=\"elementor-container elementor-column-gap-default\">\n\t\t\t\t\t<div class=\"elementor-column elementor-col-33 elementor-top-column elementor-element elementor-element-25e60d8\" data-id=\"25e60d8\" data-element_type=\"column\" data-e-type=\"column\" data-settings=\"{&quot;background_background&quot;:&quot;classic&quot;}\">\n\t\t\t<div class=\"elementor-widget-wrap elementor-element-populated\">\n\t\t\t\t\t\t<div class=\"elementor-element elementor-element-96108ec elementor-widget elementor-widget-text-editor\" data-id=\"96108ec\" data-element_type=\"widget\" data-e-type=\"widget\" data-widget_type=\"text-editor.default\">\n\t\t\t\t<div class=\"elementor-widget-container\">\n\t\t\t\t\t\t\t\t\t<h5 style=\"text-align: center;\"><span style=\"color: #000080;\">Facilidad<\/span><\/h5><p>Cuente con la experiencia de Maidao Glass para aliviar el estr\u00e9s de navegar solo por las aguas del dise\u00f1o.<\/p>\t\t\t\t\t\t\t\t<\/div>\n\t\t\t\t<\/div>\n\t\t\t\t\t<\/div>\n\t\t<\/div>\n\t\t\t\t<div class=\"elementor-column elementor-col-33 elementor-top-column elementor-element elementor-element-74ee04a\" data-id=\"74ee04a\" data-element_type=\"column\" data-e-type=\"column\" data-settings=\"{&quot;background_background&quot;:&quot;classic&quot;}\">\n\t\t\t<div class=\"elementor-widget-wrap elementor-element-populated\">\n\t\t\t\t\t\t<div class=\"elementor-element elementor-element-fe58023 elementor-widget elementor-widget-text-editor\" data-id=\"fe58023\" data-element_type=\"widget\" data-e-type=\"widget\" data-widget_type=\"text-editor.default\">\n\t\t\t\t<div class=\"elementor-widget-container\">\n\t\t\t\t\t\t\t\t\t<h5 style=\"text-align: center;\"><span style=\"color: #000080;\">Conveniencia<\/span><\/h5><p>\u00bfHa elegido ya a Maidao Glass para otros aspectos log\u00edsticos o de embalaje de productos? La decoraci\u00f3n de envases es s\u00f3lo una forma m\u00e1s de agilizar los procesos para usted.<\/p>\t\t\t\t\t\t\t\t<\/div>\n\t\t\t\t<\/div>\n\t\t\t\t\t<\/div>\n\t\t<\/div>\n\t\t\t\t<div class=\"elementor-column elementor-col-33 elementor-top-column elementor-element elementor-element-365d615\" data-id=\"365d615\" data-element_type=\"column\" data-e-type=\"column\" data-settings=\"{&quot;background_background&quot;:&quot;classic&quot;}\">\n\t\t\t<div class=\"elementor-widget-wrap elementor-element-populated\">\n\t\t\t\t\t\t<div class=\"elementor-element elementor-element-f365c94 elementor-widget elementor-widget-text-editor\" data-id=\"f365c94\" data-element_type=\"widget\" data-e-type=\"widget\" data-widget_type=\"text-editor.default\">\n\t\t\t\t<div class=\"elementor-widget-container\">\n\t\t\t\t\t\t\t\t\t<h5 style=\"text-align: center;\"><span style=\"color: #000080;\">Maximizar los beneficios<\/span><\/h5><p>Deje que Maidao Glass encuentre la soluci\u00f3n m\u00e1s eficaz para usted. Somos expertos en dise\u00f1o de productos y decoraci\u00f3n de envases y podemos ayudarle a detallar las ventajas del producto y, al mismo tiempo, comunicar la identidad de su marca.<\/p>\t\t\t\t\t\t\t\t<\/div>\n\t\t\t\t<\/div>\n\t\t\t\t\t<\/div>\n\t\t<\/div>\n\t\t\t\t\t<\/div>\n\t\t<\/section>\n\t\t\t\t<section class=\"elementor-section elementor-top-section elementor-element elementor-element-6fa5d57 elementor-section-boxed elementor-section-height-default elementor-section-height-default\" data-id=\"6fa5d57\" data-element_type=\"section\" data-e-type=\"section\">\n\t\t\t\t\t\t<div class=\"elementor-container elementor-column-gap-default\">\n\t\t\t\t\t<div class=\"elementor-column elementor-col-100 elementor-top-column elementor-element elementor-element-309f428\" data-id=\"309f428\" data-element_type=\"column\" data-e-type=\"column\">\n\t\t\t<div class=\"elementor-widget-wrap elementor-element-populated\">\n\t\t\t\t\t\t<div class=\"elementor-element elementor-element-96f06f9 elementor-widget elementor-widget-text-editor\" data-id=\"96f06f9\" data-element_type=\"widget\" data-e-type=\"widget\" data-widget_type=\"text-editor.default\">\n\t\t\t\t<div class=\"elementor-widget-container\">\n\t\t\t\t\t\t\t\t\t<h2><span style=\"color: #000080;\">RECURSOS ADICIONALES<\/span><\/h2><p>Dado que existen multitud de consideraciones en cuanto al ajuste correcto y la compatibilidad de materiales, Maidao Glass ha dedicado m\u00faltiples entradas de blog al tema.<\/p><ul><li><br \/><br \/><\/li><\/ul>\t\t\t\t\t\t\t\t<\/div>\n\t\t\t\t<\/div>\n\t\t\t\t\t<\/div>\n\t\t<\/div>\n\t\t\t\t\t<\/div>\n\t\t<\/section>\n\t\t\t\t<\/div>","protected":false},"excerpt":{"rendered":"<p>Decorating &#038; Labeling Efficiency. Effectiveness. One-Stop Shop.Creating packaging that stands out on the shelves is an essential asset that helps distinguish your product from the competition. Package decoration speaks volumes about your company. It\u2019s not enough to have a bottle that functions well; it also needs to look good in order to get a consumer\u2019s [&hellip;]<\/p>\n","protected":false},"author":1,"featured_media":0,"parent":0,"menu_order":0,"comment_status":"closed","ping_status":"closed","template":"","meta":{"_seopress_robots_primary_cat":"","_seopress_titles_title":"Decorating & Labeling For Glass Packaging - Maidao Glass","_seopress_titles_desc":"Maidao Glass Offer decals, labels, silk screens and other decoration methods for glass packaging to satisfy your design.","_seopress_robots_index":"","_seopress_analysis_target_kw":"","footnotes":""},"class_list":["post-859","page","type-page","status-publish","hentry"],"_links":{"self":[{"href":"https:\/\/www.maidaoglass.com\/es\/wp-json\/wp\/v2\/pages\/859","targetHints":{"allow":["GET"]}}],"collection":[{"href":"https:\/\/www.maidaoglass.com\/es\/wp-json\/wp\/v2\/pages"}],"about":[{"href":"https:\/\/www.maidaoglass.com\/es\/wp-json\/wp\/v2\/types\/page"}],"author":[{"embeddable":true,"href":"https:\/\/www.maidaoglass.com\/es\/wp-json\/wp\/v2\/users\/1"}],"replies":[{"embeddable":true,"href":"https:\/\/www.maidaoglass.com\/es\/wp-json\/wp\/v2\/comments?post=859"}],"version-history":[{"count":7,"href":"https:\/\/www.maidaoglass.com\/es\/wp-json\/wp\/v2\/pages\/859\/revisions"}],"predecessor-version":[{"id":2680,"href":"https:\/\/www.maidaoglass.com\/es\/wp-json\/wp\/v2\/pages\/859\/revisions\/2680"}],"wp:attachment":[{"href":"https:\/\/www.maidaoglass.com\/es\/wp-json\/wp\/v2\/media?parent=859"}],"curies":[{"name":"wp","href":"https:\/\/api.w.org\/{rel}","templated":true}]}}