{"id":912,"date":"2021-03-01T15:18:42","date_gmt":"2021-03-01T15:18:42","guid":{"rendered":"https:\/\/www.maidaoglass.com\/?page_id=912"},"modified":"2021-06-24T07:02:19","modified_gmt":"2021-06-24T07:02:19","slug":"logistica-de-almacenamiento","status":"publish","type":"page","link":"https:\/\/www.maidaoglass.com\/es\/logistica-de-almacenamiento\/","title":{"rendered":"Almacenamiento y log\u00edstica"},"content":{"rendered":"<div data-elementor-type=\"wp-page\" data-elementor-id=\"912\" class=\"elementor elementor-912\" data-elementor-post-type=\"page\">\n\t\t\t\t\t\t<section class=\"elementor-section elementor-top-section elementor-element elementor-element-1c8338ec elementor-section-full_width elementor-section-height-min-height elementor-section-height-default elementor-section-items-middle\" data-id=\"1c8338ec\" data-element_type=\"section\" data-e-type=\"section\" data-settings=\"{&quot;background_background&quot;:&quot;classic&quot;}\">\n\t\t\t\t\t\t<div class=\"elementor-container elementor-column-gap-default\">\n\t\t\t\t\t<div class=\"elementor-column elementor-col-100 elementor-top-column elementor-element elementor-element-20b6f566\" data-id=\"20b6f566\" data-element_type=\"column\" data-e-type=\"column\">\n\t\t\t<div class=\"elementor-widget-wrap elementor-element-populated\">\n\t\t\t\t\t\t<div class=\"elementor-element elementor-element-1265128f elementor-widget elementor-widget-heading\" data-id=\"1265128f\" data-element_type=\"widget\" data-e-type=\"widget\" data-widget_type=\"heading.default\">\n\t\t\t\t<div class=\"elementor-widget-container\">\n\t\t\t\t\t<h2 class=\"elementor-heading-title elementor-size-default\">Almacenamiento, log\u00edstica y gesti\u00f3n de inventarios<\/h2>\t\t\t\t<\/div>\n\t\t\t\t<\/div>\n\t\t\t\t<div class=\"elementor-element elementor-element-579370d2 elementor-widget elementor-widget-woocommerce-breadcrumb\" data-id=\"579370d2\" data-element_type=\"widget\" data-e-type=\"widget\" data-widget_type=\"woocommerce-breadcrumb.default\">\n\t\t\t\t<div class=\"elementor-widget-container\">\n\t\t\t\t\t<nav class=\"woocommerce-breadcrumb\" aria-label=\"Breadcrumb\" data-no-translation=\"\" data-trp-gettext=\"\">Inicio<\/nav>\t\t\t\t<\/div>\n\t\t\t\t<\/div>\n\t\t\t\t\t<\/div>\n\t\t<\/div>\n\t\t\t\t\t<\/div>\n\t\t<\/section>\n\t\t\t\t<section class=\"elementor-section elementor-top-section elementor-element elementor-element-57d2112 elementor-section-boxed elementor-section-height-default elementor-section-height-default\" data-id=\"57d2112\" data-element_type=\"section\" data-e-type=\"section\">\n\t\t\t\t\t\t<div class=\"elementor-container elementor-column-gap-default\">\n\t\t\t\t\t<div class=\"elementor-column elementor-col-50 elementor-top-column elementor-element elementor-element-b673d46\" data-id=\"b673d46\" data-element_type=\"column\" data-e-type=\"column\">\n\t\t\t<div class=\"elementor-widget-wrap elementor-element-populated\">\n\t\t\t\t\t\t<div class=\"elementor-element elementor-element-9728be0 elementor-widget elementor-widget-heading\" data-id=\"9728be0\" data-element_type=\"widget\" data-e-type=\"widget\" data-widget_type=\"heading.default\">\n\t\t\t\t<div class=\"elementor-widget-container\">\n\t\t\t\t\t<h2 class=\"elementor-heading-title elementor-size-default\">Por qu\u00e9 es importante el inventario\n<\/h2>\t\t\t\t<\/div>\n\t\t\t\t<\/div>\n\t\t\t\t<div class=\"elementor-element elementor-element-c78a917 elementor-widget elementor-widget-text-editor\" data-id=\"c78a917\" data-element_type=\"widget\" data-e-type=\"widget\" data-widget_type=\"text-editor.default\">\n\t\t\t\t<div class=\"elementor-widget-container\">\n\t\t\t\t\t\t\t\t\t<p>El inventario puede representar entre 20% y 30% de los activos totales de una empresa. Son d\u00f3lares que no se invierten en personal de ventas, desarrollo de productos, incentivos para empleados, adquisiciones estrat\u00e9gicas o cualquiera de las otras palancas utilizadas para hacer crecer su negocio. Mantener existencias conlleva una serie de gastos que van m\u00e1s all\u00e1 del coste del producto, empezando por el coste del capital invertido.<\/p>\t\t\t\t\t\t\t\t<\/div>\n\t\t\t\t<\/div>\n\t\t\t\t\t<\/div>\n\t\t<\/div>\n\t\t\t\t<div class=\"elementor-column elementor-col-50 elementor-top-column elementor-element elementor-element-8f112cd\" data-id=\"8f112cd\" data-element_type=\"column\" data-e-type=\"column\">\n\t\t\t<div class=\"elementor-widget-wrap elementor-element-populated\">\n\t\t\t\t\t\t<div class=\"elementor-element elementor-element-75aa429 elementor-widget elementor-widget-image\" data-id=\"75aa429\" data-element_type=\"widget\" data-e-type=\"widget\" data-widget_type=\"image.default\">\n\t\t\t\t<div class=\"elementor-widget-container\">\n\t\t\t\t\t\t\t\t\t\t\t\t\t\t\t<img fetchpriority=\"high\" decoding=\"async\" width=\"800\" height=\"533\" src=\"https:\/\/www.maidaoglass.com\/wp-content\/uploads\/2021\/03\/stocks.jpg\" class=\"attachment-large size-large wp-image-916\" alt=\"\" srcset=\"https:\/\/www.maidaoglass.com\/wp-content\/uploads\/2021\/03\/stocks.jpg 980w, https:\/\/www.maidaoglass.com\/wp-content\/uploads\/2021\/03\/stocks-300x200.jpg 300w, https:\/\/www.maidaoglass.com\/wp-content\/uploads\/2021\/03\/stocks-768x512.jpg 768w, https:\/\/www.maidaoglass.com\/wp-content\/uploads\/2021\/03\/stocks-600x400.jpg 600w\" sizes=\"(max-width: 800px) 100vw, 800px\" \/>\t\t\t\t\t\t\t\t\t\t\t\t\t\t\t<\/div>\n\t\t\t\t<\/div>\n\t\t\t\t\t<\/div>\n\t\t<\/div>\n\t\t\t\t\t<\/div>\n\t\t<\/section>\n\t\t\t\t<section class=\"elementor-section elementor-top-section elementor-element elementor-element-6da0731 elementor-section-full_width elementor-section-height-default elementor-section-height-default\" data-id=\"6da0731\" data-element_type=\"section\" data-e-type=\"section\" data-settings=\"{&quot;background_background&quot;:&quot;classic&quot;}\">\n\t\t\t\t\t\t<div class=\"elementor-container elementor-column-gap-no\">\n\t\t\t\t\t<div class=\"elementor-column elementor-col-100 elementor-top-column elementor-element elementor-element-54cbfc8\" data-id=\"54cbfc8\" data-element_type=\"column\" data-e-type=\"column\">\n\t\t\t<div class=\"elementor-widget-wrap elementor-element-populated\">\n\t\t\t\t\t\t<div class=\"elementor-element elementor-element-a23b2d3 elementor-widget elementor-widget-heading\" data-id=\"a23b2d3\" data-element_type=\"widget\" data-e-type=\"widget\" data-widget_type=\"heading.default\">\n\t\t\t\t<div class=\"elementor-widget-container\">\n\t\t\t\t\t<h2 class=\"elementor-heading-title elementor-size-default\">Menos existencias = M\u00e1s liquidez para usted\n<\/h2>\t\t\t\t<\/div>\n\t\t\t\t<\/div>\n\t\t\t\t<div class=\"elementor-element elementor-element-4f2ffb7 elementor-widget elementor-widget-text-editor\" data-id=\"4f2ffb7\" data-element_type=\"widget\" data-e-type=\"widget\" data-widget_type=\"text-editor.default\">\n\t\t\t\t<div class=\"elementor-widget-container\">\n\t\t\t\t\t\t\t\t\t<p style=\"text-align: center;\">El inventario ocupa mucho efectivo y cuesta mucho mantenerlo. Una cadena de suministro m\u00e1s eficiente minimizar\u00e1 su inversi\u00f3n en inventario. Maidao Glass se asociar\u00e1 con usted para sacar el inventario de su balance y los gastos relacionados con el inventario de su cuenta de resultados. Nosotros lo hacemos todo.<\/p>\t\t\t\t\t\t\t\t<\/div>\n\t\t\t\t<\/div>\n\t\t\t\t\t<\/div>\n\t\t<\/div>\n\t\t\t\t\t<\/div>\n\t\t<\/section>\n\t\t\t\t<section class=\"elementor-section elementor-top-section elementor-element elementor-element-6de5470 elementor-section-boxed elementor-section-height-default elementor-section-height-default\" data-id=\"6de5470\" data-element_type=\"section\" data-e-type=\"section\" data-settings=\"{&quot;background_background&quot;:&quot;classic&quot;}\">\n\t\t\t\t\t\t<div class=\"elementor-container elementor-column-gap-no\">\n\t\t\t\t\t<div class=\"elementor-column elementor-col-50 elementor-top-column elementor-element elementor-element-7eb9b0b\" data-id=\"7eb9b0b\" data-element_type=\"column\" data-e-type=\"column\" data-settings=\"{&quot;background_background&quot;:&quot;classic&quot;}\">\n\t\t\t<div class=\"elementor-widget-wrap elementor-element-populated\">\n\t\t\t\t\t<div class=\"elementor-background-overlay\"><\/div>\n\t\t\t\t\t\t<div class=\"elementor-element elementor-element-8846606 elementor-widget elementor-widget-image\" data-id=\"8846606\" data-element_type=\"widget\" data-e-type=\"widget\" data-widget_type=\"image.default\">\n\t\t\t\t<div class=\"elementor-widget-container\">\n\t\t\t\t\t\t\t\t\t\t\t\t\t\t\t<img decoding=\"async\" src=\"https:\/\/www.maidaoglass.com\/wp-content\/uploads\/2021\/03\/ocean-shipping.jpg\" title=\"transporte mar\u00edtimo\" alt=\"transporte mar\u00edtimo\" loading=\"lazy\" \/>\t\t\t\t\t\t\t\t\t\t\t\t\t\t\t<\/div>\n\t\t\t\t<\/div>\n\t\t\t\t<div class=\"elementor-element elementor-element-1cc6e5f elementor-widget elementor-widget-text-editor\" data-id=\"1cc6e5f\" data-element_type=\"widget\" data-e-type=\"widget\" data-widget_type=\"text-editor.default\">\n\t\t\t\t<div class=\"elementor-widget-container\">\n\t\t\t\t\t\t\t\t\t<h3 style=\"box-sizing: border-box; margin: 0px 0px 0.833em; padding: 0px; color: #231f20; font-family: Roboto, Arial, Helvetica, sans-serif; font-weight: 900; letter-spacing: normal; font-size: 24px; line-height: 1.292em; font-style: normal; font-variant-ligatures: normal; font-variant-caps: normal; orphans: 2; text-align: start; text-indent: 0px; text-transform: none; white-space: normal; widows: 2; word-spacing: 0px; -webkit-text-stroke-width: 0px; background-color: #ffffff; text-decoration-thickness: initial; text-decoration-style: initial; text-decoration-color: initial;\">\u00a0 Fuente<\/h3><ul><li>Envases de todo tipo.<\/li><li>Plataformas ilimitadas de todo el mundo.<\/li><li>Soluciones personalizadas y de stock para cualquier aplicaci\u00f3n en origen.<\/li><\/ul>\t\t\t\t\t\t\t\t<\/div>\n\t\t\t\t<\/div>\n\t\t\t\t\t<\/div>\n\t\t<\/div>\n\t\t\t\t<div class=\"elementor-column elementor-col-50 elementor-top-column elementor-element elementor-element-32d2f04\" data-id=\"32d2f04\" data-element_type=\"column\" data-e-type=\"column\">\n\t\t\t<div class=\"elementor-widget-wrap elementor-element-populated\">\n\t\t\t\t\t\t<div class=\"elementor-element elementor-element-edda41d elementor-widget elementor-widget-image\" data-id=\"edda41d\" data-element_type=\"widget\" data-e-type=\"widget\" data-widget_type=\"image.default\">\n\t\t\t\t<div class=\"elementor-widget-container\">\n\t\t\t\t\t\t\t\t\t\t\t\t\t\t\t<img decoding=\"async\" src=\"https:\/\/www.maidaoglass.com\/wp-content\/uploads\/2021\/03\/wearhouse.jpg\" title=\"wearhouse\" alt=\"wearhouse\" loading=\"lazy\" \/>\t\t\t\t\t\t\t\t\t\t\t\t\t\t\t<\/div>\n\t\t\t\t<\/div>\n\t\t\t\t<div class=\"elementor-element elementor-element-cdf5f83 elementor-widget elementor-widget-text-editor\" data-id=\"cdf5f83\" data-element_type=\"widget\" data-e-type=\"widget\" data-widget_type=\"text-editor.default\">\n\t\t\t\t<div class=\"elementor-widget-container\">\n\t\t\t\t\t\t\t\t\t<h3 style=\"box-sizing: border-box; margin: 0px 0px 0.833em; padding: 0px; color: #231f20; font-family: Roboto, Arial, Helvetica, sans-serif; font-weight: 900; letter-spacing: normal; font-size: 24px; line-height: 1.292em; font-style: normal; font-variant-ligatures: normal; font-variant-caps: normal; orphans: 2; text-align: start; text-indent: 0px; text-transform: none; white-space: normal; widows: 2; word-spacing: 0px; -webkit-text-stroke-width: 0px; background-color: #ffffff; text-decoration-thickness: initial; text-decoration-style: initial; text-decoration-color: initial;\">\u00a0 Casa<\/h3><ul><li>Millones de metros cuadrados de almacenes.<\/li><li>Funcionamiento 24 horas.<\/li><li>Almacenamiento seguro y fiable.<\/li><\/ul>\t\t\t\t\t\t\t\t<\/div>\n\t\t\t\t<\/div>\n\t\t\t\t\t<\/div>\n\t\t<\/div>\n\t\t\t\t\t<\/div>\n\t\t<\/section>\n\t\t\t\t<section class=\"elementor-section elementor-top-section elementor-element elementor-element-ce11f57 elementor-section-boxed elementor-section-height-default elementor-section-height-default\" data-id=\"ce11f57\" data-element_type=\"section\" data-e-type=\"section\" data-settings=\"{&quot;background_background&quot;:&quot;classic&quot;}\">\n\t\t\t\t\t\t<div class=\"elementor-container elementor-column-gap-no\">\n\t\t\t\t\t<div class=\"elementor-column elementor-col-50 elementor-top-column elementor-element elementor-element-770d767\" data-id=\"770d767\" data-element_type=\"column\" data-e-type=\"column\" data-settings=\"{&quot;background_background&quot;:&quot;classic&quot;}\">\n\t\t\t<div class=\"elementor-widget-wrap elementor-element-populated\">\n\t\t\t\t\t<div class=\"elementor-background-overlay\"><\/div>\n\t\t\t\t\t\t<div class=\"elementor-element elementor-element-71730d9 elementor-widget elementor-widget-image\" data-id=\"71730d9\" data-element_type=\"widget\" data-e-type=\"widget\" data-widget_type=\"image.default\">\n\t\t\t\t<div class=\"elementor-widget-container\">\n\t\t\t\t\t\t\t\t\t\t\t\t\t\t\t<img decoding=\"async\" src=\"https:\/\/www.maidaoglass.com\/wp-content\/uploads\/2021\/03\/manage.jpg\" title=\"gestionar\" alt=\"gestionar\" loading=\"lazy\" \/>\t\t\t\t\t\t\t\t\t\t\t\t\t\t\t<\/div>\n\t\t\t\t<\/div>\n\t\t\t\t<div class=\"elementor-element elementor-element-f7e7e1e elementor-widget elementor-widget-text-editor\" data-id=\"f7e7e1e\" data-element_type=\"widget\" data-e-type=\"widget\" data-widget_type=\"text-editor.default\">\n\t\t\t\t<div class=\"elementor-widget-container\">\n\t\t\t\t\t\t\t\t\t<h3 style=\"box-sizing: border-box; margin: 0px 0px 0.833em; padding: 0px; color: #231f20; font-family: Roboto, Arial, Helvetica, sans-serif; font-weight: 900; letter-spacing: normal; font-size: 24px; line-height: 1.292em; font-style: normal; font-variant-ligatures: normal; font-variant-caps: normal; orphans: 2; text-align: start; text-indent: 0px; text-transform: none; white-space: normal; widows: 2; word-spacing: 0px; -webkit-text-stroke-width: 0px; background-color: #ffffff; text-decoration-thickness: initial; text-decoration-style: initial; text-decoration-color: initial;\">\u00a0 Gestione<\/h3><ul><li>Inspeccionar y garantizar la calidad.<\/li><li>Reordenar, agilizar y mantener niveles adecuados de existencias.<\/li><li>Prestar servicios de valor a\u00f1adido.<\/li><\/ul>\t\t\t\t\t\t\t\t<\/div>\n\t\t\t\t<\/div>\n\t\t\t\t\t<\/div>\n\t\t<\/div>\n\t\t\t\t<div class=\"elementor-column elementor-col-50 elementor-top-column elementor-element elementor-element-0520d90\" data-id=\"0520d90\" data-element_type=\"column\" data-e-type=\"column\">\n\t\t\t<div class=\"elementor-widget-wrap elementor-element-populated\">\n\t\t\t\t\t\t<div class=\"elementor-element elementor-element-e742942 elementor-widget elementor-widget-image\" data-id=\"e742942\" data-element_type=\"widget\" data-e-type=\"widget\" data-widget_type=\"image.default\">\n\t\t\t\t<div class=\"elementor-widget-container\">\n\t\t\t\t\t\t\t\t\t\t\t\t\t\t\t<img decoding=\"async\" src=\"https:\/\/www.maidaoglass.com\/wp-content\/uploads\/2021\/03\/Deliver.jpg\" title=\"Entregar\" alt=\"Entregar\" loading=\"lazy\" \/>\t\t\t\t\t\t\t\t\t\t\t\t\t\t\t<\/div>\n\t\t\t\t<\/div>\n\t\t\t\t<div class=\"elementor-element elementor-element-f073042 elementor-widget elementor-widget-text-editor\" data-id=\"f073042\" data-element_type=\"widget\" data-e-type=\"widget\" data-widget_type=\"text-editor.default\">\n\t\t\t\t<div class=\"elementor-widget-container\">\n\t\t\t\t\t\t\t\t\t<h3 style=\"box-sizing: border-box; margin: 0px 0px 0.833em; padding: 0px; color: #231f20; font-family: Roboto, Arial, Helvetica, sans-serif; font-weight: 900; letter-spacing: normal; font-size: 24px; line-height: 1.292em; font-style: normal; font-variant-ligatures: normal; font-variant-caps: normal; orphans: 2; text-align: start; text-indent: 0px; text-transform: none; white-space: normal; widows: 2; word-spacing: 0px; -webkit-text-stroke-width: 0px; background-color: #ffffff; text-decoration-thickness: initial; text-decoration-style: initial; text-decoration-color: initial;\">\u00a0 Entregar<\/h3><ul><li>Entrega puntual de lo que necesita, cuando lo necesita.<\/li><li>Gesti\u00f3n completa del transporte de mercanc\u00edas.<\/li><li>Ejecuci\u00f3n sin precedentes.<\/li><\/ul>\t\t\t\t\t\t\t\t<\/div>\n\t\t\t\t<\/div>\n\t\t\t\t\t<\/div>\n\t\t<\/div>\n\t\t\t\t\t<\/div>\n\t\t<\/section>\n\t\t\t\t<section class=\"elementor-section elementor-top-section elementor-element elementor-element-41655f2 elementor-section-boxed elementor-section-height-default elementor-section-height-default\" data-id=\"41655f2\" data-element_type=\"section\" data-e-type=\"section\">\n\t\t\t\t\t\t<div class=\"elementor-container elementor-column-gap-default\">\n\t\t\t\t\t<div class=\"elementor-column elementor-col-50 elementor-top-column elementor-element elementor-element-219076f\" data-id=\"219076f\" data-element_type=\"column\" data-e-type=\"column\">\n\t\t\t<div class=\"elementor-widget-wrap elementor-element-populated\">\n\t\t\t\t\t\t<div class=\"elementor-element elementor-element-04a817e elementor-widget elementor-widget-text-editor\" data-id=\"04a817e\" data-element_type=\"widget\" data-e-type=\"widget\" data-widget_type=\"text-editor.default\">\n\t\t\t\t<div class=\"elementor-widget-container\">\n\t\t\t\t\t\t\t\t\t<h2>99% Entrega a tiempo<\/h2><p>La entrega puntual de productos de calidad se cita a menudo como el factor m\u00e1s cr\u00edtico para el rendimiento de los proveedores.<\/p><p>Con una tasa de entrega a tiempo del 99%, somos expertos en gesti\u00f3n de inventarios y optimizaci\u00f3n de la cadena de suministro. Estamos preparados para mostrarle c\u00f3mo la entrega puntual puede ayudarle a ganar m\u00e1s dinero.<\/p>\t\t\t\t\t\t\t\t<\/div>\n\t\t\t\t<\/div>\n\t\t\t\t\t<\/div>\n\t\t<\/div>\n\t\t\t\t<div class=\"elementor-column elementor-col-50 elementor-top-column elementor-element elementor-element-d788756\" data-id=\"d788756\" data-element_type=\"column\" data-e-type=\"column\">\n\t\t\t<div class=\"elementor-widget-wrap elementor-element-populated\">\n\t\t\t\t\t\t<div class=\"elementor-element elementor-element-b1a90cc elementor-widget elementor-widget-image\" data-id=\"b1a90cc\" data-element_type=\"widget\" data-e-type=\"widget\" data-widget_type=\"image.default\">\n\t\t\t\t<div class=\"elementor-widget-container\">\n\t\t\t\t\t\t\t\t\t\t\t\t\t\t\t<img decoding=\"async\" width=\"636\" height=\"447\" src=\"https:\/\/www.maidaoglass.com\/wp-content\/uploads\/2021\/03\/99.jpg\" class=\"attachment-large size-large wp-image-925\" alt=\"\" srcset=\"https:\/\/www.maidaoglass.com\/wp-content\/uploads\/2021\/03\/99.jpg 636w, https:\/\/www.maidaoglass.com\/wp-content\/uploads\/2021\/03\/99-300x211.jpg 300w, https:\/\/www.maidaoglass.com\/wp-content\/uploads\/2021\/03\/99-600x422.jpg 600w\" sizes=\"(max-width: 636px) 100vw, 636px\" \/>\t\t\t\t\t\t\t\t\t\t\t\t\t\t\t<\/div>\n\t\t\t\t<\/div>\n\t\t\t\t\t<\/div>\n\t\t<\/div>\n\t\t\t\t\t<\/div>\n\t\t<\/section>\n\t\t\t\t<\/div>","protected":false},"excerpt":{"rendered":"<p>Warehousing, Logistics, and Inventory Management Why Inventory Matters Inventory can represent 20% to 30% of a company\u2019s total assets. These are dollars not invested in sales people, product development, employee incentives, strategic acquisitions, or any of the other levers used to grow your business. Holding inventory leads to an array of expenses beyond the product [&hellip;]<\/p>\n","protected":false},"author":1,"featured_media":0,"parent":0,"menu_order":0,"comment_status":"closed","ping_status":"closed","template":"","meta":{"_seopress_robots_primary_cat":"","_seopress_titles_title":"Warehouseing & Logistics For Glass Packaging - Maidao Glass","_seopress_titles_desc":"Inventory occupies a lot of cash and costs a lot to maintain. Maidao Glass offer more efficient supply chain will minimize your inventory investment.","_seopress_robots_index":"","footnotes":""},"class_list":["post-912","page","type-page","status-publish","hentry"],"_links":{"self":[{"href":"https:\/\/www.maidaoglass.com\/es\/wp-json\/wp\/v2\/pages\/912","targetHints":{"allow":["GET"]}}],"collection":[{"href":"https:\/\/www.maidaoglass.com\/es\/wp-json\/wp\/v2\/pages"}],"about":[{"href":"https:\/\/www.maidaoglass.com\/es\/wp-json\/wp\/v2\/types\/page"}],"author":[{"embeddable":true,"href":"https:\/\/www.maidaoglass.com\/es\/wp-json\/wp\/v2\/users\/1"}],"replies":[{"embeddable":true,"href":"https:\/\/www.maidaoglass.com\/es\/wp-json\/wp\/v2\/comments?post=912"}],"version-history":[{"count":4,"href":"https:\/\/www.maidaoglass.com\/es\/wp-json\/wp\/v2\/pages\/912\/revisions"}],"predecessor-version":[{"id":2685,"href":"https:\/\/www.maidaoglass.com\/es\/wp-json\/wp\/v2\/pages\/912\/revisions\/2685"}],"wp:attachment":[{"href":"https:\/\/www.maidaoglass.com\/es\/wp-json\/wp\/v2\/media?parent=912"}],"curies":[{"name":"wp","href":"https:\/\/api.w.org\/{rel}","templated":true}]}}