{"id":993,"date":"2021-03-02T13:19:15","date_gmt":"2021-03-02T13:19:15","guid":{"rendered":"https:\/\/www.maidaoglass.com\/?page_id=993"},"modified":"2023-01-06T13:05:43","modified_gmt":"2023-01-06T13:05:43","slug":"visita-a-la-fabrica","status":"publish","type":"page","link":"https:\/\/www.maidaoglass.com\/es\/visita-a-la-fabrica\/","title":{"rendered":"Visita a la f\u00e1brica"},"content":{"rendered":"<div data-elementor-type=\"wp-page\" data-elementor-id=\"993\" class=\"elementor elementor-993\" data-elementor-post-type=\"page\">\n\t\t\t\t\t\t<section class=\"elementor-section elementor-top-section elementor-element elementor-element-445dfaa4 elementor-section-full_width elementor-section-height-min-height elementor-section-height-default elementor-section-items-middle\" data-id=\"445dfaa4\" data-element_type=\"section\" data-e-type=\"section\" data-settings=\"{&quot;background_background&quot;:&quot;classic&quot;}\">\n\t\t\t\t\t\t<div class=\"elementor-container elementor-column-gap-default\">\n\t\t\t\t\t<div class=\"elementor-column elementor-col-100 elementor-top-column elementor-element elementor-element-57b6a235\" data-id=\"57b6a235\" data-element_type=\"column\" data-e-type=\"column\">\n\t\t\t<div class=\"elementor-widget-wrap elementor-element-populated\">\n\t\t\t\t\t\t<div class=\"elementor-element elementor-element-389a3614 elementor-widget elementor-widget-heading\" data-id=\"389a3614\" data-element_type=\"widget\" data-e-type=\"widget\" data-widget_type=\"heading.default\">\n\t\t\t\t<div class=\"elementor-widget-container\">\n\t\t\t\t\t<h2 class=\"elementor-heading-title elementor-size-default\">Visita a la f\u00e1brica<\/h2>\t\t\t\t<\/div>\n\t\t\t\t<\/div>\n\t\t\t\t<div class=\"elementor-element elementor-element-4912c26 elementor-widget elementor-widget-woocommerce-breadcrumb\" data-id=\"4912c26\" data-element_type=\"widget\" data-e-type=\"widget\" data-widget_type=\"woocommerce-breadcrumb.default\">\n\t\t\t\t<div class=\"elementor-widget-container\">\n\t\t\t\t\t<nav class=\"woocommerce-breadcrumb\" aria-label=\"Breadcrumb\" data-no-translation=\"\" data-trp-gettext=\"\">Inicio<\/nav>\t\t\t\t<\/div>\n\t\t\t\t<\/div>\n\t\t\t\t\t<\/div>\n\t\t<\/div>\n\t\t\t\t\t<\/div>\n\t\t<\/section>\n\t\t\t\t<section class=\"elementor-section elementor-top-section elementor-element elementor-element-5f56784 elementor-section-boxed elementor-section-height-default elementor-section-height-default\" data-id=\"5f56784\" data-element_type=\"section\" data-e-type=\"section\">\n\t\t\t\t\t\t<div class=\"elementor-container elementor-column-gap-default\">\n\t\t\t\t\t<div class=\"elementor-column elementor-col-100 elementor-top-column elementor-element elementor-element-f6d920b\" data-id=\"f6d920b\" data-element_type=\"column\" data-e-type=\"column\">\n\t\t\t<div class=\"elementor-widget-wrap elementor-element-populated\">\n\t\t\t\t\t\t<div class=\"elementor-element elementor-element-a2f6aa1 elementor-widget elementor-widget-text-editor\" data-id=\"a2f6aa1\" data-element_type=\"widget\" data-e-type=\"widget\" data-widget_type=\"text-editor.default\">\n\t\t\t\t<div class=\"elementor-widget-container\">\n\t\t\t\t\t\t\t\t\t<p>Maidao Glass, somos fabricantes de botellas de vidrio en China.<\/p>\n<p>Encantado de comprobar nuestra f\u00e1brica, desde que controlamos el material orignial estrictamente, a continuaci\u00f3n, se funden a l\u00edquido de vidrio, a trav\u00e9s de la m\u00e1quina de auto a caer de vidrio para moldear, a continuaci\u00f3n, en forma de cristaler\u00eda de buena calidad, que supervisar y comprobar cada detalle, entonces podemos confirmar productos de calidad estable.<\/p>\n<p>Ofrecemos calidad: Botellas de vidrio para alimentos, frascos de vidrio para alimentos, botellas de drogas, botellas de licor, botellas de vino, botellas de cerveza, la clase de procesamiento profundo, cristaler\u00eda, Cap &amp; tapas, productos de vidrio de borosilicato de alta.<\/p>\n<p>Contamos con un equipo de dise\u00f1o profesional propio que realiza y modifica los planos a petici\u00f3n del cliente.<\/p>\n<p>Ponemos el list\u00f3n muy alto a nuestros procedimientos y productos, y nos enorgullecemos de cumplirlos.&nbsp;&nbsp;<\/p><p>Nos hacemos responsables ante nuestros clientes, socios y empleados cumpliendo nuestros compromisos, ofreciendo resultados y esforz\u00e1ndonos por conseguir la m\u00e1xima calidad.<\/p>\t\t\t\t\t\t\t\t<\/div>\n\t\t\t\t<\/div>\n\t\t\t\t\t<\/div>\n\t\t<\/div>\n\t\t\t\t\t<\/div>\n\t\t<\/section>\n\t\t\t\t<section class=\"elementor-section elementor-top-section elementor-element elementor-element-73e21bf elementor-section-boxed elementor-section-height-default elementor-section-height-default\" data-id=\"73e21bf\" data-element_type=\"section\" data-e-type=\"section\">\n\t\t\t\t\t\t<div class=\"elementor-container elementor-column-gap-default\">\n\t\t\t\t\t<div class=\"elementor-column elementor-col-33 elementor-top-column elementor-element elementor-element-d87b09f\" data-id=\"d87b09f\" data-element_type=\"column\" data-e-type=\"column\">\n\t\t\t<div class=\"elementor-widget-wrap elementor-element-populated\">\n\t\t\t\t\t\t<div class=\"elementor-element elementor-element-0c30d00 elementor-widget elementor-widget-image\" data-id=\"0c30d00\" data-element_type=\"widget\" data-e-type=\"widget\" data-widget_type=\"image.default\">\n\t\t\t\t<div class=\"elementor-widget-container\">\n\t\t\t\t\t\t\t\t\t\t\t\t\t\t\t<img fetchpriority=\"high\" decoding=\"async\" width=\"335\" height=\"223\" src=\"https:\/\/www.maidaoglass.com\/wp-content\/uploads\/2021\/03\/Maidao-Glass-production-line3.jpg\" class=\"attachment-large size-large wp-image-1148\" alt=\"\" srcset=\"https:\/\/www.maidaoglass.com\/wp-content\/uploads\/2021\/03\/Maidao-Glass-production-line3.jpg 335w, https:\/\/www.maidaoglass.com\/wp-content\/uploads\/2021\/03\/Maidao-Glass-production-line3-300x200.jpg 300w\" sizes=\"(max-width: 335px) 100vw, 335px\" \/>\t\t\t\t\t\t\t\t\t\t\t\t\t\t\t<\/div>\n\t\t\t\t<\/div>\n\t\t\t\t\t<\/div>\n\t\t<\/div>\n\t\t\t\t<div class=\"elementor-column elementor-col-33 elementor-top-column elementor-element elementor-element-aae9320\" data-id=\"aae9320\" data-element_type=\"column\" data-e-type=\"column\">\n\t\t\t<div class=\"elementor-widget-wrap elementor-element-populated\">\n\t\t\t\t\t\t<div class=\"elementor-element elementor-element-88ddea4 elementor-widget elementor-widget-image\" data-id=\"88ddea4\" data-element_type=\"widget\" data-e-type=\"widget\" data-widget_type=\"image.default\">\n\t\t\t\t<div class=\"elementor-widget-container\">\n\t\t\t\t\t\t\t\t\t\t\t\t\t\t\t<img decoding=\"async\" width=\"335\" height=\"223\" src=\"https:\/\/www.maidaoglass.com\/wp-content\/uploads\/2021\/03\/Maidao-glass-bottle-product-line.jpg\" class=\"attachment-large size-large wp-image-1141\" alt=\"\" srcset=\"https:\/\/www.maidaoglass.com\/wp-content\/uploads\/2021\/03\/Maidao-glass-bottle-product-line.jpg 335w, https:\/\/www.maidaoglass.com\/wp-content\/uploads\/2021\/03\/Maidao-glass-bottle-product-line-300x200.jpg 300w\" sizes=\"(max-width: 335px) 100vw, 335px\" \/>\t\t\t\t\t\t\t\t\t\t\t\t\t\t\t<\/div>\n\t\t\t\t<\/div>\n\t\t\t\t\t<\/div>\n\t\t<\/div>\n\t\t\t\t<div class=\"elementor-column elementor-col-33 elementor-top-column elementor-element elementor-element-a56613a\" data-id=\"a56613a\" data-element_type=\"column\" data-e-type=\"column\">\n\t\t\t<div class=\"elementor-widget-wrap elementor-element-populated\">\n\t\t\t\t\t\t<div class=\"elementor-element elementor-element-b75c0a6 elementor-widget elementor-widget-image\" data-id=\"b75c0a6\" data-element_type=\"widget\" data-e-type=\"widget\" data-widget_type=\"image.default\">\n\t\t\t\t<div class=\"elementor-widget-container\">\n\t\t\t\t\t\t\t\t\t\t\t\t\t\t\t<img decoding=\"async\" width=\"335\" height=\"223\" src=\"https:\/\/www.maidaoglass.com\/wp-content\/uploads\/2021\/03\/Maidao-Glass-Bottle-product-line2.jpg\" class=\"attachment-large size-large wp-image-1142\" alt=\"\" srcset=\"https:\/\/www.maidaoglass.com\/wp-content\/uploads\/2021\/03\/Maidao-Glass-Bottle-product-line2.jpg 335w, https:\/\/www.maidaoglass.com\/wp-content\/uploads\/2021\/03\/Maidao-Glass-Bottle-product-line2-300x200.jpg 300w\" sizes=\"(max-width: 335px) 100vw, 335px\" \/>\t\t\t\t\t\t\t\t\t\t\t\t\t\t\t<\/div>\n\t\t\t\t<\/div>\n\t\t\t\t\t<\/div>\n\t\t<\/div>\n\t\t\t\t\t<\/div>\n\t\t<\/section>\n\t\t\t\t<section class=\"elementor-section elementor-top-section elementor-element elementor-element-791f7b9 elementor-section-boxed elementor-section-height-default elementor-section-height-default\" data-id=\"791f7b9\" data-element_type=\"section\" data-e-type=\"section\">\n\t\t\t\t\t\t<div class=\"elementor-container elementor-column-gap-default\">\n\t\t\t\t\t<div class=\"elementor-column elementor-col-33 elementor-top-column elementor-element elementor-element-bda87fc\" data-id=\"bda87fc\" data-element_type=\"column\" data-e-type=\"column\">\n\t\t\t<div class=\"elementor-widget-wrap elementor-element-populated\">\n\t\t\t\t\t\t<div class=\"elementor-element elementor-element-e076964 elementor-widget elementor-widget-image\" data-id=\"e076964\" data-element_type=\"widget\" data-e-type=\"widget\" data-widget_type=\"image.default\">\n\t\t\t\t<div class=\"elementor-widget-container\">\n\t\t\t\t\t\t\t\t\t\t\t\t\t\t\t<img loading=\"lazy\" decoding=\"async\" width=\"335\" height=\"223\" src=\"https:\/\/www.maidaoglass.com\/wp-content\/uploads\/2021\/03\/Maidao-Glass-Packing.jpg\" class=\"attachment-large size-large wp-image-1147\" alt=\"\" srcset=\"https:\/\/www.maidaoglass.com\/wp-content\/uploads\/2021\/03\/Maidao-Glass-Packing.jpg 335w, https:\/\/www.maidaoglass.com\/wp-content\/uploads\/2021\/03\/Maidao-Glass-Packing-300x200.jpg 300w\" sizes=\"(max-width: 335px) 100vw, 335px\" \/>\t\t\t\t\t\t\t\t\t\t\t\t\t\t\t<\/div>\n\t\t\t\t<\/div>\n\t\t\t\t\t<\/div>\n\t\t<\/div>\n\t\t\t\t<div class=\"elementor-column elementor-col-33 elementor-top-column elementor-element elementor-element-9690a59\" data-id=\"9690a59\" data-element_type=\"column\" data-e-type=\"column\">\n\t\t\t<div class=\"elementor-widget-wrap elementor-element-populated\">\n\t\t\t\t\t\t<div class=\"elementor-element elementor-element-0942acf elementor-widget elementor-widget-image\" data-id=\"0942acf\" data-element_type=\"widget\" data-e-type=\"widget\" data-widget_type=\"image.default\">\n\t\t\t\t<div class=\"elementor-widget-container\">\n\t\t\t\t\t\t\t\t\t\t\t\t\t\t\t<img loading=\"lazy\" decoding=\"async\" width=\"335\" height=\"223\" src=\"https:\/\/www.maidaoglass.com\/wp-content\/uploads\/2021\/03\/Maidao-Glass-warehouse.jpg\" class=\"attachment-large size-large wp-image-1152\" alt=\"\" srcset=\"https:\/\/www.maidaoglass.com\/wp-content\/uploads\/2021\/03\/Maidao-Glass-warehouse.jpg 335w, https:\/\/www.maidaoglass.com\/wp-content\/uploads\/2021\/03\/Maidao-Glass-warehouse-300x200.jpg 300w\" sizes=\"(max-width: 335px) 100vw, 335px\" \/>\t\t\t\t\t\t\t\t\t\t\t\t\t\t\t<\/div>\n\t\t\t\t<\/div>\n\t\t\t\t\t<\/div>\n\t\t<\/div>\n\t\t\t\t<div class=\"elementor-column elementor-col-33 elementor-top-column elementor-element elementor-element-1e4bf50\" data-id=\"1e4bf50\" data-element_type=\"column\" data-e-type=\"column\">\n\t\t\t<div class=\"elementor-widget-wrap elementor-element-populated\">\n\t\t\t\t\t\t<div class=\"elementor-element elementor-element-6b16a4f elementor-widget elementor-widget-image\" data-id=\"6b16a4f\" data-element_type=\"widget\" data-e-type=\"widget\" data-widget_type=\"image.default\">\n\t\t\t\t<div class=\"elementor-widget-container\">\n\t\t\t\t\t\t\t\t\t\t\t\t\t\t\t<img loading=\"lazy\" decoding=\"async\" width=\"335\" height=\"223\" src=\"https:\/\/www.maidaoglass.com\/wp-content\/uploads\/2021\/03\/Maidao-Glass-warehouse-05.jpg\" class=\"attachment-large size-large wp-image-1151\" alt=\"\" srcset=\"https:\/\/www.maidaoglass.com\/wp-content\/uploads\/2021\/03\/Maidao-Glass-warehouse-05.jpg 335w, https:\/\/www.maidaoglass.com\/wp-content\/uploads\/2021\/03\/Maidao-Glass-warehouse-05-300x200.jpg 300w\" sizes=\"(max-width: 335px) 100vw, 335px\" \/>\t\t\t\t\t\t\t\t\t\t\t\t\t\t\t<\/div>\n\t\t\t\t<\/div>\n\t\t\t\t\t<\/div>\n\t\t<\/div>\n\t\t\t\t\t<\/div>\n\t\t<\/section>\n\t\t\t\t<section class=\"elementor-section elementor-top-section elementor-element elementor-element-f5a1733 elementor-section-boxed elementor-section-height-default elementor-section-height-default\" data-id=\"f5a1733\" data-element_type=\"section\" data-e-type=\"section\">\n\t\t\t\t\t\t<div class=\"elementor-container elementor-column-gap-default\">\n\t\t\t\t\t<div class=\"elementor-column elementor-col-33 elementor-top-column elementor-element elementor-element-dcd9260\" data-id=\"dcd9260\" data-element_type=\"column\" data-e-type=\"column\">\n\t\t\t<div class=\"elementor-widget-wrap elementor-element-populated\">\n\t\t\t\t\t\t<div class=\"elementor-element elementor-element-0f7fc84 elementor-widget elementor-widget-image\" data-id=\"0f7fc84\" data-element_type=\"widget\" data-e-type=\"widget\" data-widget_type=\"image.default\">\n\t\t\t\t<div class=\"elementor-widget-container\">\n\t\t\t\t\t\t\t\t\t\t\t\t\t\t\t<img loading=\"lazy\" decoding=\"async\" width=\"335\" height=\"223\" src=\"https:\/\/www.maidaoglass.com\/wp-content\/uploads\/2021\/03\/Maidao-Glass-warehouse-04.jpg\" class=\"attachment-large size-large wp-image-1150\" alt=\"\" srcset=\"https:\/\/www.maidaoglass.com\/wp-content\/uploads\/2021\/03\/Maidao-Glass-warehouse-04.jpg 335w, https:\/\/www.maidaoglass.com\/wp-content\/uploads\/2021\/03\/Maidao-Glass-warehouse-04-300x200.jpg 300w\" sizes=\"(max-width: 335px) 100vw, 335px\" \/>\t\t\t\t\t\t\t\t\t\t\t\t\t\t\t<\/div>\n\t\t\t\t<\/div>\n\t\t\t\t\t<\/div>\n\t\t<\/div>\n\t\t\t\t<div class=\"elementor-column elementor-col-33 elementor-top-column elementor-element elementor-element-06d177a\" data-id=\"06d177a\" data-element_type=\"column\" data-e-type=\"column\">\n\t\t\t<div class=\"elementor-widget-wrap elementor-element-populated\">\n\t\t\t\t\t\t<div class=\"elementor-element elementor-element-097fa00 elementor-widget elementor-widget-image\" data-id=\"097fa00\" data-element_type=\"widget\" data-e-type=\"widget\" data-widget_type=\"image.default\">\n\t\t\t\t<div class=\"elementor-widget-container\">\n\t\t\t\t\t\t\t\t\t\t\t\t\t\t\t<img loading=\"lazy\" decoding=\"async\" width=\"335\" height=\"223\" src=\"https:\/\/www.maidaoglass.com\/wp-content\/uploads\/2021\/03\/Maidao-Glass-Warehouse-2.jpg\" class=\"attachment-large size-large wp-image-1149\" alt=\"\" srcset=\"https:\/\/www.maidaoglass.com\/wp-content\/uploads\/2021\/03\/Maidao-Glass-Warehouse-2.jpg 335w, https:\/\/www.maidaoglass.com\/wp-content\/uploads\/2021\/03\/Maidao-Glass-Warehouse-2-300x200.jpg 300w\" sizes=\"(max-width: 335px) 100vw, 335px\" \/>\t\t\t\t\t\t\t\t\t\t\t\t\t\t\t<\/div>\n\t\t\t\t<\/div>\n\t\t\t\t\t<\/div>\n\t\t<\/div>\n\t\t\t\t<div class=\"elementor-column elementor-col-33 elementor-top-column elementor-element elementor-element-7b3410e\" data-id=\"7b3410e\" data-element_type=\"column\" data-e-type=\"column\">\n\t\t\t<div class=\"elementor-widget-wrap elementor-element-populated\">\n\t\t\t\t\t\t<div class=\"elementor-element elementor-element-35aee48 elementor-widget elementor-widget-image\" data-id=\"35aee48\" data-element_type=\"widget\" data-e-type=\"widget\" data-widget_type=\"image.default\">\n\t\t\t\t<div class=\"elementor-widget-container\">\n\t\t\t\t\t\t\t\t\t\t\t\t\t\t\t<img loading=\"lazy\" decoding=\"async\" width=\"335\" height=\"223\" src=\"https:\/\/www.maidaoglass.com\/wp-content\/uploads\/2021\/03\/Maidao-Glass-Decal-3.jpg\" class=\"attachment-large size-large wp-image-1144\" alt=\"\" srcset=\"https:\/\/www.maidaoglass.com\/wp-content\/uploads\/2021\/03\/Maidao-Glass-Decal-3.jpg 335w, https:\/\/www.maidaoglass.com\/wp-content\/uploads\/2021\/03\/Maidao-Glass-Decal-3-300x200.jpg 300w\" sizes=\"(max-width: 335px) 100vw, 335px\" \/>\t\t\t\t\t\t\t\t\t\t\t\t\t\t\t<\/div>\n\t\t\t\t<\/div>\n\t\t\t\t\t<\/div>\n\t\t<\/div>\n\t\t\t\t\t<\/div>\n\t\t<\/section>\n\t\t\t\t<section class=\"elementor-section elementor-top-section elementor-element elementor-element-0c92b49 elementor-section-boxed elementor-section-height-default elementor-section-height-default\" data-id=\"0c92b49\" data-element_type=\"section\" data-e-type=\"section\">\n\t\t\t\t\t\t<div class=\"elementor-container elementor-column-gap-default\">\n\t\t\t\t\t<div class=\"elementor-column elementor-col-33 elementor-top-column elementor-element elementor-element-d777e2f\" data-id=\"d777e2f\" data-element_type=\"column\" data-e-type=\"column\">\n\t\t\t<div class=\"elementor-widget-wrap elementor-element-populated\">\n\t\t\t\t\t\t<div class=\"elementor-element elementor-element-640c417 elementor-widget elementor-widget-image\" data-id=\"640c417\" data-element_type=\"widget\" data-e-type=\"widget\" data-widget_type=\"image.default\">\n\t\t\t\t<div class=\"elementor-widget-container\">\n\t\t\t\t\t\t\t\t\t\t\t\t\t\t\t<img loading=\"lazy\" decoding=\"async\" width=\"335\" height=\"223\" src=\"https:\/\/www.maidaoglass.com\/wp-content\/uploads\/2021\/03\/Maidao-Glass-Checking.jpg\" class=\"attachment-large size-large wp-image-1143\" alt=\"\" srcset=\"https:\/\/www.maidaoglass.com\/wp-content\/uploads\/2021\/03\/Maidao-Glass-Checking.jpg 335w, https:\/\/www.maidaoglass.com\/wp-content\/uploads\/2021\/03\/Maidao-Glass-Checking-300x200.jpg 300w\" sizes=\"(max-width: 335px) 100vw, 335px\" \/>\t\t\t\t\t\t\t\t\t\t\t\t\t\t\t<\/div>\n\t\t\t\t<\/div>\n\t\t\t\t\t<\/div>\n\t\t<\/div>\n\t\t\t\t<div class=\"elementor-column elementor-col-33 elementor-top-column elementor-element elementor-element-836a0a6\" data-id=\"836a0a6\" data-element_type=\"column\" data-e-type=\"column\">\n\t\t\t<div class=\"elementor-widget-wrap elementor-element-populated\">\n\t\t\t\t\t\t<div class=\"elementor-element elementor-element-cef3d05 elementor-widget elementor-widget-image\" data-id=\"cef3d05\" data-element_type=\"widget\" data-e-type=\"widget\" data-widget_type=\"image.default\">\n\t\t\t\t<div class=\"elementor-widget-container\">\n\t\t\t\t\t\t\t\t\t\t\t\t\t\t\t<img loading=\"lazy\" decoding=\"async\" width=\"335\" height=\"223\" src=\"https:\/\/www.maidaoglass.com\/wp-content\/uploads\/2021\/03\/Maidao-Glass-Decolration.jpg\" class=\"attachment-large size-large wp-image-1146\" alt=\"\" srcset=\"https:\/\/www.maidaoglass.com\/wp-content\/uploads\/2021\/03\/Maidao-Glass-Decolration.jpg 335w, https:\/\/www.maidaoglass.com\/wp-content\/uploads\/2021\/03\/Maidao-Glass-Decolration-300x200.jpg 300w\" sizes=\"(max-width: 335px) 100vw, 335px\" \/>\t\t\t\t\t\t\t\t\t\t\t\t\t\t\t<\/div>\n\t\t\t\t<\/div>\n\t\t\t\t\t<\/div>\n\t\t<\/div>\n\t\t\t\t<div class=\"elementor-column elementor-col-33 elementor-top-column elementor-element elementor-element-e8ac2d4\" data-id=\"e8ac2d4\" data-element_type=\"column\" data-e-type=\"column\">\n\t\t\t<div class=\"elementor-widget-wrap elementor-element-populated\">\n\t\t\t\t\t\t<div class=\"elementor-element elementor-element-cba611d elementor-widget elementor-widget-image\" data-id=\"cba611d\" data-element_type=\"widget\" data-e-type=\"widget\" data-widget_type=\"image.default\">\n\t\t\t\t<div class=\"elementor-widget-container\">\n\t\t\t\t\t\t\t\t\t\t\t\t\t\t\t<img loading=\"lazy\" decoding=\"async\" width=\"335\" height=\"223\" src=\"https:\/\/www.maidaoglass.com\/wp-content\/uploads\/2021\/03\/Maidao-Glass-Decal.jpg\" class=\"attachment-large size-large wp-image-1145\" alt=\"\" srcset=\"https:\/\/www.maidaoglass.com\/wp-content\/uploads\/2021\/03\/Maidao-Glass-Decal.jpg 335w, https:\/\/www.maidaoglass.com\/wp-content\/uploads\/2021\/03\/Maidao-Glass-Decal-300x200.jpg 300w\" sizes=\"(max-width: 335px) 100vw, 335px\" \/>\t\t\t\t\t\t\t\t\t\t\t\t\t\t\t<\/div>\n\t\t\t\t<\/div>\n\t\t\t\t\t<\/div>\n\t\t<\/div>\n\t\t\t\t\t<\/div>\n\t\t<\/section>\n\t\t\t\t<\/div>","protected":false},"excerpt":{"rendered":"<p>Factory Tour Maidao Glass, we are China glass bottle Manufacturer. Glad to check our factory,&nbsp; from we control orignial material strictly,&nbsp; then melt to glass liquid,&nbsp; via auto machine to drop glass to mold, then shaped to good quality glassware,&nbsp; we monitor and check each details,&nbsp; then we can confirm stable quality products. We provide [&hellip;]<\/p>\n","protected":false},"author":1,"featured_media":0,"parent":0,"menu_order":0,"comment_status":"closed","ping_status":"closed","template":"","meta":{"_seopress_robots_primary_cat":"","_seopress_titles_title":"Reliable Chinese glass bottle manufacturer Tour - Maidao Glass","_seopress_titles_desc":"Glad to check our factory, from we control orignial material strictly, then melt to glass liquid, via auto machine to drop glass to mold, then shaped to good quality glassware, we monitor and check each details, then we can confirm stable quality products.","_seopress_robots_index":"","footnotes":""},"class_list":["post-993","page","type-page","status-publish","hentry"],"_links":{"self":[{"href":"https:\/\/www.maidaoglass.com\/es\/wp-json\/wp\/v2\/pages\/993","targetHints":{"allow":["GET"]}}],"collection":[{"href":"https:\/\/www.maidaoglass.com\/es\/wp-json\/wp\/v2\/pages"}],"about":[{"href":"https:\/\/www.maidaoglass.com\/es\/wp-json\/wp\/v2\/types\/page"}],"author":[{"embeddable":true,"href":"https:\/\/www.maidaoglass.com\/es\/wp-json\/wp\/v2\/users\/1"}],"replies":[{"embeddable":true,"href":"https:\/\/www.maidaoglass.com\/es\/wp-json\/wp\/v2\/comments?post=993"}],"version-history":[{"count":5,"href":"https:\/\/www.maidaoglass.com\/es\/wp-json\/wp\/v2\/pages\/993\/revisions"}],"predecessor-version":[{"id":4626,"href":"https:\/\/www.maidaoglass.com\/es\/wp-json\/wp\/v2\/pages\/993\/revisions\/4626"}],"wp:attachment":[{"href":"https:\/\/www.maidaoglass.com\/es\/wp-json\/wp\/v2\/media?parent=993"}],"curies":[{"name":"wp","href":"https:\/\/api.w.org\/{rel}","templated":true}]}}