{"id":997,"date":"2021-03-02T13:20:21","date_gmt":"2021-03-02T13:20:21","guid":{"rendered":"https:\/\/www.maidaoglass.com\/?page_id=997"},"modified":"2021-12-09T03:32:57","modified_gmt":"2021-12-09T03:32:57","slug":"sostenibilidad","status":"publish","type":"page","link":"https:\/\/www.maidaoglass.com\/es\/sostenibilidad\/","title":{"rendered":"Sostenibilidad"},"content":{"rendered":"<div data-elementor-type=\"wp-page\" data-elementor-id=\"997\" class=\"elementor elementor-997\" data-elementor-post-type=\"page\">\n\t\t\t\t\t\t<section class=\"elementor-section elementor-top-section elementor-element elementor-element-538765df elementor-section-full_width elementor-section-height-min-height elementor-section-height-default elementor-section-items-middle\" data-id=\"538765df\" data-element_type=\"section\" data-e-type=\"section\" data-settings=\"{&quot;background_background&quot;:&quot;classic&quot;}\">\n\t\t\t\t\t\t<div class=\"elementor-container elementor-column-gap-default\">\n\t\t\t\t\t<div class=\"elementor-column elementor-col-100 elementor-top-column elementor-element elementor-element-67655e95\" data-id=\"67655e95\" data-element_type=\"column\" data-e-type=\"column\">\n\t\t\t<div class=\"elementor-widget-wrap elementor-element-populated\">\n\t\t\t\t\t\t<div class=\"elementor-element elementor-element-462cbd5e elementor-widget elementor-widget-heading\" data-id=\"462cbd5e\" data-element_type=\"widget\" data-e-type=\"widget\" data-widget_type=\"heading.default\">\n\t\t\t\t<div class=\"elementor-widget-container\">\n\t\t\t\t\t<h2 class=\"elementor-heading-title elementor-size-default\">Sostenibilidad<\/h2>\t\t\t\t<\/div>\n\t\t\t\t<\/div>\n\t\t\t\t<div class=\"elementor-element elementor-element-6f7ea9f9 elementor-widget elementor-widget-woocommerce-breadcrumb\" data-id=\"6f7ea9f9\" data-element_type=\"widget\" data-e-type=\"widget\" data-widget_type=\"woocommerce-breadcrumb.default\">\n\t\t\t\t<div class=\"elementor-widget-container\">\n\t\t\t\t\t<nav class=\"woocommerce-breadcrumb\" aria-label=\"Breadcrumb\" data-no-translation=\"\" data-trp-gettext=\"\">Inicio<\/nav>\t\t\t\t<\/div>\n\t\t\t\t<\/div>\n\t\t\t\t\t<\/div>\n\t\t<\/div>\n\t\t\t\t\t<\/div>\n\t\t<\/section>\n\t\t\t\t<section class=\"elementor-section elementor-top-section elementor-element elementor-element-9cc58e6 elementor-section-boxed elementor-section-height-default elementor-section-height-default\" data-id=\"9cc58e6\" data-element_type=\"section\" data-e-type=\"section\">\n\t\t\t\t\t\t<div class=\"elementor-container elementor-column-gap-default\">\n\t\t\t\t\t<div class=\"elementor-column elementor-col-100 elementor-top-column elementor-element elementor-element-ff349ed\" data-id=\"ff349ed\" data-element_type=\"column\" data-e-type=\"column\">\n\t\t\t<div class=\"elementor-widget-wrap elementor-element-populated\">\n\t\t\t\t\t\t<div class=\"elementor-element elementor-element-79c7639 elementor-widget elementor-widget-text-editor\" data-id=\"79c7639\" data-element_type=\"widget\" data-e-type=\"widget\" data-widget_type=\"text-editor.default\">\n\t\t\t\t<div class=\"elementor-widget-container\">\n\t\t\t\t\t\t\t\t\t<p>La econom\u00eda circular est\u00e1 en el centro de la estrategia de Maidao Glass y estamos convencidos de que el vidrio es uno de los materiales m\u00e1s sostenibles. Para ello, estamos trabajando con todas nuestras partes interesadas en las tres \u00e1reas siguientes:<\/p><ul><li>Contribuir a aumentar la recogida de vidrio apoyando, sensibilizando y movilizando a los distintos agentes implicados en esta recogida para integrar cada vez m\u00e1s vidrio reciclado en nuestras producciones.<\/li><li>Trabajar en la optimizaci\u00f3n de la integraci\u00f3n del cullet externo siguiendo invirtiendo en nuestros centros de procesamiento especializados, pero tambi\u00e9n en el trabajo de todos nuestros especialistas en cullet para que la calidad y la cantidad mejoren cada a\u00f1o, en todo el mundo, teniendo en cuenta todas las caracter\u00edsticas y diferencias locales.<\/li><li>Por \u00faltimo, hacer de la reutilizaci\u00f3n una soluci\u00f3n beneficiosa para todos, tanto para el planeta como para los envases de vidrio en los que creemos. El objetivo es perpetuar los bucles locales ofreciendo la reutilizaci\u00f3n de los envases de vidrio siempre que sea posible.<\/li><\/ul>\t\t\t\t\t\t\t\t<\/div>\n\t\t\t\t<\/div>\n\t\t\t\t\t<\/div>\n\t\t<\/div>\n\t\t\t\t\t<\/div>\n\t\t<\/section>\n\t\t\t\t<section class=\"elementor-section elementor-top-section elementor-element elementor-element-19b9839 elementor-section-boxed elementor-section-height-default elementor-section-height-default\" data-id=\"19b9839\" data-element_type=\"section\" data-e-type=\"section\">\n\t\t\t\t\t\t<div class=\"elementor-container elementor-column-gap-default\">\n\t\t\t\t\t<div class=\"elementor-column elementor-col-50 elementor-top-column elementor-element elementor-element-6aaea38\" data-id=\"6aaea38\" data-element_type=\"column\" data-e-type=\"column\">\n\t\t\t<div class=\"elementor-widget-wrap elementor-element-populated\">\n\t\t\t\t\t\t<div class=\"elementor-element elementor-element-90df4c3 elementor-widget elementor-widget-image\" data-id=\"90df4c3\" data-element_type=\"widget\" data-e-type=\"widget\" data-widget_type=\"image.default\">\n\t\t\t\t<div class=\"elementor-widget-container\">\n\t\t\t\t\t\t\t\t\t\t\t\t\t\t\t<img fetchpriority=\"high\" decoding=\"async\" width=\"536\" height=\"440\" src=\"https:\/\/www.maidaoglass.com\/wp-content\/uploads\/2021\/03\/Sustainability\u200b.jpg\" class=\"attachment-large size-large wp-image-1270\" alt=\"\" srcset=\"https:\/\/www.maidaoglass.com\/wp-content\/uploads\/2021\/03\/Sustainability\u200b.jpg 536w, https:\/\/www.maidaoglass.com\/wp-content\/uploads\/2021\/03\/Sustainability\u200b-300x246.jpg 300w\" sizes=\"(max-width: 536px) 100vw, 536px\" \/>\t\t\t\t\t\t\t\t\t\t\t\t\t\t\t<\/div>\n\t\t\t\t<\/div>\n\t\t\t\t\t<\/div>\n\t\t<\/div>\n\t\t\t\t<div class=\"elementor-column elementor-col-50 elementor-top-column elementor-element elementor-element-e01c292\" data-id=\"e01c292\" data-element_type=\"column\" data-e-type=\"column\">\n\t\t\t<div class=\"elementor-widget-wrap elementor-element-populated\">\n\t\t\t\t\t\t<div class=\"elementor-element elementor-element-4f9abcb elementor-widget elementor-widget-text-editor\" data-id=\"4f9abcb\" data-element_type=\"widget\" data-e-type=\"widget\" data-widget_type=\"text-editor.default\">\n\t\t\t\t<div class=\"elementor-widget-container\">\n\t\t\t\t\t\t\t\t\t<p>\"El siglo XX fue testigo del desarrollo de una sociedad de consumo que multiplic\u00f3 por 10 el uso de los recursos naturales. La econom\u00eda circular tiene como objetivo la gesti\u00f3n frugal y eficiente de los recursos. Por tanto, el futuro deber\u00eda conducir a un profundo cambio en las organizaciones (tanto locales como mundiales) y en los estilos de vida.\"<\/p>\t\t\t\t\t\t\t\t<\/div>\n\t\t\t\t<\/div>\n\t\t\t\t\t<\/div>\n\t\t<\/div>\n\t\t\t\t\t<\/div>\n\t\t<\/section>\n\t\t\t\t<section class=\"elementor-section elementor-top-section elementor-element elementor-element-ba8e8f2 elementor-section-full_width elementor-section-height-default elementor-section-height-default\" data-id=\"ba8e8f2\" data-element_type=\"section\" data-e-type=\"section\">\n\t\t\t\t\t\t<div class=\"elementor-container elementor-column-gap-no\">\n\t\t\t\t\t<div class=\"elementor-column elementor-col-100 elementor-top-column elementor-element elementor-element-a89efbe\" data-id=\"a89efbe\" data-element_type=\"column\" data-e-type=\"column\">\n\t\t\t<div class=\"elementor-widget-wrap elementor-element-populated\">\n\t\t\t\t\t\t<div class=\"elementor-element elementor-element-26de106 elementor-widget elementor-widget-image\" data-id=\"26de106\" data-element_type=\"widget\" data-e-type=\"widget\" data-widget_type=\"image.default\">\n\t\t\t\t<div class=\"elementor-widget-container\">\n\t\t\t\t\t\t\t\t\t\t\t\t\t\t\t<img decoding=\"async\" width=\"1920\" height=\"500\" src=\"https:\/\/www.maidaoglass.com\/wp-content\/uploads\/2021\/03\/glass-bottle-manufacutrer.jpg\" class=\"attachment-full size-full wp-image-1277\" alt=\"\" srcset=\"https:\/\/www.maidaoglass.com\/wp-content\/uploads\/2021\/03\/glass-bottle-manufacutrer.jpg 1920w, https:\/\/www.maidaoglass.com\/wp-content\/uploads\/2021\/03\/glass-bottle-manufacutrer-300x78.jpg 300w, https:\/\/www.maidaoglass.com\/wp-content\/uploads\/2021\/03\/glass-bottle-manufacutrer-1024x267.jpg 1024w, https:\/\/www.maidaoglass.com\/wp-content\/uploads\/2021\/03\/glass-bottle-manufacutrer-768x200.jpg 768w, https:\/\/www.maidaoglass.com\/wp-content\/uploads\/2021\/03\/glass-bottle-manufacutrer-1536x400.jpg 1536w, https:\/\/www.maidaoglass.com\/wp-content\/uploads\/2021\/03\/glass-bottle-manufacutrer-600x156.jpg 600w\" sizes=\"(max-width: 1920px) 100vw, 1920px\" \/>\t\t\t\t\t\t\t\t\t\t\t\t\t\t\t<\/div>\n\t\t\t\t<\/div>\n\t\t\t\t\t<\/div>\n\t\t<\/div>\n\t\t\t\t\t<\/div>\n\t\t<\/section>\n\t\t\t\t<\/div>","protected":false},"excerpt":{"rendered":"<p>Sustainability The circular economy is at the heart of Maidao Glass strategy and we are convinced that glass is one of the most sustainable materials. To this end, we are working with all our stakeholders in the following three areas: Help increase glass collection by supporting, raising awareness and mobilizing the various players involved in [&hellip;]<\/p>\n","protected":false},"author":1,"featured_media":0,"parent":0,"menu_order":0,"comment_status":"closed","ping_status":"closed","template":"","meta":{"_seopress_robots_primary_cat":"","_seopress_titles_title":"Sustainability For Glass Packaging - Maidao Glass","_seopress_titles_desc":"The circular economy is at the heart of Maidao Glass strategy and we are convinced that glass is one of the most sustainable materials.","_seopress_robots_index":"","_seopress_analysis_target_kw":"","footnotes":""},"class_list":["post-997","page","type-page","status-publish","hentry"],"_links":{"self":[{"href":"https:\/\/www.maidaoglass.com\/es\/wp-json\/wp\/v2\/pages\/997","targetHints":{"allow":["GET"]}}],"collection":[{"href":"https:\/\/www.maidaoglass.com\/es\/wp-json\/wp\/v2\/pages"}],"about":[{"href":"https:\/\/www.maidaoglass.com\/es\/wp-json\/wp\/v2\/types\/page"}],"author":[{"embeddable":true,"href":"https:\/\/www.maidaoglass.com\/es\/wp-json\/wp\/v2\/users\/1"}],"replies":[{"embeddable":true,"href":"https:\/\/www.maidaoglass.com\/es\/wp-json\/wp\/v2\/comments?post=997"}],"version-history":[{"count":7,"href":"https:\/\/www.maidaoglass.com\/es\/wp-json\/wp\/v2\/pages\/997\/revisions"}],"predecessor-version":[{"id":4380,"href":"https:\/\/www.maidaoglass.com\/es\/wp-json\/wp\/v2\/pages\/997\/revisions\/4380"}],"wp:attachment":[{"href":"https:\/\/www.maidaoglass.com\/es\/wp-json\/wp\/v2\/media?parent=997"}],"curies":[{"name":"wp","href":"https:\/\/api.w.org\/{rel}","templated":true}]}}