{"id":108,"date":"2021-02-21T10:02:31","date_gmt":"2021-02-21T10:02:31","guid":{"rendered":"https:\/\/www.maidaoglass.com\/product\/import-placeholder-for-1095\/"},"modified":"2021-11-22T04:49:40","modified_gmt":"2021-11-22T04:49:40","slug":"botella-de-vidrio-redonda-con-tapa-abatible-de-100-ml","status":"publish","type":"product","link":"https:\/\/www.maidaoglass.com\/es\/vidrio\/botella-de-vidrio-redonda-con-tapa-abatible-de-100-ml\/","title":{"rendered":"Botella redonda de vidrio de 100 ml"},"content":{"rendered":"<p>Botella redonda de vidrio con tap\u00f3n giratorio de 100 ml Perfecta para cerveza, vino, salsas, vinagres o cualquier cosa que requiera una botella de vidrio con tap\u00f3n recerrable. Las botellas con tap\u00f3n giratorio mantendr\u00e1n su cerveza fresca y carbonatada. \u00a1No desperdicie m\u00e1s cerveza! Exhiba sus cervezas especiales en nuestras botellas de estilo tradicional.<\/p>\n<table width=\"0\">\n<tbody>\n<tr>\n<td>Capacidad<\/td>\n<td>60ml 120ml 250ml 500ml 750ml 1000ml<\/td>\n<\/tr>\n<tr>\n<td>Estilo botella<\/td>\n<td>Forma redonda<\/td>\n<\/tr>\n<tr>\n<td>Color<\/td>\n<td>Claro<\/td>\n<\/tr>\n<tr>\n<td>Material<\/td>\n<td>Vidrio Flint<\/td>\n<\/tr>\n<tr>\n<td>Aprobado por la FDA<\/td>\n<td>S\u00ed<\/td>\n<\/tr>\n<tr>\n<td>Estilo gorra<\/td>\n<td>Tapa oscilante<\/td>\n<\/tr>\n<\/tbody>\n<\/table>","protected":false},"excerpt":{"rendered":"<p>Frascos redondos de 100 ml con tapa abatible<br \/>\nM\u00e1s gruesas y resistentes que las botellas normales<br \/>\nTapa moldeada resistente con junta de goma reemplazable<br \/>\nEl tap\u00f3n y la junta son materiales aprobados por la FDA<\/p>","protected":false},"featured_media":138,"comment_status":"open","ping_status":"closed","template":"","meta":{"_seopress_robots_primary_cat":"none","_seopress_titles_title":"100ml Round Swing Top Glass Bottle - Maidao Glass","_seopress_titles_desc":"100ml Round Swing Top Glass Bottle Perfect for beer, wine, sauces, vinegars, or anything that requires a glass bottle with a re-sealable cap. swing top bottles will keep your beer fresh and carbonated! No more wasting beer! Showcase your special beers in our traditionally styled bottles!","_seopress_robots_index":""},"product_brand":[],"product_cat":[21],"product_tag":[],"class_list":{"0":"post-108","1":"product","2":"type-product","3":"status-publish","4":"has-post-thumbnail","6":"product_cat-swing-top-glass-bottles","8":"first","9":"instock","10":"shipping-taxable","11":"product-type-simple"},"_links":{"self":[{"href":"https:\/\/www.maidaoglass.com\/es\/wp-json\/wp\/v2\/product\/108","targetHints":{"allow":["GET"]}}],"collection":[{"href":"https:\/\/www.maidaoglass.com\/es\/wp-json\/wp\/v2\/product"}],"about":[{"href":"https:\/\/www.maidaoglass.com\/es\/wp-json\/wp\/v2\/types\/product"}],"replies":[{"embeddable":true,"href":"https:\/\/www.maidaoglass.com\/es\/wp-json\/wp\/v2\/comments?post=108"}],"version-history":[{"count":1,"href":"https:\/\/www.maidaoglass.com\/es\/wp-json\/wp\/v2\/product\/108\/revisions"}],"predecessor-version":[{"id":3915,"href":"https:\/\/www.maidaoglass.com\/es\/wp-json\/wp\/v2\/product\/108\/revisions\/3915"}],"wp:featuredmedia":[{"embeddable":true,"href":"https:\/\/www.maidaoglass.com\/es\/wp-json\/wp\/v2\/media\/138"}],"wp:attachment":[{"href":"https:\/\/www.maidaoglass.com\/es\/wp-json\/wp\/v2\/media?parent=108"}],"wp:term":[{"taxonomy":"product_brand","embeddable":true,"href":"https:\/\/www.maidaoglass.com\/es\/wp-json\/wp\/v2\/product_brand?post=108"},{"taxonomy":"product_cat","embeddable":true,"href":"https:\/\/www.maidaoglass.com\/es\/wp-json\/wp\/v2\/product_cat?post=108"},{"taxonomy":"product_tag","embeddable":true,"href":"https:\/\/www.maidaoglass.com\/es\/wp-json\/wp\/v2\/product_tag?post=108"}],"curies":[{"name":"wp","href":"https:\/\/api.w.org\/{rel}","templated":true}]}}