{"id":109,"date":"2021-02-21T10:02:31","date_gmt":"2021-02-21T10:02:31","guid":{"rendered":"https:\/\/www.maidaoglass.com\/product\/import-placeholder-for-1097\/"},"modified":"2021-11-21T13:58:54","modified_gmt":"2021-11-21T13:58:54","slug":"botella-de-vidrio-cuadrada-francesa-de-16-oz","status":"publish","type":"product","link":"https:\/\/www.maidaoglass.com\/es\/vidrio\/botella-de-vidrio-cuadrada-francesa-de-16-oz\/","title":{"rendered":"Botella de vidrio cuadrada francesa 16oz"},"content":{"rendered":"<p>Tapa del biber\u00f3n rasgable a mano: material pl\u00e1stico apto para uso alimentario, almacenamiento seguro, tapa f\u00e1cil de rasgar con sellado fino<\/p>\n<table width=\"0\">\n<tbody>\n<tr>\n<td>Capacidad<\/td>\n<td>240ml 280ml 360ml 400ml 480ml 1000ml<\/td>\n<\/tr>\n<tr>\n<td>Estilo botella<\/td>\n<td>Forma redonda<\/td>\n<\/tr>\n<tr>\n<td>Color<\/td>\n<td>Claro<\/td>\n<\/tr>\n<tr>\n<td>Material<\/td>\n<td>Vidrio Flint<\/td>\n<\/tr>\n<tr>\n<td>Aprobado por la FDA<\/td>\n<td>S\u00ed<\/td>\n<\/tr>\n<tr>\n<td>Estilo gorra<\/td>\n<td>Tapa de aluminio<\/td>\n<\/tr>\n<tr>\n<td>Talla<\/td>\n<td><\/td>\n<\/tr>\n<\/tbody>\n<\/table>","protected":false},"excerpt":{"rendered":"<p>Tapa de botella de rasgado manual: material pl\u00e1stico de calidad alimentaria, almacenamiento seguro, tapa de rasgado f\u00e1cil con sellado fino;<br \/>\nUso: se puede utilizar para llenar muchos tipos de l\u00edquidos, como agua fr\u00eda \/ caliente, caf\u00e9 con leche, bebidas y zumos, etc;<\/p>","protected":false},"featured_media":139,"comment_status":"open","ping_status":"closed","template":"","meta":{"_seopress_robots_primary_cat":"none","_seopress_titles_title":"16oz French Square Glass Bottle - Maidao Glass","_seopress_titles_desc":"16oz French Square Glass Bottle, Hand-tear bottle cap lid: food grade plastic material, safe storage,easy tear off lid with fine sealability","_seopress_robots_index":""},"product_brand":[],"product_cat":[44],"product_tag":[],"class_list":{"0":"post-109","1":"product","2":"type-product","3":"status-publish","4":"has-post-thumbnail","6":"product_cat-glass-juice-bottles","8":"first","9":"instock","10":"shipping-taxable","11":"product-type-simple"},"_links":{"self":[{"href":"https:\/\/www.maidaoglass.com\/es\/wp-json\/wp\/v2\/product\/109","targetHints":{"allow":["GET"]}}],"collection":[{"href":"https:\/\/www.maidaoglass.com\/es\/wp-json\/wp\/v2\/product"}],"about":[{"href":"https:\/\/www.maidaoglass.com\/es\/wp-json\/wp\/v2\/types\/product"}],"replies":[{"embeddable":true,"href":"https:\/\/www.maidaoglass.com\/es\/wp-json\/wp\/v2\/comments?post=109"}],"version-history":[{"count":1,"href":"https:\/\/www.maidaoglass.com\/es\/wp-json\/wp\/v2\/product\/109\/revisions"}],"predecessor-version":[{"id":3878,"href":"https:\/\/www.maidaoglass.com\/es\/wp-json\/wp\/v2\/product\/109\/revisions\/3878"}],"wp:featuredmedia":[{"embeddable":true,"href":"https:\/\/www.maidaoglass.com\/es\/wp-json\/wp\/v2\/media\/139"}],"wp:attachment":[{"href":"https:\/\/www.maidaoglass.com\/es\/wp-json\/wp\/v2\/media?parent=109"}],"wp:term":[{"taxonomy":"product_brand","embeddable":true,"href":"https:\/\/www.maidaoglass.com\/es\/wp-json\/wp\/v2\/product_brand?post=109"},{"taxonomy":"product_cat","embeddable":true,"href":"https:\/\/www.maidaoglass.com\/es\/wp-json\/wp\/v2\/product_cat?post=109"},{"taxonomy":"product_tag","embeddable":true,"href":"https:\/\/www.maidaoglass.com\/es\/wp-json\/wp\/v2\/product_tag?post=109"}],"curies":[{"name":"wp","href":"https:\/\/api.w.org\/{rel}","templated":true}]}}