{"id":121,"date":"2021-02-21T10:02:31","date_gmt":"2021-02-21T10:02:31","guid":{"rendered":"https:\/\/www.maidaoglass.com\/product\/import-placeholder-for-1169\/"},"modified":"2021-10-24T09:28:49","modified_gmt":"2021-10-24T09:28:49","slug":"botella-cuadrada-transparente-para-aceite-de-oliva-de-1000-ml","status":"publish","type":"product","link":"https:\/\/www.maidaoglass.com\/es\/vidrio\/botella-cuadrada-transparente-para-aceite-de-oliva-de-1000-ml\/","title":{"rendered":"Botella cuadrada transparente para aceite de oliva de 1000 ml"},"content":{"rendered":"<p>Botella marasca de vidrio transparente de 1000 ml.<br \/>\nLa esbelta forma cuadrada de la Marasca Transparente de 1000 ml la hace perfecta para llenar al m\u00e1ximo las estanter\u00edas, pero tambi\u00e9n confiere a su producto un aspecto \u00fanico.<br \/>\nEl color transparente tambi\u00e9n le confiere un aspecto elegante que resulta perfecto para envasar aceites de oliva, vinagre, ali\u00f1os y otros productos semiviscos.<\/p>\n<table>\n<tbody>\n<tr>\n<td>Capacidad<\/td>\n<td>100 ml, 250 ml, 500 ml, 750 ml, 1000 ml<\/td>\n<\/tr>\n<tr>\n<td>Estilo botella<\/td>\n<td>Cuadrado<\/td>\n<\/tr>\n<tr>\n<td>Color<\/td>\n<td>Claro<\/td>\n<\/tr>\n<tr>\n<td>Material<\/td>\n<td>VASO DE SOSA-LIMA<\/td>\n<\/tr>\n<tr>\n<td>Aprobado por la FDA<\/td>\n<td>S\u00ed<\/td>\n<\/tr>\n<tr>\n<td>Estilo gorra<\/td>\n<td>Tapa de pl\u00e1stico, tapa de aluminio, ca\u00f1os<\/td>\n<\/tr>\n<\/tbody>\n<\/table>\n<p>&nbsp;<\/p>","protected":false},"excerpt":{"rendered":"<p>Botella cuadrada transparente para aceite de oliva de 1000 ml<br \/>\nTapa de aluminio opcional, tapa de pl\u00e1stico, ca\u00f1os<br \/>\nda a su producto un aspecto \u00fanico.<\/p>","protected":false},"featured_media":150,"comment_status":"open","ping_status":"closed","template":"","meta":{"_seopress_robots_primary_cat":"none","_seopress_titles_title":"1000ml square clear olive oil bottle - Maidao Glass","_seopress_titles_desc":"Factory price wholesale 1000ml square clear olive oil bottle, also would like custom clear olive oil bottle. olive oil glass bottle manufacturer in China.","_seopress_robots_index":"","_seopress_analysis_target_kw":""},"product_brand":[],"product_cat":[36],"product_tag":[],"class_list":{"0":"post-121","1":"product","2":"type-product","3":"status-publish","4":"has-post-thumbnail","6":"product_cat-olive-oil-bottle","8":"first","9":"instock","10":"shipping-taxable","11":"product-type-simple"},"_links":{"self":[{"href":"https:\/\/www.maidaoglass.com\/es\/wp-json\/wp\/v2\/product\/121","targetHints":{"allow":["GET"]}}],"collection":[{"href":"https:\/\/www.maidaoglass.com\/es\/wp-json\/wp\/v2\/product"}],"about":[{"href":"https:\/\/www.maidaoglass.com\/es\/wp-json\/wp\/v2\/types\/product"}],"replies":[{"embeddable":true,"href":"https:\/\/www.maidaoglass.com\/es\/wp-json\/wp\/v2\/comments?post=121"}],"version-history":[{"count":1,"href":"https:\/\/www.maidaoglass.com\/es\/wp-json\/wp\/v2\/product\/121\/revisions"}],"predecessor-version":[{"id":3648,"href":"https:\/\/www.maidaoglass.com\/es\/wp-json\/wp\/v2\/product\/121\/revisions\/3648"}],"wp:featuredmedia":[{"embeddable":true,"href":"https:\/\/www.maidaoglass.com\/es\/wp-json\/wp\/v2\/media\/150"}],"wp:attachment":[{"href":"https:\/\/www.maidaoglass.com\/es\/wp-json\/wp\/v2\/media?parent=121"}],"wp:term":[{"taxonomy":"product_brand","embeddable":true,"href":"https:\/\/www.maidaoglass.com\/es\/wp-json\/wp\/v2\/product_brand?post=121"},{"taxonomy":"product_cat","embeddable":true,"href":"https:\/\/www.maidaoglass.com\/es\/wp-json\/wp\/v2\/product_cat?post=121"},{"taxonomy":"product_tag","embeddable":true,"href":"https:\/\/www.maidaoglass.com\/es\/wp-json\/wp\/v2\/product_tag?post=121"}],"curies":[{"name":"wp","href":"https:\/\/api.w.org\/{rel}","templated":true}]}}