{"id":128,"date":"2021-02-21T10:02:32","date_gmt":"2021-02-21T10:02:32","guid":{"rendered":"https:\/\/www.maidaoglass.com\/product\/import-placeholder-for-1183\/"},"modified":"2021-10-24T09:18:43","modified_gmt":"2021-10-24T09:18:43","slug":"botella-cuadrada-de-500-ml-de-aceite-de-oliva-verde-oscuro","status":"publish","type":"product","link":"https:\/\/www.maidaoglass.com\/es\/vidrio\/botella-cuadrada-de-500-ml-de-aceite-de-oliva-verde-oscuro\/","title":{"rendered":"Botella cuadrada de 500 ml de aceite de oliva verde oscuro"},"content":{"rendered":"<p>Botella marasca de vidrio verde oscuro de 500 ml.<br \/>\nLa esbelta forma cuadrada de la Marasca Verde Oscuro de 500 ml la hace perfecta para llenar al m\u00e1ximo las estanter\u00edas, pero tambi\u00e9n confiere a su producto un aspecto \u00fanico.<br \/>\nEl color verde oscuro tambi\u00e9n le confiere un aspecto elegante que resulta perfecto para envasar aceites de oliva, vinagre, ali\u00f1os y otros productos semiviscos.<\/p>\n<table>\n<tbody>\n<tr>\n<td>Capacidad<\/td>\n<td>250 ml, 500 ml, 750 ml, 1000 ml<\/td>\n<\/tr>\n<tr>\n<td>Estilo botella<\/td>\n<td>Plaza\/Marasca<\/td>\n<\/tr>\n<tr>\n<td>Color<\/td>\n<td>\u00a0Verde oscuro<\/td>\n<\/tr>\n<tr>\n<td>Material<\/td>\n<td>VASO DE SOSA-LIMA<\/td>\n<\/tr>\n<tr>\n<td>Aprobado por la FDA<\/td>\n<td>S\u00ed<\/td>\n<\/tr>\n<tr>\n<td>Estilo gorra<\/td>\n<td>Tapa de pl\u00e1stico, tapa de aluminio, ca\u00f1os<\/td>\n<\/tr>\n<\/tbody>\n<\/table>\n<p>&nbsp;<\/p>\n<p>&nbsp;<\/p>","protected":false},"excerpt":{"rendered":"<p>Botella cuadrada de aceite de oliva verde oscuro de 500 ml<br \/>\nTapa de aluminio opcional, tapa de pl\u00e1stico, ca\u00f1os<br \/>\nda a su producto un aspecto \u00fanico.<\/p>","protected":false},"featured_media":157,"comment_status":"open","ping_status":"closed","template":"","meta":{"_seopress_robots_primary_cat":"none","_seopress_titles_title":"500ml square dark green olive oil - Maidao Glass","_seopress_titles_desc":"Factory price wholesale 500ml square dark green olive oil bottle, also would like custom drak green olive oil bottle. olive oil glass bottle manufacturer in China","_seopress_robots_index":"","_seopress_analysis_target_kw":""},"product_brand":[],"product_cat":[36],"product_tag":[],"class_list":{"0":"post-128","1":"product","2":"type-product","3":"status-publish","4":"has-post-thumbnail","6":"product_cat-olive-oil-bottle","8":"first","9":"instock","10":"shipping-taxable","11":"product-type-simple"},"_links":{"self":[{"href":"https:\/\/www.maidaoglass.com\/es\/wp-json\/wp\/v2\/product\/128","targetHints":{"allow":["GET"]}}],"collection":[{"href":"https:\/\/www.maidaoglass.com\/es\/wp-json\/wp\/v2\/product"}],"about":[{"href":"https:\/\/www.maidaoglass.com\/es\/wp-json\/wp\/v2\/types\/product"}],"replies":[{"embeddable":true,"href":"https:\/\/www.maidaoglass.com\/es\/wp-json\/wp\/v2\/comments?post=128"}],"version-history":[{"count":1,"href":"https:\/\/www.maidaoglass.com\/es\/wp-json\/wp\/v2\/product\/128\/revisions"}],"predecessor-version":[{"id":3641,"href":"https:\/\/www.maidaoglass.com\/es\/wp-json\/wp\/v2\/product\/128\/revisions\/3641"}],"wp:featuredmedia":[{"embeddable":true,"href":"https:\/\/www.maidaoglass.com\/es\/wp-json\/wp\/v2\/media\/157"}],"wp:attachment":[{"href":"https:\/\/www.maidaoglass.com\/es\/wp-json\/wp\/v2\/media?parent=128"}],"wp:term":[{"taxonomy":"product_brand","embeddable":true,"href":"https:\/\/www.maidaoglass.com\/es\/wp-json\/wp\/v2\/product_brand?post=128"},{"taxonomy":"product_cat","embeddable":true,"href":"https:\/\/www.maidaoglass.com\/es\/wp-json\/wp\/v2\/product_cat?post=128"},{"taxonomy":"product_tag","embeddable":true,"href":"https:\/\/www.maidaoglass.com\/es\/wp-json\/wp\/v2\/product_tag?post=128"}],"curies":[{"name":"wp","href":"https:\/\/api.w.org\/{rel}","templated":true}]}}