{"id":130,"date":"2021-02-21T10:02:32","date_gmt":"2021-02-21T10:02:32","guid":{"rendered":"https:\/\/www.maidaoglass.com\/product\/import-placeholder-for-1187\/"},"modified":"2021-10-24T09:19:31","modified_gmt":"2021-10-24T09:19:31","slug":"botella-redonda-de-aceite-de-oliva-verde-oscuro-de-750-ml","status":"publish","type":"product","link":"https:\/\/www.maidaoglass.com\/es\/vidrio\/botella-redonda-de-aceite-de-oliva-verde-oscuro-de-750-ml\/","title":{"rendered":"Botella redonda de aceite de oliva verde oscuro de 750 ml"},"content":{"rendered":"<p>Botella de vidrio Dorica Verde Oscuro de 750 ml.<br \/>\nLa esbelta forma cuadrada de la Dorica Verde Oscuro de 250 ml la hace perfecta para llenar al m\u00e1ximo las estanter\u00edas, pero tambi\u00e9n confiere a su producto un aspecto \u00fanico.<br \/>\nEl color verde oscuro tambi\u00e9n le confiere un aspecto elegante que resulta perfecto para envasar aceites de oliva, vinagre, ali\u00f1os y otros productos semiviscos.<\/p>\n<table>\n<tbody>\n<tr>\n<td>Capacidad<\/td>\n<td>250 ml, 500 ml, 750 ml<\/td>\n<\/tr>\n<tr>\n<td>Estilo botella<\/td>\n<td>Ronda\/Dorica<\/td>\n<\/tr>\n<tr>\n<td>Color<\/td>\n<td>Verde oscuro<\/td>\n<\/tr>\n<tr>\n<td>Material<\/td>\n<td>VASO DE SOSA-LIMA<\/td>\n<\/tr>\n<tr>\n<td>Aprobado por la FDA<\/td>\n<td>S\u00ed<\/td>\n<\/tr>\n<tr>\n<td>Estilo gorra<\/td>\n<td>Tapa de pl\u00e1stico, tapa de aluminio, ca\u00f1os<\/td>\n<\/tr>\n<\/tbody>\n<\/table>\n<p>&nbsp;<\/p>\n<p>&nbsp;<\/p>","protected":false},"excerpt":{"rendered":"<p>Botella cuadrada antigua de 750 ml para aceite de oliva<br \/>\nTapa de aluminio opcional, tapa de pl\u00e1stico, ca\u00f1os<br \/>\nda a su producto un aspecto \u00fanico.<\/p>","protected":false},"featured_media":159,"comment_status":"open","ping_status":"closed","template":"","meta":{"_seopress_robots_primary_cat":"none","_seopress_titles_title":"750ml round dark green olive oil bottle - Maidao Glass","_seopress_titles_desc":"Factory price wholesale 750ml round dark green olive oil bottle, also would like custom drak green olive oil bottle. olive oil glass bottle manufacturer in China.","_seopress_robots_index":""},"product_brand":[],"product_cat":[36],"product_tag":[],"class_list":{"0":"post-130","1":"product","2":"type-product","3":"status-publish","4":"has-post-thumbnail","6":"product_cat-olive-oil-bottle","8":"first","9":"instock","10":"shipping-taxable","11":"product-type-simple"},"_links":{"self":[{"href":"https:\/\/www.maidaoglass.com\/es\/wp-json\/wp\/v2\/product\/130","targetHints":{"allow":["GET"]}}],"collection":[{"href":"https:\/\/www.maidaoglass.com\/es\/wp-json\/wp\/v2\/product"}],"about":[{"href":"https:\/\/www.maidaoglass.com\/es\/wp-json\/wp\/v2\/types\/product"}],"replies":[{"embeddable":true,"href":"https:\/\/www.maidaoglass.com\/es\/wp-json\/wp\/v2\/comments?post=130"}],"version-history":[{"count":1,"href":"https:\/\/www.maidaoglass.com\/es\/wp-json\/wp\/v2\/product\/130\/revisions"}],"predecessor-version":[{"id":3638,"href":"https:\/\/www.maidaoglass.com\/es\/wp-json\/wp\/v2\/product\/130\/revisions\/3638"}],"wp:featuredmedia":[{"embeddable":true,"href":"https:\/\/www.maidaoglass.com\/es\/wp-json\/wp\/v2\/media\/159"}],"wp:attachment":[{"href":"https:\/\/www.maidaoglass.com\/es\/wp-json\/wp\/v2\/media?parent=130"}],"wp:term":[{"taxonomy":"product_brand","embeddable":true,"href":"https:\/\/www.maidaoglass.com\/es\/wp-json\/wp\/v2\/product_brand?post=130"},{"taxonomy":"product_cat","embeddable":true,"href":"https:\/\/www.maidaoglass.com\/es\/wp-json\/wp\/v2\/product_cat?post=130"},{"taxonomy":"product_tag","embeddable":true,"href":"https:\/\/www.maidaoglass.com\/es\/wp-json\/wp\/v2\/product_tag?post=130"}],"curies":[{"name":"wp","href":"https:\/\/api.w.org\/{rel}","templated":true}]}}