{"id":168,"date":"2021-02-21T10:02:42","date_gmt":"2021-02-21T10:02:42","guid":{"rendered":"https:\/\/www.maidaoglass.com\/product\/import-placeholder-for-1209\/"},"modified":"2021-11-22T08:12:54","modified_gmt":"2021-11-22T08:12:54","slug":"botella-de-cerveza-de-vidrio-ambar-de-1000-ml-con-tapon-giratorio","status":"publish","type":"product","link":"https:\/\/www.maidaoglass.com\/es\/vidrio\/botella-de-cerveza-de-vidrio-ambar-de-1000-ml-con-tapon-giratorio\/","title":{"rendered":"Botella de cerveza de vidrio \u00e1mbar de 1000 ml con tap\u00f3n giratorio"},"content":{"rendered":"<p>1000ml \u00e1mbar botella de cerveza de vidrio con tapa oscilante est\u00e1 especialmente dise\u00f1ado para la microcervecera y brewpubs para llevar a cabo el envasado, puede ser personalizado serigrafiado.<\/p>\n<table width=\"0\">\n<tbody>\n<tr>\n<td>Capacidad<\/td>\n<td>1000 ml<\/td>\n<\/tr>\n<tr>\n<td>Estilo botella<\/td>\n<td>Forma redonda<\/td>\n<\/tr>\n<tr>\n<td>Color<\/td>\n<td>\u00c1mbar<\/td>\n<\/tr>\n<tr>\n<td>Material<\/td>\n<td>Vidrio Flint<\/td>\n<\/tr>\n<tr>\n<td>Aprobado por la FDA<\/td>\n<td>S\u00ed<\/td>\n<\/tr>\n<tr>\n<td>Estilo gorra<\/td>\n<td>Tapa abatible<\/td>\n<\/tr>\n<\/tbody>\n<\/table>","protected":false},"excerpt":{"rendered":"<p>1000ml \u00e1mbar botella de cerveza de vidrio con botellas Swing Top est\u00e1 especialmente dise\u00f1ado para la microcervecer\u00eda y brewpubs para llevar a cabo el envasado, puede ser personalizado serigrafiado.<br \/>\nBotella de vidrio \u00e1mbar: El vidrio \u00e1mbar mantiene el contenido alejado de los da\u00f1inos rayos UV.<br \/>\nTap\u00f3n corona: F\u00e1cil de usar con una taponadora manual; ayuda a reducir la oxidaci\u00f3n y el endurecimiento prematuro,<br \/>\nVidrio de primera calidad: Nuestras botellas de vidrio est\u00e1n hechas con material de vidrio \u00e1mbar grueso y duradero.<\/p>","protected":false},"featured_media":198,"comment_status":"open","ping_status":"closed","template":"","meta":{"_seopress_robots_primary_cat":"none","_seopress_titles_title":"1000ml Amber Glass Beer Bottle - Maidao Glass","_seopress_titles_desc":"1000ml Amber Glass Beer Bottle With Swing Top is specially designed for the microbrewer and brewpubs for carrying out packaging, can be custom silk screened.","_seopress_robots_index":""},"product_brand":[],"product_cat":[21],"product_tag":[],"class_list":{"0":"post-168","1":"product","2":"type-product","3":"status-publish","4":"has-post-thumbnail","6":"product_cat-swing-top-glass-bottles","8":"first","9":"instock","10":"shipping-taxable","11":"product-type-simple"},"_links":{"self":[{"href":"https:\/\/www.maidaoglass.com\/es\/wp-json\/wp\/v2\/product\/168","targetHints":{"allow":["GET"]}}],"collection":[{"href":"https:\/\/www.maidaoglass.com\/es\/wp-json\/wp\/v2\/product"}],"about":[{"href":"https:\/\/www.maidaoglass.com\/es\/wp-json\/wp\/v2\/types\/product"}],"replies":[{"embeddable":true,"href":"https:\/\/www.maidaoglass.com\/es\/wp-json\/wp\/v2\/comments?post=168"}],"version-history":[{"count":1,"href":"https:\/\/www.maidaoglass.com\/es\/wp-json\/wp\/v2\/product\/168\/revisions"}],"predecessor-version":[{"id":3942,"href":"https:\/\/www.maidaoglass.com\/es\/wp-json\/wp\/v2\/product\/168\/revisions\/3942"}],"wp:featuredmedia":[{"embeddable":true,"href":"https:\/\/www.maidaoglass.com\/es\/wp-json\/wp\/v2\/media\/198"}],"wp:attachment":[{"href":"https:\/\/www.maidaoglass.com\/es\/wp-json\/wp\/v2\/media?parent=168"}],"wp:term":[{"taxonomy":"product_brand","embeddable":true,"href":"https:\/\/www.maidaoglass.com\/es\/wp-json\/wp\/v2\/product_brand?post=168"},{"taxonomy":"product_cat","embeddable":true,"href":"https:\/\/www.maidaoglass.com\/es\/wp-json\/wp\/v2\/product_cat?post=168"},{"taxonomy":"product_tag","embeddable":true,"href":"https:\/\/www.maidaoglass.com\/es\/wp-json\/wp\/v2\/product_tag?post=168"}],"curies":[{"name":"wp","href":"https:\/\/api.w.org\/{rel}","templated":true}]}}