{"id":2632,"date":"2021-06-16T09:34:38","date_gmt":"2021-06-16T09:34:38","guid":{"rendered":"https:\/\/www.maidaoglass.com\/?post_type=product&#038;p=2632"},"modified":"2021-07-03T04:05:56","modified_gmt":"2021-07-03T04:05:56","slug":"botella-de-leche-redonda-de-vidrio","status":"publish","type":"product","link":"https:\/\/www.maidaoglass.com\/es\/vidrio\/botella-de-leche-redonda-de-vidrio\/","title":{"rendered":"Botella redonda de cristal para leche"},"content":{"rendered":"<p>El dise\u00f1o de boca ancha facilita el llenado de yogures o batidos espesos, as\u00ed como su limpieza.<br \/>\nAhorro de espacio: su forma especial se adapta a la mayor\u00eda de las baldas de la puerta del frigor\u00edfico, al tiempo que a\u00f1ade el aspecto cl\u00e1sico de las botellas de leche vintage.<\/p>\n<table id=\"product-attribute-specs-table\" class=\"data-table\">\n<tbody>\n<tr class=\"odd\">\n<th class=\"col label\" scope=\"row\">Capacidad<\/th>\n<td class=\"col data\" data-th=\"Capacity\">350 ml, 500 ml<\/td>\n<\/tr>\n<tr class=\"even\">\n<th class=\"col label\" scope=\"row\">Estilo botella<\/th>\n<td class=\"col data\" data-th=\"Overflow Capacity\">Redondo gordo<\/td>\n<\/tr>\n<tr class=\"odd\">\n<th class=\"col label\" scope=\"row\">Color<\/th>\n<td class=\"col data\" data-th=\"Bottle Style\">Claro<\/td>\n<\/tr>\n<tr class=\"even\">\n<th class=\"col label\" scope=\"row\">Material<\/th>\n<td class=\"col data\" data-th=\"Color\">VIDRIO<\/td>\n<\/tr>\n<tr class=\"odd\">\n<th class=\"col label\" scope=\"row\">Aprobado por la FDA<\/th>\n<td class=\"col data\" data-th=\"Material\">S\u00ed<\/td>\n<\/tr>\n<tr class=\"even\">\n<th class=\"col label\" scope=\"row\">Estilo gorra<\/th>\n<td class=\"col data\" data-th=\"FDA Approved\">aluminio<\/td>\n<\/tr>\n<\/tbody>\n<\/table>","protected":false},"excerpt":{"rendered":"<p>1.Dise\u00f1o de boca ancha<br \/>\n2.Ahorro de espacio<br \/>\n3.Fundas en varios colores<\/p>","protected":false},"featured_media":2634,"comment_status":"open","ping_status":"closed","template":"","meta":{"_seopress_robots_primary_cat":"none","_seopress_titles_title":"","_seopress_titles_desc":"Fat Round Glass Milk Bottle Wholesale and glass milk bottle supplier in China. 350ml and 500ml in stock.","_seopress_robots_index":"","_seopress_analysis_target_kw":""},"product_brand":[],"product_cat":[22],"product_tag":[],"class_list":{"0":"post-2632","1":"product","2":"type-product","3":"status-publish","4":"has-post-thumbnail","6":"product_cat-glass-milk-bottles","8":"first","9":"instock","10":"shipping-taxable","11":"product-type-simple"},"_links":{"self":[{"href":"https:\/\/www.maidaoglass.com\/es\/wp-json\/wp\/v2\/product\/2632","targetHints":{"allow":["GET"]}}],"collection":[{"href":"https:\/\/www.maidaoglass.com\/es\/wp-json\/wp\/v2\/product"}],"about":[{"href":"https:\/\/www.maidaoglass.com\/es\/wp-json\/wp\/v2\/types\/product"}],"replies":[{"embeddable":true,"href":"https:\/\/www.maidaoglass.com\/es\/wp-json\/wp\/v2\/comments?post=2632"}],"version-history":[{"count":1,"href":"https:\/\/www.maidaoglass.com\/es\/wp-json\/wp\/v2\/product\/2632\/revisions"}],"predecessor-version":[{"id":2638,"href":"https:\/\/www.maidaoglass.com\/es\/wp-json\/wp\/v2\/product\/2632\/revisions\/2638"}],"wp:featuredmedia":[{"embeddable":true,"href":"https:\/\/www.maidaoglass.com\/es\/wp-json\/wp\/v2\/media\/2634"}],"wp:attachment":[{"href":"https:\/\/www.maidaoglass.com\/es\/wp-json\/wp\/v2\/media?parent=2632"}],"wp:term":[{"taxonomy":"product_brand","embeddable":true,"href":"https:\/\/www.maidaoglass.com\/es\/wp-json\/wp\/v2\/product_brand?post=2632"},{"taxonomy":"product_cat","embeddable":true,"href":"https:\/\/www.maidaoglass.com\/es\/wp-json\/wp\/v2\/product_cat?post=2632"},{"taxonomy":"product_tag","embeddable":true,"href":"https:\/\/www.maidaoglass.com\/es\/wp-json\/wp\/v2\/product_tag?post=2632"}],"curies":[{"name":"wp","href":"https:\/\/api.w.org\/{rel}","templated":true}]}}