{"id":2963,"date":"2021-07-03T07:25:09","date_gmt":"2021-07-03T07:25:09","guid":{"rendered":"https:\/\/www.maidaoglass.com\/?post_type=product&#038;p=2963"},"modified":"2021-07-03T07:33:12","modified_gmt":"2021-07-03T07:33:12","slug":"botella-de-leche-brasilena-de-cristal-de-1000-ml","status":"publish","type":"product","link":"https:\/\/www.maidaoglass.com\/es\/vidrio\/botella-de-leche-brasilena-de-cristal-de-1000-ml\/","title":{"rendered":"Botella de leche brasile\u00f1a de vidrio de 1000 ml"},"content":{"rendered":"<p>El material de esta secci\u00f3n es vidrio sin plomo, patrones simples y generosos, y exquisita mano de obra, por lo que nunca olvidar\u00e1 y dejarlo. Los ingredientes son exquisitos, \u00a1as\u00ed que puede estar seguro de servir leche de soja y yogur!<\/p>\n<table id=\"product-attribute-specs-table\" class=\"data-table\">\n<tbody>\n<tr class=\"odd\">\n<th class=\"col label\" scope=\"row\">Capacidad<\/th>\n<td class=\"col data\" data-th=\"Capacity\">1000 ml<\/td>\n<\/tr>\n<tr class=\"even\">\n<th class=\"col label\" scope=\"row\">Estilo botella<\/th>\n<td class=\"col data\" data-th=\"Overflow Capacity\">Redondo<\/td>\n<\/tr>\n<tr class=\"odd\">\n<th class=\"col label\" scope=\"row\">Color<\/th>\n<td class=\"col data\" data-th=\"Bottle Style\">Claro<\/td>\n<\/tr>\n<tr class=\"even\">\n<th class=\"col label\" scope=\"row\">Material<\/th>\n<td class=\"col data\" data-th=\"Color\">VIDRIO<\/td>\n<\/tr>\n<tr class=\"odd\">\n<th class=\"col label\" scope=\"row\">Aprobado por la FDA<\/th>\n<td class=\"col data\" data-th=\"Material\">S\u00ed<\/td>\n<\/tr>\n<tr class=\"even\">\n<th class=\"col label\" scope=\"row\">Estilo gorra<\/th>\n<td class=\"col data\" data-th=\"FDA Approved\">PE<\/td>\n<\/tr>\n<\/tbody>\n<\/table>","protected":false},"excerpt":{"rendered":"<p>El material de esta secci\u00f3n es vidrio sin plomo, con motivos sencillos y generosos.<br \/>\nBoca ancha, tap\u00f3n de apertura r\u00e1pida y gran capacidad.<\/p>","protected":false},"featured_media":2964,"comment_status":"open","ping_status":"closed","template":"","meta":{"_seopress_robots_primary_cat":"none","_seopress_titles_title":"Brazilian 1000ml Glass Milk Bottle %%sep%% %%sitetitle%%","_seopress_titles_desc":"Brazilian 1000ml Glass Milk Bottle,The material of this section is lead-free glass, simple and generous patterns.Wide mouth, quickly opens cap, and large capacity.","_seopress_robots_index":"","_seopress_analysis_target_kw":""},"product_brand":[],"product_cat":[22],"product_tag":[],"class_list":{"0":"post-2963","1":"product","2":"type-product","3":"status-publish","4":"has-post-thumbnail","6":"product_cat-glass-milk-bottles","8":"first","9":"instock","10":"shipping-taxable","11":"product-type-simple"},"_links":{"self":[{"href":"https:\/\/www.maidaoglass.com\/es\/wp-json\/wp\/v2\/product\/2963","targetHints":{"allow":["GET"]}}],"collection":[{"href":"https:\/\/www.maidaoglass.com\/es\/wp-json\/wp\/v2\/product"}],"about":[{"href":"https:\/\/www.maidaoglass.com\/es\/wp-json\/wp\/v2\/types\/product"}],"replies":[{"embeddable":true,"href":"https:\/\/www.maidaoglass.com\/es\/wp-json\/wp\/v2\/comments?post=2963"}],"version-history":[{"count":0,"href":"https:\/\/www.maidaoglass.com\/es\/wp-json\/wp\/v2\/product\/2963\/revisions"}],"wp:featuredmedia":[{"embeddable":true,"href":"https:\/\/www.maidaoglass.com\/es\/wp-json\/wp\/v2\/media\/2964"}],"wp:attachment":[{"href":"https:\/\/www.maidaoglass.com\/es\/wp-json\/wp\/v2\/media?parent=2963"}],"wp:term":[{"taxonomy":"product_brand","embeddable":true,"href":"https:\/\/www.maidaoglass.com\/es\/wp-json\/wp\/v2\/product_brand?post=2963"},{"taxonomy":"product_cat","embeddable":true,"href":"https:\/\/www.maidaoglass.com\/es\/wp-json\/wp\/v2\/product_cat?post=2963"},{"taxonomy":"product_tag","embeddable":true,"href":"https:\/\/www.maidaoglass.com\/es\/wp-json\/wp\/v2\/product_tag?post=2963"}],"curies":[{"name":"wp","href":"https:\/\/api.w.org\/{rel}","templated":true}]}}