{"id":3009,"date":"2021-07-28T05:34:37","date_gmt":"2021-07-28T05:34:37","guid":{"rendered":"https:\/\/www.maidaoglass.com\/?post_type=product&#038;p=3009"},"modified":"2021-07-28T05:34:37","modified_gmt":"2021-07-28T05:34:37","slug":"jarron-de-cristal-vertical","status":"publish","type":"product","link":"https:\/\/www.maidaoglass.com\/es\/vidrio\/jarron-de-cristal-vertical\/","title":{"rendered":"jarr\u00f3n de cristal vertical"},"content":{"rendered":"<p>luz n\u00f3rdica lujoso jarr\u00f3n de cristal con bordes verticales decoraci\u00f3n de flores frescas arreglo floral creativo sal\u00f3n mesa decoraci\u00f3n suave flor hidrop\u00f3nica dispositivo.<\/p>\n<p>Acerca de este jarr\u00f3n de cristal vertical<\/p>\n<p>Jarrones de cristal transparente para arreglos florales , decoracion de mesa, acentos de cubos modernos y actuales. Flores y velas y adornos. Tambi\u00e9n se puede utilizar como un sostenedor de vela hurac\u00e1n con vela electr\u00f3nica.<\/p>\n<p>El jarr\u00f3n de cristal est\u00e1 hecho de vidrio de soda-lima, el color es s\u00f3lido y transl\u00facido, el vidrio es grueso y pesado para asegurar la durabilidad. Acentos de decoraci\u00f3n de arte contempor\u00e1neo perfecto para su comedor y sala de estar.<\/p>","protected":false},"excerpt":{"rendered":"<p>luz n\u00f3rdica lujoso jarr\u00f3n de cristal con bordes verticales decoraci\u00f3n de flores frescas arreglo floral creativo sal\u00f3n mesa decoraci\u00f3n suave flor hidrop\u00f3nica dispositivo.<\/p>","protected":false},"featured_media":3011,"comment_status":"open","ping_status":"closed","template":"","meta":{"_seopress_robots_primary_cat":"","_seopress_titles_title":"","_seopress_titles_desc":"","_seopress_robots_index":""},"product_brand":[],"product_cat":[45],"product_tag":[],"class_list":{"0":"post-3009","1":"product","2":"type-product","3":"status-publish","4":"has-post-thumbnail","6":"product_cat-glass-vase","8":"first","9":"instock","10":"shipping-taxable","11":"product-type-simple"},"_links":{"self":[{"href":"https:\/\/www.maidaoglass.com\/es\/wp-json\/wp\/v2\/product\/3009","targetHints":{"allow":["GET"]}}],"collection":[{"href":"https:\/\/www.maidaoglass.com\/es\/wp-json\/wp\/v2\/product"}],"about":[{"href":"https:\/\/www.maidaoglass.com\/es\/wp-json\/wp\/v2\/types\/product"}],"replies":[{"embeddable":true,"href":"https:\/\/www.maidaoglass.com\/es\/wp-json\/wp\/v2\/comments?post=3009"}],"version-history":[{"count":0,"href":"https:\/\/www.maidaoglass.com\/es\/wp-json\/wp\/v2\/product\/3009\/revisions"}],"wp:featuredmedia":[{"embeddable":true,"href":"https:\/\/www.maidaoglass.com\/es\/wp-json\/wp\/v2\/media\/3011"}],"wp:attachment":[{"href":"https:\/\/www.maidaoglass.com\/es\/wp-json\/wp\/v2\/media?parent=3009"}],"wp:term":[{"taxonomy":"product_brand","embeddable":true,"href":"https:\/\/www.maidaoglass.com\/es\/wp-json\/wp\/v2\/product_brand?post=3009"},{"taxonomy":"product_cat","embeddable":true,"href":"https:\/\/www.maidaoglass.com\/es\/wp-json\/wp\/v2\/product_cat?post=3009"},{"taxonomy":"product_tag","embeddable":true,"href":"https:\/\/www.maidaoglass.com\/es\/wp-json\/wp\/v2\/product_tag?post=3009"}],"curies":[{"name":"wp","href":"https:\/\/api.w.org\/{rel}","templated":true}]}}