{"id":3015,"date":"2021-07-28T05:53:26","date_gmt":"2021-07-28T05:53:26","guid":{"rendered":"https:\/\/www.maidaoglass.com\/?post_type=product&#038;p=3015"},"modified":"2021-07-28T05:53:26","modified_gmt":"2021-07-28T05:53:26","slug":"florero-de-cristal-transparente-verde-ondulado-dorado","status":"publish","type":"product","link":"https:\/\/www.maidaoglass.com\/es\/vidrio\/florero-de-cristal-transparente-verde-ondulado-dorado\/","title":{"rendered":"florero de cristal transparente verde ondulado dorado"},"content":{"rendered":"<p>luz n\u00f3rdica de lujo trazado de onda de oro luz florero de cristal transparente decoraci\u00f3n arreglo floral creativo sala de estar mesa de comedor hogar decoraci\u00f3n suave.<\/p>\n<p>100% Nuevo, de alta calidad.<\/p>\n<p>Oro ondulado verde transparente jarr\u00f3n de cristal ser\u00e1 m\u00e1s hermoso y llamativo si pones algunos adoquines intogold ondulado verde transparente jarr\u00f3n de cristal.Multi Uso, puede utilizar jarr\u00f3n de cristal como flor florero hidrop\u00f3nico, Micro Paisaje DIY Botella o Candlestick.It ayuda a embellecer y purificar su casa u oficina, una buena decoraci\u00f3n para usted.<\/p>\n<p>Un gran regalo para enviar a tus amigos, familiares, colegas, etc.<\/p>","protected":false},"excerpt":{"rendered":"<p>luz n\u00f3rdica de lujo trazado de onda de oro luz florero de cristal transparente decoraci\u00f3n arreglo floral creativo sala de estar mesa de comedor hogar decoraci\u00f3n suave.<\/p>","protected":false},"featured_media":3017,"comment_status":"open","ping_status":"closed","template":"","meta":{"_seopress_robots_primary_cat":"","_seopress_titles_title":"","_seopress_titles_desc":"","_seopress_robots_index":""},"product_brand":[],"product_cat":[45],"product_tag":[],"class_list":{"0":"post-3015","1":"product","2":"type-product","3":"status-publish","4":"has-post-thumbnail","6":"product_cat-glass-vase","8":"first","9":"instock","10":"shipping-taxable","11":"product-type-simple"},"_links":{"self":[{"href":"https:\/\/www.maidaoglass.com\/es\/wp-json\/wp\/v2\/product\/3015","targetHints":{"allow":["GET"]}}],"collection":[{"href":"https:\/\/www.maidaoglass.com\/es\/wp-json\/wp\/v2\/product"}],"about":[{"href":"https:\/\/www.maidaoglass.com\/es\/wp-json\/wp\/v2\/types\/product"}],"replies":[{"embeddable":true,"href":"https:\/\/www.maidaoglass.com\/es\/wp-json\/wp\/v2\/comments?post=3015"}],"version-history":[{"count":0,"href":"https:\/\/www.maidaoglass.com\/es\/wp-json\/wp\/v2\/product\/3015\/revisions"}],"wp:featuredmedia":[{"embeddable":true,"href":"https:\/\/www.maidaoglass.com\/es\/wp-json\/wp\/v2\/media\/3017"}],"wp:attachment":[{"href":"https:\/\/www.maidaoglass.com\/es\/wp-json\/wp\/v2\/media?parent=3015"}],"wp:term":[{"taxonomy":"product_brand","embeddable":true,"href":"https:\/\/www.maidaoglass.com\/es\/wp-json\/wp\/v2\/product_brand?post=3015"},{"taxonomy":"product_cat","embeddable":true,"href":"https:\/\/www.maidaoglass.com\/es\/wp-json\/wp\/v2\/product_cat?post=3015"},{"taxonomy":"product_tag","embeddable":true,"href":"https:\/\/www.maidaoglass.com\/es\/wp-json\/wp\/v2\/product_tag?post=3015"}],"curies":[{"name":"wp","href":"https:\/\/api.w.org\/{rel}","templated":true}]}}