{"id":3021,"date":"2021-07-28T05:57:30","date_gmt":"2021-07-28T05:57:30","guid":{"rendered":"https:\/\/www.maidaoglass.com\/?post_type=product&#038;p=3021"},"modified":"2021-07-28T05:57:30","modified_gmt":"2021-07-28T05:57:30","slug":"antiguo-y-elegante-jarron-pulgar","status":"publish","type":"product","link":"https:\/\/www.maidaoglass.com\/es\/vidrio\/antiguo-y-elegante-jarron-pulgar\/","title":{"rendered":"Antiguo y elegante jarr\u00f3n para pulgares"},"content":{"rendered":"<p>INS estilo Antiguo y elegante pulgar florero hotel comedor y sala de estar encimera hidrop\u00f3nico hogar suave decoraci\u00f3n arreglo floral.<\/p>\n<p>Antiguos y elegantes jarrones pulgar son una maravillosa decoraci\u00f3n para mesas de caf\u00e9 o mesas auxiliares. Proporciona un sentido moderno para acentuar la personalidad de la decoraci\u00f3n de su hogar,Perfecto para la exhibici\u00f3n de flores, incre\u00edblemente elegante.<\/p>","protected":false},"excerpt":{"rendered":"<p>INS estilo Antiguo y elegante pulgar florero hotel comedor y sala de estar encimera hidrop\u00f3nico hogar suave decoraci\u00f3n arreglo floral.<\/p>","protected":false},"featured_media":3023,"comment_status":"open","ping_status":"closed","template":"","meta":{"_seopress_robots_primary_cat":"","_seopress_titles_title":"","_seopress_titles_desc":"","_seopress_robots_index":""},"product_brand":[],"product_cat":[45],"product_tag":[],"class_list":{"0":"post-3021","1":"product","2":"type-product","3":"status-publish","4":"has-post-thumbnail","6":"product_cat-glass-vase","8":"first","9":"instock","10":"shipping-taxable","11":"product-type-simple"},"_links":{"self":[{"href":"https:\/\/www.maidaoglass.com\/es\/wp-json\/wp\/v2\/product\/3021","targetHints":{"allow":["GET"]}}],"collection":[{"href":"https:\/\/www.maidaoglass.com\/es\/wp-json\/wp\/v2\/product"}],"about":[{"href":"https:\/\/www.maidaoglass.com\/es\/wp-json\/wp\/v2\/types\/product"}],"replies":[{"embeddable":true,"href":"https:\/\/www.maidaoglass.com\/es\/wp-json\/wp\/v2\/comments?post=3021"}],"version-history":[{"count":0,"href":"https:\/\/www.maidaoglass.com\/es\/wp-json\/wp\/v2\/product\/3021\/revisions"}],"wp:featuredmedia":[{"embeddable":true,"href":"https:\/\/www.maidaoglass.com\/es\/wp-json\/wp\/v2\/media\/3023"}],"wp:attachment":[{"href":"https:\/\/www.maidaoglass.com\/es\/wp-json\/wp\/v2\/media?parent=3021"}],"wp:term":[{"taxonomy":"product_brand","embeddable":true,"href":"https:\/\/www.maidaoglass.com\/es\/wp-json\/wp\/v2\/product_brand?post=3021"},{"taxonomy":"product_cat","embeddable":true,"href":"https:\/\/www.maidaoglass.com\/es\/wp-json\/wp\/v2\/product_cat?post=3021"},{"taxonomy":"product_tag","embeddable":true,"href":"https:\/\/www.maidaoglass.com\/es\/wp-json\/wp\/v2\/product_tag?post=3021"}],"curies":[{"name":"wp","href":"https:\/\/api.w.org\/{rel}","templated":true}]}}