{"id":3028,"date":"2021-07-28T06:10:54","date_gmt":"2021-07-28T06:10:54","guid":{"rendered":"https:\/\/www.maidaoglass.com\/?post_type=product&#038;p=3028"},"modified":"2021-07-28T06:10:54","modified_gmt":"2021-07-28T06:10:54","slug":"luz-de-lujo-de-oro-transparente-jarron-de-cristal-decoracion-sala-de-estar-creativa-simple-ins-arreglo-floral-decoracion-de-la-mesa","status":"publish","type":"product","link":"https:\/\/www.maidaoglass.com\/es\/vidrio\/luz-de-lujo-de-oro-transparente-jarron-de-cristal-decoracion-sala-de-estar-creativa-simple-ins-arreglo-floral-decoracion-de-la-mesa\/","title":{"rendered":"Luz de lujo de oro transparente jarr\u00f3n de cristal decoraci\u00f3n sala de estar creativa simple ins arreglo floral decoraci\u00f3n de la mesa"},"content":{"rendered":"<p>Luz de lujo de oro transparente jarr\u00f3n de cristal decoraci\u00f3n sala de estar creativa simple ins arreglo floral decoraci\u00f3n de la mesa<\/p>","protected":false},"excerpt":{"rendered":"<p>Luz de lujo de oro transparente jarr\u00f3n de cristal decoraci\u00f3n sala de estar creativa simple ins arreglo floral decoraci\u00f3n de la mesa<\/p>","protected":false},"featured_media":3030,"comment_status":"open","ping_status":"closed","template":"","meta":{"_seopress_robots_primary_cat":"","_seopress_titles_title":"","_seopress_titles_desc":"","_seopress_robots_index":""},"product_brand":[],"product_cat":[45],"product_tag":[],"class_list":{"0":"post-3028","1":"product","2":"type-product","3":"status-publish","4":"has-post-thumbnail","6":"product_cat-glass-vase","8":"first","9":"instock","10":"shipping-taxable","11":"product-type-simple"},"_links":{"self":[{"href":"https:\/\/www.maidaoglass.com\/es\/wp-json\/wp\/v2\/product\/3028","targetHints":{"allow":["GET"]}}],"collection":[{"href":"https:\/\/www.maidaoglass.com\/es\/wp-json\/wp\/v2\/product"}],"about":[{"href":"https:\/\/www.maidaoglass.com\/es\/wp-json\/wp\/v2\/types\/product"}],"replies":[{"embeddable":true,"href":"https:\/\/www.maidaoglass.com\/es\/wp-json\/wp\/v2\/comments?post=3028"}],"version-history":[{"count":0,"href":"https:\/\/www.maidaoglass.com\/es\/wp-json\/wp\/v2\/product\/3028\/revisions"}],"wp:featuredmedia":[{"embeddable":true,"href":"https:\/\/www.maidaoglass.com\/es\/wp-json\/wp\/v2\/media\/3030"}],"wp:attachment":[{"href":"https:\/\/www.maidaoglass.com\/es\/wp-json\/wp\/v2\/media?parent=3028"}],"wp:term":[{"taxonomy":"product_brand","embeddable":true,"href":"https:\/\/www.maidaoglass.com\/es\/wp-json\/wp\/v2\/product_brand?post=3028"},{"taxonomy":"product_cat","embeddable":true,"href":"https:\/\/www.maidaoglass.com\/es\/wp-json\/wp\/v2\/product_cat?post=3028"},{"taxonomy":"product_tag","embeddable":true,"href":"https:\/\/www.maidaoglass.com\/es\/wp-json\/wp\/v2\/product_tag?post=3028"}],"curies":[{"name":"wp","href":"https:\/\/api.w.org\/{rel}","templated":true}]}}