{"id":3034,"date":"2021-07-28T06:19:09","date_gmt":"2021-07-28T06:19:09","guid":{"rendered":"https:\/\/www.maidaoglass.com\/?post_type=product&#038;p=3034"},"modified":"2021-07-28T06:19:10","modified_gmt":"2021-07-28T06:19:10","slug":"jarron-de-cristal-nordico-ambar","status":"publish","type":"product","link":"https:\/\/www.maidaoglass.com\/es\/vidrio\/jarron-de-cristal-nordico-ambar\/","title":{"rendered":"jarr\u00f3n de cristal n\u00f3rdico \u00e1mbar"},"content":{"rendered":"<p>jarron de cristal nordico ambar modelo europeo-americano decoracion creativa del hogar decoracion floral del salon.<\/p>\n<p data-section=\"0\"><span data-section=\"0\" data-sentence=\"0\">Descripci\u00f3n del jarr\u00f3n de cristal:<\/span><\/p>\n<p>Material: Vidrio<\/p>\n<p>Talla Grande Peque\u00f1o Mediano<\/p>\n<p>Estilo: N\u00f3rdico<\/p>\n<p>Clasificaci\u00f3n del color : Secci\u00f3n baja (altura 20,5 di\u00e1metro 13cm) secci\u00f3n media (altura 27,5 di\u00e1metro 17cm) secci\u00f3n alta (altura 32 di\u00e1metro 14cm) tinta azul secci\u00f3n baja tinta azul secci\u00f3n media tinta azul secci\u00f3n alta gris dorado secci\u00f3n baja gris dorado secci\u00f3n media gris dorado p\u00e1rrafo alto<\/p>\n<p>Tipo de flor: Florero<\/p>\n<p>N\u00ba de art\u00edculo: BXHD jarr\u00f3n<\/p>\n<p>Escena aplicable: escritorio del sal\u00f3n<\/p>","protected":false},"excerpt":{"rendered":"<p>jarron de cristal nordico ambar modelo europeo-americano decoracion creativa del hogar decoracion floral del salon.<\/p>","protected":false},"featured_media":3036,"comment_status":"open","ping_status":"closed","template":"","meta":{"_seopress_robots_primary_cat":"","_seopress_titles_title":"","_seopress_titles_desc":"","_seopress_robots_index":""},"product_brand":[],"product_cat":[45],"product_tag":[],"class_list":{"0":"post-3034","1":"product","2":"type-product","3":"status-publish","4":"has-post-thumbnail","6":"product_cat-glass-vase","8":"first","9":"instock","10":"shipping-taxable","11":"product-type-simple"},"_links":{"self":[{"href":"https:\/\/www.maidaoglass.com\/es\/wp-json\/wp\/v2\/product\/3034","targetHints":{"allow":["GET"]}}],"collection":[{"href":"https:\/\/www.maidaoglass.com\/es\/wp-json\/wp\/v2\/product"}],"about":[{"href":"https:\/\/www.maidaoglass.com\/es\/wp-json\/wp\/v2\/types\/product"}],"replies":[{"embeddable":true,"href":"https:\/\/www.maidaoglass.com\/es\/wp-json\/wp\/v2\/comments?post=3034"}],"version-history":[{"count":0,"href":"https:\/\/www.maidaoglass.com\/es\/wp-json\/wp\/v2\/product\/3034\/revisions"}],"wp:featuredmedia":[{"embeddable":true,"href":"https:\/\/www.maidaoglass.com\/es\/wp-json\/wp\/v2\/media\/3036"}],"wp:attachment":[{"href":"https:\/\/www.maidaoglass.com\/es\/wp-json\/wp\/v2\/media?parent=3034"}],"wp:term":[{"taxonomy":"product_brand","embeddable":true,"href":"https:\/\/www.maidaoglass.com\/es\/wp-json\/wp\/v2\/product_brand?post=3034"},{"taxonomy":"product_cat","embeddable":true,"href":"https:\/\/www.maidaoglass.com\/es\/wp-json\/wp\/v2\/product_cat?post=3034"},{"taxonomy":"product_tag","embeddable":true,"href":"https:\/\/www.maidaoglass.com\/es\/wp-json\/wp\/v2\/product_tag?post=3034"}],"curies":[{"name":"wp","href":"https:\/\/api.w.org\/{rel}","templated":true}]}}