{"id":3040,"date":"2021-07-28T06:25:33","date_gmt":"2021-07-28T06:25:33","guid":{"rendered":"https:\/\/www.maidaoglass.com\/?post_type=product&#038;p=3040"},"modified":"2021-07-28T06:25:33","modified_gmt":"2021-07-28T06:25:33","slug":"jarron-de-cristal-transparente-con-anillo-de-cobre-en-la-boca","status":"publish","type":"product","link":"https:\/\/www.maidaoglass.com\/es\/vidrio\/jarron-de-cristal-transparente-con-anillo-de-cobre-en-la-boca\/","title":{"rendered":"jarron de cristal transparente con anillo de cobre en la boca"},"content":{"rendered":"<p>jarr\u00f3n de cristal transparente n\u00f3rdico decoraciones creativas europeas sala de estar arreglo floral y decoraci\u00f3n de flores de secado.<\/p>\n<p>Descripci\u00f3n del jarr\u00f3n de cristal:<\/p>\n<p>Soplado a mano: la forma sencilla y el color suave del temperamento transparente integrar\u00e1n el estilo minimalista europeo en el dise\u00f1o de cada recipiente.<\/p>\n<p>Boca de botella: boca de botella lisa y regular, forma abombada, boca lisa, grosor moderado.<\/p>\n<p>Material: Hecho de material de vidrio de alta calidad, no importa la forma o el material, tiene una calidad diferente.<\/p>\n<p>Lugares aplicables: Hermosos jarrones se pueden colocar en la mesa de comedor, dormitorio, sala de estar, ba\u00f1o, decoraci\u00f3n del hogar.<\/p>","protected":false},"excerpt":{"rendered":"<p>jarr\u00f3n de cristal transparente n\u00f3rdico decoraciones creativas europeas sala de estar arreglo floral y decoraci\u00f3n de flores de secado.<\/p>","protected":false},"featured_media":3042,"comment_status":"open","ping_status":"closed","template":"","meta":{"_seopress_robots_primary_cat":"","_seopress_titles_title":"","_seopress_titles_desc":"","_seopress_robots_index":""},"product_brand":[],"product_cat":[45],"product_tag":[],"class_list":{"0":"post-3040","1":"product","2":"type-product","3":"status-publish","4":"has-post-thumbnail","6":"product_cat-glass-vase","8":"first","9":"instock","10":"shipping-taxable","11":"product-type-simple"},"_links":{"self":[{"href":"https:\/\/www.maidaoglass.com\/es\/wp-json\/wp\/v2\/product\/3040","targetHints":{"allow":["GET"]}}],"collection":[{"href":"https:\/\/www.maidaoglass.com\/es\/wp-json\/wp\/v2\/product"}],"about":[{"href":"https:\/\/www.maidaoglass.com\/es\/wp-json\/wp\/v2\/types\/product"}],"replies":[{"embeddable":true,"href":"https:\/\/www.maidaoglass.com\/es\/wp-json\/wp\/v2\/comments?post=3040"}],"version-history":[{"count":0,"href":"https:\/\/www.maidaoglass.com\/es\/wp-json\/wp\/v2\/product\/3040\/revisions"}],"wp:featuredmedia":[{"embeddable":true,"href":"https:\/\/www.maidaoglass.com\/es\/wp-json\/wp\/v2\/media\/3042"}],"wp:attachment":[{"href":"https:\/\/www.maidaoglass.com\/es\/wp-json\/wp\/v2\/media?parent=3040"}],"wp:term":[{"taxonomy":"product_brand","embeddable":true,"href":"https:\/\/www.maidaoglass.com\/es\/wp-json\/wp\/v2\/product_brand?post=3040"},{"taxonomy":"product_cat","embeddable":true,"href":"https:\/\/www.maidaoglass.com\/es\/wp-json\/wp\/v2\/product_cat?post=3040"},{"taxonomy":"product_tag","embeddable":true,"href":"https:\/\/www.maidaoglass.com\/es\/wp-json\/wp\/v2\/product_tag?post=3040"}],"curies":[{"name":"wp","href":"https:\/\/api.w.org\/{rel}","templated":true}]}}