{"id":3045,"date":"2021-07-28T06:45:50","date_gmt":"2021-07-28T06:45:50","guid":{"rendered":"https:\/\/www.maidaoglass.com\/?post_type=product&#038;p=3045"},"modified":"2021-07-28T06:45:50","modified_gmt":"2021-07-28T06:45:50","slug":"jarron-verde-de-metal-y-cristal","status":"publish","type":"product","link":"https:\/\/www.maidaoglass.com\/es\/vidrio\/jarron-verde-de-metal-y-cristal\/","title":{"rendered":"jarr\u00f3n verde de metal y cristal"},"content":{"rendered":"<p>luz n\u00f3rdica de lujo de metal de vidrio verde florero decoraci\u00f3n ins estilo sala de estar mesa de comedor arreglo floral y la decoraci\u00f3n de la cultura del agua.<\/p>\n<p>El material m\u00e1s com\u00fan para los floreros elegantes y atemporales es el cristal. Permiten que la luz viaje a trav\u00e9s del jarr\u00f3n hasta el tallo de la flor y el agua. Espec\u00edficamente para las formas de jarr\u00f3n de cristal y vidrio, es especialmente importante mantener el agua limpia cambiando y recortando los tallos para realzar la belleza y frescura del ramo.<\/p>\n<p>Tanto si est\u00e1s eligiendo flores para tu propia casa, para un evento pr\u00f3ximo o para hacer un regalo que alegre el d\u00eda a otra persona, estamos aqu\u00ed para ayudarte con nuestra gu\u00eda para elegir diferentes jarrones para cada arreglo.<\/p>","protected":false},"excerpt":{"rendered":"<p>luz n\u00f3rdica de lujo de metal de vidrio verde florero decoraci\u00f3n ins estilo sala de estar mesa de comedor arreglo floral y la decoraci\u00f3n de la cultura del agua.<\/p>","protected":false},"featured_media":3047,"comment_status":"open","ping_status":"closed","template":"","meta":{"_seopress_robots_primary_cat":"","_seopress_titles_title":"","_seopress_titles_desc":"","_seopress_robots_index":""},"product_brand":[],"product_cat":[45],"product_tag":[],"class_list":{"0":"post-3045","1":"product","2":"type-product","3":"status-publish","4":"has-post-thumbnail","6":"product_cat-glass-vase","8":"first","9":"instock","10":"shipping-taxable","11":"product-type-simple"},"_links":{"self":[{"href":"https:\/\/www.maidaoglass.com\/es\/wp-json\/wp\/v2\/product\/3045","targetHints":{"allow":["GET"]}}],"collection":[{"href":"https:\/\/www.maidaoglass.com\/es\/wp-json\/wp\/v2\/product"}],"about":[{"href":"https:\/\/www.maidaoglass.com\/es\/wp-json\/wp\/v2\/types\/product"}],"replies":[{"embeddable":true,"href":"https:\/\/www.maidaoglass.com\/es\/wp-json\/wp\/v2\/comments?post=3045"}],"version-history":[{"count":0,"href":"https:\/\/www.maidaoglass.com\/es\/wp-json\/wp\/v2\/product\/3045\/revisions"}],"wp:featuredmedia":[{"embeddable":true,"href":"https:\/\/www.maidaoglass.com\/es\/wp-json\/wp\/v2\/media\/3047"}],"wp:attachment":[{"href":"https:\/\/www.maidaoglass.com\/es\/wp-json\/wp\/v2\/media?parent=3045"}],"wp:term":[{"taxonomy":"product_brand","embeddable":true,"href":"https:\/\/www.maidaoglass.com\/es\/wp-json\/wp\/v2\/product_brand?post=3045"},{"taxonomy":"product_cat","embeddable":true,"href":"https:\/\/www.maidaoglass.com\/es\/wp-json\/wp\/v2\/product_cat?post=3045"},{"taxonomy":"product_tag","embeddable":true,"href":"https:\/\/www.maidaoglass.com\/es\/wp-json\/wp\/v2\/product_tag?post=3045"}],"curies":[{"name":"wp","href":"https:\/\/api.w.org\/{rel}","templated":true}]}}