{"id":3050,"date":"2021-07-28T06:54:29","date_gmt":"2021-07-28T06:54:29","guid":{"rendered":"https:\/\/www.maidaoglass.com\/?post_type=product&#038;p=3050"},"modified":"2021-07-28T06:54:29","modified_gmt":"2021-07-28T06:54:29","slug":"anillo-de-cobre-jarron-de-cristal-transparente","status":"publish","type":"product","link":"https:\/\/www.maidaoglass.com\/es\/vidrio\/anillo-de-cobre-jarron-de-cristal-transparente\/","title":{"rendered":"anillo de cobre jarr\u00f3n de cristal transparente"},"content":{"rendered":"<p>Luz N\u00f3rdica Lujoso Anillo de Cobre Jarr\u00f3n de Cristal Transparente Decoraci\u00f3n Arreglo Floral Sal\u00f3n Comida Escritorio Decoraci\u00f3n del Hogar Flor Hidrop\u00f3nica.<\/p>\n<p>descripci\u00f3n del producto\uff1a<\/p>\n<p>Anillo de cobre jarr\u00f3n de cristal transparente se puede utilizar como regalos, decoraci\u00f3n del hogar .<\/p>\n<p>Los jarrones de cristal ayudan a embellecer y purificar su casa u oficina, una buena decoraci\u00f3n para usted.<\/p>\n<p>Multiuso, se puede utilizar como florero hidrop\u00f3nico.<\/p>\n<p>100% Nuevo, Hecho a mano, Alta calidad.<\/p>\n<p>Ofrecemos jarrones de cristal de alta calidad que pueden utilizarse para muchos fines: decoraci\u00f3n de mesa, sal\u00f3n, art\u00edculos de boda, manualidades, etc. No importa qu\u00e9 tipo y tama\u00f1o de jarr\u00f3n necesite, aqu\u00ed podr\u00e1 encontrarlo.<\/p>","protected":false},"excerpt":{"rendered":"<p>Luz N\u00f3rdica Lujoso Anillo de Cobre Jarr\u00f3n de Cristal Transparente Decoraci\u00f3n Arreglo Floral Sal\u00f3n Comida Escritorio Decoraci\u00f3n del Hogar Flor Hidrop\u00f3nica.<\/p>","protected":false},"featured_media":3052,"comment_status":"open","ping_status":"closed","template":"","meta":{"_seopress_robots_primary_cat":"","_seopress_titles_title":"","_seopress_titles_desc":"","_seopress_robots_index":""},"product_brand":[],"product_cat":[45],"product_tag":[],"class_list":{"0":"post-3050","1":"product","2":"type-product","3":"status-publish","4":"has-post-thumbnail","6":"product_cat-glass-vase","8":"first","9":"instock","10":"shipping-taxable","11":"product-type-simple"},"_links":{"self":[{"href":"https:\/\/www.maidaoglass.com\/es\/wp-json\/wp\/v2\/product\/3050","targetHints":{"allow":["GET"]}}],"collection":[{"href":"https:\/\/www.maidaoglass.com\/es\/wp-json\/wp\/v2\/product"}],"about":[{"href":"https:\/\/www.maidaoglass.com\/es\/wp-json\/wp\/v2\/types\/product"}],"replies":[{"embeddable":true,"href":"https:\/\/www.maidaoglass.com\/es\/wp-json\/wp\/v2\/comments?post=3050"}],"version-history":[{"count":0,"href":"https:\/\/www.maidaoglass.com\/es\/wp-json\/wp\/v2\/product\/3050\/revisions"}],"wp:featuredmedia":[{"embeddable":true,"href":"https:\/\/www.maidaoglass.com\/es\/wp-json\/wp\/v2\/media\/3052"}],"wp:attachment":[{"href":"https:\/\/www.maidaoglass.com\/es\/wp-json\/wp\/v2\/media?parent=3050"}],"wp:term":[{"taxonomy":"product_brand","embeddable":true,"href":"https:\/\/www.maidaoglass.com\/es\/wp-json\/wp\/v2\/product_brand?post=3050"},{"taxonomy":"product_cat","embeddable":true,"href":"https:\/\/www.maidaoglass.com\/es\/wp-json\/wp\/v2\/product_cat?post=3050"},{"taxonomy":"product_tag","embeddable":true,"href":"https:\/\/www.maidaoglass.com\/es\/wp-json\/wp\/v2\/product_tag?post=3050"}],"curies":[{"name":"wp","href":"https:\/\/api.w.org\/{rel}","templated":true}]}}