{"id":3057,"date":"2021-07-28T06:58:07","date_gmt":"2021-07-28T06:58:07","guid":{"rendered":"https:\/\/www.maidaoglass.com\/?post_type=product&#038;p=3057"},"modified":"2021-07-28T06:58:07","modified_gmt":"2021-07-28T06:58:07","slug":"jarron-de-cristal-estilo-nordico","status":"publish","type":"product","link":"https:\/\/www.maidaoglass.com\/es\/vidrio\/jarron-de-cristal-estilo-nordico\/","title":{"rendered":"Jarr\u00f3n de cristal de estilo n\u00f3rdico"},"content":{"rendered":"<p>INS viento luz de lujo estilo n\u00f3rdico viento florero de cristal modelo sala de estar arreglo floral hogar suave decoraci\u00f3n.<\/p>\n<p>Decoraci\u00f3n contempor\u00e1nea para el hogar-Utiliza el dise\u00f1o moderno para reemplazar f\u00e1cilmente los adornos y decoraciones comunes en tu hogar o actividades. P\u00f3ngalo en cualquier habitaci\u00f3n para a\u00f1adir un toque de elegancia y elegancia.<\/p>\n<p>Vidrio totalmente reciclado fabricado con vidrio reciclado 100% por artesanos chinos.<\/p>","protected":false},"excerpt":{"rendered":"<p>INS viento luz de lujo estilo n\u00f3rdico viento florero de cristal modelo sala de estar arreglo floral hogar suave decoraci\u00f3n.<\/p>","protected":false},"featured_media":3059,"comment_status":"open","ping_status":"closed","template":"","meta":{"_seopress_robots_primary_cat":"","_seopress_titles_title":"","_seopress_titles_desc":"","_seopress_robots_index":""},"product_brand":[],"product_cat":[45],"product_tag":[],"class_list":{"0":"post-3057","1":"product","2":"type-product","3":"status-publish","4":"has-post-thumbnail","6":"product_cat-glass-vase","8":"first","9":"instock","10":"shipping-taxable","11":"product-type-simple"},"_links":{"self":[{"href":"https:\/\/www.maidaoglass.com\/es\/wp-json\/wp\/v2\/product\/3057","targetHints":{"allow":["GET"]}}],"collection":[{"href":"https:\/\/www.maidaoglass.com\/es\/wp-json\/wp\/v2\/product"}],"about":[{"href":"https:\/\/www.maidaoglass.com\/es\/wp-json\/wp\/v2\/types\/product"}],"replies":[{"embeddable":true,"href":"https:\/\/www.maidaoglass.com\/es\/wp-json\/wp\/v2\/comments?post=3057"}],"version-history":[{"count":0,"href":"https:\/\/www.maidaoglass.com\/es\/wp-json\/wp\/v2\/product\/3057\/revisions"}],"wp:featuredmedia":[{"embeddable":true,"href":"https:\/\/www.maidaoglass.com\/es\/wp-json\/wp\/v2\/media\/3059"}],"wp:attachment":[{"href":"https:\/\/www.maidaoglass.com\/es\/wp-json\/wp\/v2\/media?parent=3057"}],"wp:term":[{"taxonomy":"product_brand","embeddable":true,"href":"https:\/\/www.maidaoglass.com\/es\/wp-json\/wp\/v2\/product_brand?post=3057"},{"taxonomy":"product_cat","embeddable":true,"href":"https:\/\/www.maidaoglass.com\/es\/wp-json\/wp\/v2\/product_cat?post=3057"},{"taxonomy":"product_tag","embeddable":true,"href":"https:\/\/www.maidaoglass.com\/es\/wp-json\/wp\/v2\/product_tag?post=3057"}],"curies":[{"name":"wp","href":"https:\/\/api.w.org\/{rel}","templated":true}]}}