{"id":3063,"date":"2021-07-28T07:03:15","date_gmt":"2021-07-28T07:03:15","guid":{"rendered":"https:\/\/www.maidaoglass.com\/?post_type=product&#038;p=3063"},"modified":"2021-07-28T07:03:15","modified_gmt":"2021-07-28T07:03:15","slug":"jarron-sencillo-de-vidrio-ondulado","status":"publish","type":"product","link":"https:\/\/www.maidaoglass.com\/es\/vidrio\/jarron-sencillo-de-vidrio-ondulado\/","title":{"rendered":"jarr\u00f3n sencillo de vidrio ondulado"},"content":{"rendered":"<p>simple jarr\u00f3n de cristal corrugado decoraci\u00f3n arreglo floral luz de lujo sal\u00f3n comedor sobremesa cultivo de agua hidrop\u00f3nico flor dispositivo.<\/p>\n<p>Dise\u00f1o simple, vida exquisita, elegancia sencilla, vuelta a la naturaleza, centrarse en la calidad de vida, pulido y color, simple y noble.El jarr\u00f3n de alto perfil est\u00e1 dise\u00f1ado para dar cabida a sus plantas y plantas favoritas.<\/p>\n<p>Multi-funci\u00f3n - Ideal para su dormitorio, ba\u00f1o, vestidor, cocina, inodoro, tocador, encimera, escritorio y mesa. Regalos perfectos - Ideal para cumplea\u00f1os, A\u00f1o Nuevo, Navidad, D\u00eda de San Valent\u00edn, D\u00eda de la Madre y muchas otras fiestas.<\/p>","protected":false},"excerpt":{"rendered":"<p>simple jarr\u00f3n de cristal corrugado decoraci\u00f3n arreglo floral luz de lujo sal\u00f3n comedor sobremesa cultivo de agua hidrop\u00f3nico flor dispositivo.<\/p>","protected":false},"featured_media":3065,"comment_status":"open","ping_status":"closed","template":"","meta":{"_seopress_robots_primary_cat":"","_seopress_titles_title":"","_seopress_titles_desc":"","_seopress_robots_index":""},"product_brand":[],"product_cat":[45],"product_tag":[],"class_list":{"0":"post-3063","1":"product","2":"type-product","3":"status-publish","4":"has-post-thumbnail","6":"product_cat-glass-vase","8":"first","9":"instock","10":"shipping-taxable","11":"product-type-simple"},"_links":{"self":[{"href":"https:\/\/www.maidaoglass.com\/es\/wp-json\/wp\/v2\/product\/3063","targetHints":{"allow":["GET"]}}],"collection":[{"href":"https:\/\/www.maidaoglass.com\/es\/wp-json\/wp\/v2\/product"}],"about":[{"href":"https:\/\/www.maidaoglass.com\/es\/wp-json\/wp\/v2\/types\/product"}],"replies":[{"embeddable":true,"href":"https:\/\/www.maidaoglass.com\/es\/wp-json\/wp\/v2\/comments?post=3063"}],"version-history":[{"count":0,"href":"https:\/\/www.maidaoglass.com\/es\/wp-json\/wp\/v2\/product\/3063\/revisions"}],"wp:featuredmedia":[{"embeddable":true,"href":"https:\/\/www.maidaoglass.com\/es\/wp-json\/wp\/v2\/media\/3065"}],"wp:attachment":[{"href":"https:\/\/www.maidaoglass.com\/es\/wp-json\/wp\/v2\/media?parent=3063"}],"wp:term":[{"taxonomy":"product_brand","embeddable":true,"href":"https:\/\/www.maidaoglass.com\/es\/wp-json\/wp\/v2\/product_brand?post=3063"},{"taxonomy":"product_cat","embeddable":true,"href":"https:\/\/www.maidaoglass.com\/es\/wp-json\/wp\/v2\/product_cat?post=3063"},{"taxonomy":"product_tag","embeddable":true,"href":"https:\/\/www.maidaoglass.com\/es\/wp-json\/wp\/v2\/product_tag?post=3063"}],"curies":[{"name":"wp","href":"https:\/\/api.w.org\/{rel}","templated":true}]}}