{"id":3069,"date":"2021-07-28T07:09:32","date_gmt":"2021-07-28T07:09:32","guid":{"rendered":"https:\/\/www.maidaoglass.com\/?post_type=product&#038;p=3069"},"modified":"2021-07-28T07:09:32","modified_gmt":"2021-07-28T07:09:32","slug":"jarron-americano-de-cristal-verde","status":"publish","type":"product","link":"https:\/\/www.maidaoglass.com\/es\/vidrio\/jarron-americano-de-cristal-verde\/","title":{"rendered":"jarr\u00f3n americano de cristal verde"},"content":{"rendered":"<p>Florero grande de cristal verde americano decoraci\u00f3n creativa sala de estar piso flores secas arreglo floral mesa decoraci\u00f3n del hogar.<\/p>\n<p>Utiliza material de vidrio de alta calidad, La superficie es brillante y hermosa, belleza \u00fanica.<\/p>\n<p>Jarr\u00f3n de vidrio transparente y cristalino, claramente visible.<\/p>\n<p>Boca de botella lisa y redonda, dise\u00f1o de fondo plano, alta seguridad.<\/p>\n<p>No s\u00f3lo es un jarr\u00f3n com\u00fan para las flores, sino tambi\u00e9n una bella artesan\u00eda.<\/p>\n<p>Somos responsables de nuestros productos y clientes. Si tiene alg\u00fan problema con nuestro producto, p\u00f3ngase en contacto con nosotros primero.<\/p>","protected":false},"excerpt":{"rendered":"<p>Florero grande de cristal verde americano decoraci\u00f3n creativa sala de estar piso flores secas arreglo floral mesa decoraci\u00f3n del hogar.<\/p>","protected":false},"featured_media":3071,"comment_status":"open","ping_status":"closed","template":"","meta":{"_seopress_robots_primary_cat":"","_seopress_titles_title":"","_seopress_titles_desc":"","_seopress_robots_index":""},"product_brand":[],"product_cat":[45],"product_tag":[],"class_list":{"0":"post-3069","1":"product","2":"type-product","3":"status-publish","4":"has-post-thumbnail","6":"product_cat-glass-vase","8":"first","9":"instock","10":"shipping-taxable","11":"product-type-simple"},"_links":{"self":[{"href":"https:\/\/www.maidaoglass.com\/es\/wp-json\/wp\/v2\/product\/3069","targetHints":{"allow":["GET"]}}],"collection":[{"href":"https:\/\/www.maidaoglass.com\/es\/wp-json\/wp\/v2\/product"}],"about":[{"href":"https:\/\/www.maidaoglass.com\/es\/wp-json\/wp\/v2\/types\/product"}],"replies":[{"embeddable":true,"href":"https:\/\/www.maidaoglass.com\/es\/wp-json\/wp\/v2\/comments?post=3069"}],"version-history":[{"count":0,"href":"https:\/\/www.maidaoglass.com\/es\/wp-json\/wp\/v2\/product\/3069\/revisions"}],"wp:featuredmedia":[{"embeddable":true,"href":"https:\/\/www.maidaoglass.com\/es\/wp-json\/wp\/v2\/media\/3071"}],"wp:attachment":[{"href":"https:\/\/www.maidaoglass.com\/es\/wp-json\/wp\/v2\/media?parent=3069"}],"wp:term":[{"taxonomy":"product_brand","embeddable":true,"href":"https:\/\/www.maidaoglass.com\/es\/wp-json\/wp\/v2\/product_brand?post=3069"},{"taxonomy":"product_cat","embeddable":true,"href":"https:\/\/www.maidaoglass.com\/es\/wp-json\/wp\/v2\/product_cat?post=3069"},{"taxonomy":"product_tag","embeddable":true,"href":"https:\/\/www.maidaoglass.com\/es\/wp-json\/wp\/v2\/product_tag?post=3069"}],"curies":[{"name":"wp","href":"https:\/\/api.w.org\/{rel}","templated":true}]}}