{"id":3075,"date":"2021-07-28T07:18:19","date_gmt":"2021-07-28T07:18:19","guid":{"rendered":"https:\/\/www.maidaoglass.com\/?post_type=product&#038;p=3075"},"modified":"2021-07-28T07:18:19","modified_gmt":"2021-07-28T07:18:19","slug":"jarron-de-cristal-americano-decoracion","status":"publish","type":"product","link":"https:\/\/www.maidaoglass.com\/es\/vidrio\/jarron-de-cristal-americano-decoracion\/","title":{"rendered":"jarr\u00f3n de cristal americano decoraci\u00f3n"},"content":{"rendered":"<p>Decoracion con florero grande de vidrio americano, piso entrada pasillo sala modelo sala flores secas decoracion decoracion.<\/p>\n<p data-section=\"0\"><span data-section=\"0\" data-sentence=\"0\">Descripci\u00f3n del jarr\u00f3n de cristal:<\/span><\/p>\n<p>Material: Vidrio<\/p>\n<p>Tama\u00f1o Grande Peque\u00f1o<\/p>\n<p>Estilo: sencillo y moderno<\/p>\n<p>Clasificaci\u00f3n por colores: secci\u00f3n baja secci\u00f3n alta<\/p>\n<p>Tipo de flor: Florero<\/p>\n<p>Escena aplicable: escritorio del sal\u00f3n<\/p>\n<p>Huanlian Glass es un fabricante y mayorista profesional de jarrones de cristal, elija entre nuestra selecci\u00f3n de jarrones. El jarr\u00f3n puede personaliz.<\/p>","protected":false},"excerpt":{"rendered":"<p>Decoracion con florero grande de vidrio americano, piso entrada pasillo sala modelo sala flores secas decoracion decoracion.<\/p>","protected":false},"featured_media":3077,"comment_status":"open","ping_status":"closed","template":"","meta":{"_seopress_robots_primary_cat":"","_seopress_titles_title":"","_seopress_titles_desc":"","_seopress_robots_index":""},"product_brand":[],"product_cat":[45],"product_tag":[],"class_list":{"0":"post-3075","1":"product","2":"type-product","3":"status-publish","4":"has-post-thumbnail","6":"product_cat-glass-vase","8":"first","9":"instock","10":"shipping-taxable","11":"product-type-simple"},"_links":{"self":[{"href":"https:\/\/www.maidaoglass.com\/es\/wp-json\/wp\/v2\/product\/3075","targetHints":{"allow":["GET"]}}],"collection":[{"href":"https:\/\/www.maidaoglass.com\/es\/wp-json\/wp\/v2\/product"}],"about":[{"href":"https:\/\/www.maidaoglass.com\/es\/wp-json\/wp\/v2\/types\/product"}],"replies":[{"embeddable":true,"href":"https:\/\/www.maidaoglass.com\/es\/wp-json\/wp\/v2\/comments?post=3075"}],"version-history":[{"count":0,"href":"https:\/\/www.maidaoglass.com\/es\/wp-json\/wp\/v2\/product\/3075\/revisions"}],"wp:featuredmedia":[{"embeddable":true,"href":"https:\/\/www.maidaoglass.com\/es\/wp-json\/wp\/v2\/media\/3077"}],"wp:attachment":[{"href":"https:\/\/www.maidaoglass.com\/es\/wp-json\/wp\/v2\/media?parent=3075"}],"wp:term":[{"taxonomy":"product_brand","embeddable":true,"href":"https:\/\/www.maidaoglass.com\/es\/wp-json\/wp\/v2\/product_brand?post=3075"},{"taxonomy":"product_cat","embeddable":true,"href":"https:\/\/www.maidaoglass.com\/es\/wp-json\/wp\/v2\/product_cat?post=3075"},{"taxonomy":"product_tag","embeddable":true,"href":"https:\/\/www.maidaoglass.com\/es\/wp-json\/wp\/v2\/product_tag?post=3075"}],"curies":[{"name":"wp","href":"https:\/\/api.w.org\/{rel}","templated":true}]}}