{"id":3081,"date":"2021-07-28T08:34:04","date_gmt":"2021-07-28T08:34:04","guid":{"rendered":"https:\/\/www.maidaoglass.com\/?post_type=product&#038;p=3081"},"modified":"2021-07-28T08:34:04","modified_gmt":"2021-07-28T08:34:04","slug":"jarron-nordico-sencillo-de-cristal-transparente","status":"publish","type":"product","link":"https:\/\/www.maidaoglass.com\/es\/vidrio\/jarron-nordico-sencillo-de-cristal-transparente\/","title":{"rendered":"jarr\u00f3n n\u00f3rdico sencillo de cristal transparente"},"content":{"rendered":"<p>simple n\u00f3rdico jarr\u00f3n de cristal transparente decoraci\u00f3n de la luz de lujo creativa sala de estar arreglo floral con tapa fija dispositivo hidrop\u00f3nico de flores.<\/p>\n<p data-section=\"0\"><span data-section=\"0\" data-sentence=\"0\">Descripci\u00f3n del jarr\u00f3n de cristal:<\/span><\/p>\n<p>Uso Material de vidrio de alta calidad, seguridad del producto, inofensivo para la salud humana.<\/p>\n<p>Hermosa forma, elegante y lujoso, exquisita mano de obra, se puede utilizar para decorar la oficina y la casa.<\/p>\n<p>Elaboraci\u00f3n Pintado a mano, tallado delicado, magn\u00edficos efectos visuales.<\/p>\n<p>Cocci\u00f3n a alta temperatura,El cuerpo de la botella es liso, las l\u00edneas son naturales y suaves, f\u00e1cil de limpiar.<\/p>","protected":false},"excerpt":{"rendered":"<p>simple n\u00f3rdico jarr\u00f3n de cristal transparente decoraci\u00f3n de la luz de lujo creativa sala de estar arreglo floral con tapa fija dispositivo hidrop\u00f3nico de flores.<\/p>","protected":false},"featured_media":3083,"comment_status":"open","ping_status":"closed","template":"","meta":{"_seopress_robots_primary_cat":"","_seopress_titles_title":"","_seopress_titles_desc":"","_seopress_robots_index":""},"product_brand":[],"product_cat":[45],"product_tag":[],"class_list":{"0":"post-3081","1":"product","2":"type-product","3":"status-publish","4":"has-post-thumbnail","6":"product_cat-glass-vase","8":"first","9":"instock","10":"shipping-taxable","11":"product-type-simple"},"_links":{"self":[{"href":"https:\/\/www.maidaoglass.com\/es\/wp-json\/wp\/v2\/product\/3081","targetHints":{"allow":["GET"]}}],"collection":[{"href":"https:\/\/www.maidaoglass.com\/es\/wp-json\/wp\/v2\/product"}],"about":[{"href":"https:\/\/www.maidaoglass.com\/es\/wp-json\/wp\/v2\/types\/product"}],"replies":[{"embeddable":true,"href":"https:\/\/www.maidaoglass.com\/es\/wp-json\/wp\/v2\/comments?post=3081"}],"version-history":[{"count":0,"href":"https:\/\/www.maidaoglass.com\/es\/wp-json\/wp\/v2\/product\/3081\/revisions"}],"wp:featuredmedia":[{"embeddable":true,"href":"https:\/\/www.maidaoglass.com\/es\/wp-json\/wp\/v2\/media\/3083"}],"wp:attachment":[{"href":"https:\/\/www.maidaoglass.com\/es\/wp-json\/wp\/v2\/media?parent=3081"}],"wp:term":[{"taxonomy":"product_brand","embeddable":true,"href":"https:\/\/www.maidaoglass.com\/es\/wp-json\/wp\/v2\/product_brand?post=3081"},{"taxonomy":"product_cat","embeddable":true,"href":"https:\/\/www.maidaoglass.com\/es\/wp-json\/wp\/v2\/product_cat?post=3081"},{"taxonomy":"product_tag","embeddable":true,"href":"https:\/\/www.maidaoglass.com\/es\/wp-json\/wp\/v2\/product_tag?post=3081"}],"curies":[{"name":"wp","href":"https:\/\/api.w.org\/{rel}","templated":true}]}}