{"id":3094,"date":"2021-07-28T08:46:40","date_gmt":"2021-07-28T08:46:40","guid":{"rendered":"https:\/\/www.maidaoglass.com\/?post_type=product&#038;p=3094"},"modified":"2021-07-28T08:46:41","modified_gmt":"2021-07-28T08:46:41","slug":"jarron-de-cristal-con-contraste-artistico","status":"publish","type":"product","link":"https:\/\/www.maidaoglass.com\/es\/vidrio\/jarron-de-cristal-con-contraste-artistico\/","title":{"rendered":"jarr\u00f3n de cristal con contraste art\u00edstico"},"content":{"rendered":"<p>Arte N\u00f3rdico Florero de Cristal de Color Contrastante Flor de Cemento Mesa de Comedor Flor Seca Arreglo Floral Mobiliario del Hogar.<\/p>\n<p><span data-section=\"0\" data-sentence=\"0\">Jarr\u00f3n de cristal Descripci\u00f3n:<\/span><\/p>\n<p><span data-section=\"0\" data-sentence=\"0\">La combinaci\u00f3n de m\u00faltiples colores crea una maravillosa presentaci\u00f3n en capas en el jarr\u00f3n Contrast. Esta creaci\u00f3n combina antiguas t\u00e9cnicas artesanales de soplado de vidrio con un dise\u00f1o contempor\u00e1neo de vanguardia para formar preciosos elementos decorativos. Art\u00edsticamente sencillo, este jarr\u00f3n minimalista es un complemento elegante y de buen gusto para la decoraci\u00f3n de cualquier hogar.<\/span><\/p>","protected":false},"excerpt":{"rendered":"<p>Arte N\u00f3rdico Florero de Cristal de Color Contrastante Flor de Cemento Mesa de Comedor Flor Seca Arreglo Floral Mobiliario del Hogar.<\/p>","protected":false},"featured_media":3096,"comment_status":"open","ping_status":"closed","template":"","meta":{"_seopress_robots_primary_cat":"","_seopress_titles_title":"","_seopress_titles_desc":"","_seopress_robots_index":""},"product_brand":[],"product_cat":[45],"product_tag":[],"class_list":{"0":"post-3094","1":"product","2":"type-product","3":"status-publish","4":"has-post-thumbnail","6":"product_cat-glass-vase","8":"first","9":"instock","10":"shipping-taxable","11":"product-type-simple"},"_links":{"self":[{"href":"https:\/\/www.maidaoglass.com\/es\/wp-json\/wp\/v2\/product\/3094","targetHints":{"allow":["GET"]}}],"collection":[{"href":"https:\/\/www.maidaoglass.com\/es\/wp-json\/wp\/v2\/product"}],"about":[{"href":"https:\/\/www.maidaoglass.com\/es\/wp-json\/wp\/v2\/types\/product"}],"replies":[{"embeddable":true,"href":"https:\/\/www.maidaoglass.com\/es\/wp-json\/wp\/v2\/comments?post=3094"}],"version-history":[{"count":0,"href":"https:\/\/www.maidaoglass.com\/es\/wp-json\/wp\/v2\/product\/3094\/revisions"}],"wp:featuredmedia":[{"embeddable":true,"href":"https:\/\/www.maidaoglass.com\/es\/wp-json\/wp\/v2\/media\/3096"}],"wp:attachment":[{"href":"https:\/\/www.maidaoglass.com\/es\/wp-json\/wp\/v2\/media?parent=3094"}],"wp:term":[{"taxonomy":"product_brand","embeddable":true,"href":"https:\/\/www.maidaoglass.com\/es\/wp-json\/wp\/v2\/product_brand?post=3094"},{"taxonomy":"product_cat","embeddable":true,"href":"https:\/\/www.maidaoglass.com\/es\/wp-json\/wp\/v2\/product_cat?post=3094"},{"taxonomy":"product_tag","embeddable":true,"href":"https:\/\/www.maidaoglass.com\/es\/wp-json\/wp\/v2\/product_tag?post=3094"}],"curies":[{"name":"wp","href":"https:\/\/api.w.org\/{rel}","templated":true}]}}