{"id":3101,"date":"2021-07-28T08:51:03","date_gmt":"2021-07-28T08:51:03","guid":{"rendered":"https:\/\/www.maidaoglass.com\/?post_type=product&#038;p=3101"},"modified":"2021-07-28T08:51:03","modified_gmt":"2021-07-28T08:51:03","slug":"jarron-de-cristal-transparente-color-oro","status":"publish","type":"product","link":"https:\/\/www.maidaoglass.com\/es\/vidrio\/jarron-de-cristal-transparente-color-oro\/","title":{"rendered":"Jarr\u00f3n de cristal transparente dorado de gran estilo"},"content":{"rendered":"<p>Alto estilo de oro pintado de color transparente jarr\u00f3n de cristal decoraci\u00f3n de flores arreglo de flores de luz de lujo creativa decoraci\u00f3n de la sala de estar dispositivo de flores hidrop\u00f3nicas.<\/p>\n<p>Material: vidrio<\/p>\n<p>Talla: Ver foto para m\u00e1s detalles<\/p>\n<p>Acabado fino, fondo transparente<\/p>\n<p>La parte inferior del pie es estable y no es f\u00e1cil de tumbar<\/p>\n<p>El tocador, la mesilla de noche, el alf\u00e9izar de la ventana o el mueble del televisor son la disposici\u00f3n ideal.<\/p>","protected":false},"excerpt":{"rendered":"<p>Alto estilo de oro pintado de color transparente jarr\u00f3n de cristal decoraci\u00f3n de flores arreglo de flores de luz de lujo creativa decoraci\u00f3n de la sala de estar dispositivo de flores hidrop\u00f3nicas.<\/p>","protected":false},"featured_media":3103,"comment_status":"open","ping_status":"closed","template":"","meta":{"_seopress_robots_primary_cat":"","_seopress_titles_title":"","_seopress_titles_desc":"","_seopress_robots_index":""},"product_brand":[],"product_cat":[45],"product_tag":[],"class_list":{"0":"post-3101","1":"product","2":"type-product","3":"status-publish","4":"has-post-thumbnail","6":"product_cat-glass-vase","8":"first","9":"instock","10":"shipping-taxable","11":"product-type-simple"},"_links":{"self":[{"href":"https:\/\/www.maidaoglass.com\/es\/wp-json\/wp\/v2\/product\/3101","targetHints":{"allow":["GET"]}}],"collection":[{"href":"https:\/\/www.maidaoglass.com\/es\/wp-json\/wp\/v2\/product"}],"about":[{"href":"https:\/\/www.maidaoglass.com\/es\/wp-json\/wp\/v2\/types\/product"}],"replies":[{"embeddable":true,"href":"https:\/\/www.maidaoglass.com\/es\/wp-json\/wp\/v2\/comments?post=3101"}],"version-history":[{"count":0,"href":"https:\/\/www.maidaoglass.com\/es\/wp-json\/wp\/v2\/product\/3101\/revisions"}],"wp:featuredmedia":[{"embeddable":true,"href":"https:\/\/www.maidaoglass.com\/es\/wp-json\/wp\/v2\/media\/3103"}],"wp:attachment":[{"href":"https:\/\/www.maidaoglass.com\/es\/wp-json\/wp\/v2\/media?parent=3101"}],"wp:term":[{"taxonomy":"product_brand","embeddable":true,"href":"https:\/\/www.maidaoglass.com\/es\/wp-json\/wp\/v2\/product_brand?post=3101"},{"taxonomy":"product_cat","embeddable":true,"href":"https:\/\/www.maidaoglass.com\/es\/wp-json\/wp\/v2\/product_cat?post=3101"},{"taxonomy":"product_tag","embeddable":true,"href":"https:\/\/www.maidaoglass.com\/es\/wp-json\/wp\/v2\/product_tag?post=3101"}],"curies":[{"name":"wp","href":"https:\/\/api.w.org\/{rel}","templated":true}]}}