{"id":3107,"date":"2021-07-28T09:05:51","date_gmt":"2021-07-28T09:05:51","guid":{"rendered":"https:\/\/www.maidaoglass.com\/?post_type=product&#038;p=3107"},"modified":"2021-07-28T09:05:51","modified_gmt":"2021-07-28T09:05:51","slug":"creativo-jarron-de-cristal-con-contraste-de-color","status":"publish","type":"product","link":"https:\/\/www.maidaoglass.com\/es\/vidrio\/creativo-jarron-de-cristal-con-contraste-de-color\/","title":{"rendered":"Creativo jarr\u00f3n de cristal con contraste de colores"},"content":{"rendered":"<p>Creativo contraste de color jarr\u00f3n de cristal de cemento decoraci\u00f3n de flores de dise\u00f1o modelo sala de comedor mesa de exposici\u00f3n sala de decoraci\u00f3n suave.<\/p>\n<p data-section=\"0\"><span data-section=\"0\" data-sentence=\"0\">Descripci\u00f3n del jarr\u00f3n de cristal:<\/span><\/p>\n<p>Material: Vidrio<\/p>\n<p>Tama\u00f1o Grande Peque\u00f1o<\/p>\n<p>Estilo: sencillo y moderno<\/p>\n<p>Clasificaci\u00f3n por colores: peque\u00f1o tama\u00f1o grande<\/p>\n<p>Tipo de flor: Florero<\/p>\n<p>Ver m\u00e1s informaci\u00f3n sobre Combinaciones creativas de jarrones esf\u00e9ricos de cristal y probar estas ideas para decorar la casa con adornos de Navidad. Por favor, compra la combinaci\u00f3n creativa de decoraci\u00f3n de jarrones de cristal esf\u00e9ricos, garantizamos la cantidad y calidad del jarr\u00f3n de cristal.<\/p>","protected":false},"excerpt":{"rendered":"<p>Creativo contraste de color jarr\u00f3n de cristal de cemento decoraci\u00f3n de flores de dise\u00f1o modelo sala de comedor mesa de exposici\u00f3n sala de decoraci\u00f3n suave.<\/p>","protected":false},"featured_media":3109,"comment_status":"open","ping_status":"closed","template":"","meta":{"_seopress_robots_primary_cat":"","_seopress_titles_title":"","_seopress_titles_desc":"","_seopress_robots_index":""},"product_brand":[],"product_cat":[45],"product_tag":[],"class_list":{"0":"post-3107","1":"product","2":"type-product","3":"status-publish","4":"has-post-thumbnail","6":"product_cat-glass-vase","8":"first","9":"instock","10":"shipping-taxable","11":"product-type-simple"},"_links":{"self":[{"href":"https:\/\/www.maidaoglass.com\/es\/wp-json\/wp\/v2\/product\/3107","targetHints":{"allow":["GET"]}}],"collection":[{"href":"https:\/\/www.maidaoglass.com\/es\/wp-json\/wp\/v2\/product"}],"about":[{"href":"https:\/\/www.maidaoglass.com\/es\/wp-json\/wp\/v2\/types\/product"}],"replies":[{"embeddable":true,"href":"https:\/\/www.maidaoglass.com\/es\/wp-json\/wp\/v2\/comments?post=3107"}],"version-history":[{"count":0,"href":"https:\/\/www.maidaoglass.com\/es\/wp-json\/wp\/v2\/product\/3107\/revisions"}],"wp:featuredmedia":[{"embeddable":true,"href":"https:\/\/www.maidaoglass.com\/es\/wp-json\/wp\/v2\/media\/3109"}],"wp:attachment":[{"href":"https:\/\/www.maidaoglass.com\/es\/wp-json\/wp\/v2\/media?parent=3107"}],"wp:term":[{"taxonomy":"product_brand","embeddable":true,"href":"https:\/\/www.maidaoglass.com\/es\/wp-json\/wp\/v2\/product_brand?post=3107"},{"taxonomy":"product_cat","embeddable":true,"href":"https:\/\/www.maidaoglass.com\/es\/wp-json\/wp\/v2\/product_cat?post=3107"},{"taxonomy":"product_tag","embeddable":true,"href":"https:\/\/www.maidaoglass.com\/es\/wp-json\/wp\/v2\/product_tag?post=3107"}],"curies":[{"name":"wp","href":"https:\/\/api.w.org\/{rel}","templated":true}]}}