{"id":3116,"date":"2021-07-30T07:07:54","date_gmt":"2021-07-30T07:07:54","guid":{"rendered":"https:\/\/www.maidaoglass.com\/?post_type=product&#038;p=3116"},"modified":"2021-07-30T07:07:54","modified_gmt":"2021-07-30T07:07:54","slug":"jarron-dorado-transparente-con-cristal-martillado","status":"publish","type":"product","link":"https:\/\/www.maidaoglass.com\/es\/vidrio\/jarron-dorado-transparente-con-cristal-martillado\/","title":{"rendered":"Jarr\u00f3n dorado transparente con cristal martillado"},"content":{"rendered":"<p>luz n\u00f3rdica lujo pintado de oro martillado vidrio transparente florero decoraci\u00f3n arreglo floral sala de estar mesa suave decoraci\u00f3n agua flor plantador.<\/p>\n<p>jarr\u00f3n de cristal est\u00e1 hecho de vidrio de soda-lima, el color es s\u00f3lido y transl\u00facido, el vidrio es grueso y pesado para asegurar la durabilidad. Acentos de decoraci\u00f3n de arte contempor\u00e1neo perfecto para su comedor y sala de estar.<\/p>\n<p>Se puede combinar todo: Jarrones de dise\u00f1o \u00fanico, recipientes sencillos para flores, perfectos para arreglos florales, ramos, orqu\u00eddeas. Perfecto para pot pourri, rellenos de jarrones, cuentas, piedras preciosas, pedrer\u00eda, seda o flores secas. Bonita decoraci\u00f3n para cocina, sal\u00f3n, oficina, restaurante, centro de mesa de comedor. Idea de regalo para Navidad, boda, inauguraci\u00f3n de la casa, vacaciones, D\u00eda de la Madre, cumplea\u00f1os, aniversario.<\/p>","protected":false},"excerpt":{"rendered":"<p>luz n\u00f3rdica lujo pintado de oro martillado vidrio transparente florero decoraci\u00f3n arreglo floral sala de estar mesa suave decoraci\u00f3n agua flor plantador.<\/p>","protected":false},"featured_media":3118,"comment_status":"open","ping_status":"closed","template":"","meta":{"_seopress_robots_primary_cat":"","_seopress_titles_title":"","_seopress_titles_desc":"","_seopress_robots_index":""},"product_brand":[],"product_cat":[45],"product_tag":[],"class_list":{"0":"post-3116","1":"product","2":"type-product","3":"status-publish","4":"has-post-thumbnail","6":"product_cat-glass-vase","8":"first","9":"instock","10":"shipping-taxable","11":"product-type-simple"},"_links":{"self":[{"href":"https:\/\/www.maidaoglass.com\/es\/wp-json\/wp\/v2\/product\/3116","targetHints":{"allow":["GET"]}}],"collection":[{"href":"https:\/\/www.maidaoglass.com\/es\/wp-json\/wp\/v2\/product"}],"about":[{"href":"https:\/\/www.maidaoglass.com\/es\/wp-json\/wp\/v2\/types\/product"}],"replies":[{"embeddable":true,"href":"https:\/\/www.maidaoglass.com\/es\/wp-json\/wp\/v2\/comments?post=3116"}],"version-history":[{"count":0,"href":"https:\/\/www.maidaoglass.com\/es\/wp-json\/wp\/v2\/product\/3116\/revisions"}],"wp:featuredmedia":[{"embeddable":true,"href":"https:\/\/www.maidaoglass.com\/es\/wp-json\/wp\/v2\/media\/3118"}],"wp:attachment":[{"href":"https:\/\/www.maidaoglass.com\/es\/wp-json\/wp\/v2\/media?parent=3116"}],"wp:term":[{"taxonomy":"product_brand","embeddable":true,"href":"https:\/\/www.maidaoglass.com\/es\/wp-json\/wp\/v2\/product_brand?post=3116"},{"taxonomy":"product_cat","embeddable":true,"href":"https:\/\/www.maidaoglass.com\/es\/wp-json\/wp\/v2\/product_cat?post=3116"},{"taxonomy":"product_tag","embeddable":true,"href":"https:\/\/www.maidaoglass.com\/es\/wp-json\/wp\/v2\/product_tag?post=3116"}],"curies":[{"name":"wp","href":"https:\/\/api.w.org\/{rel}","templated":true}]}}