{"id":3122,"date":"2021-07-30T07:10:32","date_gmt":"2021-07-30T07:10:32","guid":{"rendered":"https:\/\/www.maidaoglass.com\/?post_type=product&#038;p=3122"},"modified":"2021-07-30T07:10:32","modified_gmt":"2021-07-30T07:10:32","slug":"jarron-de-cristal-hidroponico-creativo","status":"publish","type":"product","link":"https:\/\/www.maidaoglass.com\/es\/vidrio\/jarron-de-cristal-hidroponico-creativo\/","title":{"rendered":"jarr\u00f3n de cristal hidrop\u00f3nico creativo"},"content":{"rendered":"<p>florero de cristal hidrop\u00f3nico creativo n\u00f3rdico adornos soporte de hierro forjado sala de estar arreglo floral mueble TV comedor sobremesa luz flor de lujo.<\/p>\n<p data-section=\"0\"><span data-section=\"0\" data-sentence=\"0\">Creativo jarr\u00f3n de metal con soporte de metal para plantas hidrop\u00f3nicas botella de vidrio.<\/span>\u00a0<span data-section=\"0\" data-sentence=\"1\">La combinaci\u00f3n decora la mesa, el sal\u00f3n, etc., hace que su hogar sea m\u00e1s c\u00e1lido y confortable.<\/span><\/p>\n<p data-section=\"0\"><span data-section=\"0\" data-sentence=\"0\">En nuestra tienda de jarrones, seleccionamos los mejores trabajos manuales, \u00fanicos o a medida, de jarrones de cristal hidrop\u00f3nico.<\/span><\/p>","protected":false},"excerpt":{"rendered":"<p>florero de cristal hidrop\u00f3nico creativo n\u00f3rdico adornos soporte de hierro forjado sala de estar arreglo floral mueble TV comedor sobremesa luz flor de lujo.<\/p>","protected":false},"featured_media":3124,"comment_status":"open","ping_status":"closed","template":"","meta":{"_seopress_robots_primary_cat":"","_seopress_titles_title":"","_seopress_titles_desc":"","_seopress_robots_index":""},"product_brand":[],"product_cat":[45],"product_tag":[],"class_list":{"0":"post-3122","1":"product","2":"type-product","3":"status-publish","4":"has-post-thumbnail","6":"product_cat-glass-vase","8":"first","9":"instock","10":"shipping-taxable","11":"product-type-simple"},"_links":{"self":[{"href":"https:\/\/www.maidaoglass.com\/es\/wp-json\/wp\/v2\/product\/3122","targetHints":{"allow":["GET"]}}],"collection":[{"href":"https:\/\/www.maidaoglass.com\/es\/wp-json\/wp\/v2\/product"}],"about":[{"href":"https:\/\/www.maidaoglass.com\/es\/wp-json\/wp\/v2\/types\/product"}],"replies":[{"embeddable":true,"href":"https:\/\/www.maidaoglass.com\/es\/wp-json\/wp\/v2\/comments?post=3122"}],"version-history":[{"count":0,"href":"https:\/\/www.maidaoglass.com\/es\/wp-json\/wp\/v2\/product\/3122\/revisions"}],"wp:featuredmedia":[{"embeddable":true,"href":"https:\/\/www.maidaoglass.com\/es\/wp-json\/wp\/v2\/media\/3124"}],"wp:attachment":[{"href":"https:\/\/www.maidaoglass.com\/es\/wp-json\/wp\/v2\/media?parent=3122"}],"wp:term":[{"taxonomy":"product_brand","embeddable":true,"href":"https:\/\/www.maidaoglass.com\/es\/wp-json\/wp\/v2\/product_brand?post=3122"},{"taxonomy":"product_cat","embeddable":true,"href":"https:\/\/www.maidaoglass.com\/es\/wp-json\/wp\/v2\/product_cat?post=3122"},{"taxonomy":"product_tag","embeddable":true,"href":"https:\/\/www.maidaoglass.com\/es\/wp-json\/wp\/v2\/product_tag?post=3122"}],"curies":[{"name":"wp","href":"https:\/\/api.w.org\/{rel}","templated":true}]}}