{"id":3134,"date":"2021-07-30T07:16:25","date_gmt":"2021-07-30T07:16:25","guid":{"rendered":"https:\/\/www.maidaoglass.com\/?post_type=product&#038;p=3134"},"modified":"2021-07-30T07:16:25","modified_gmt":"2021-07-30T07:16:25","slug":"portavelas-de-cristal-hotel-comedor-salon-encimera-luz-lujo-hogar-decoracion-suave","status":"publish","type":"product","link":"https:\/\/www.maidaoglass.com\/es\/vidrio\/portavelas-de-cristal-hotel-comedor-salon-encimera-luz-lujo-hogar-decoracion-suave\/","title":{"rendered":"Portavelas de cristal hotel comedor sal\u00f3n encimera luz lujo hogar suave decoraci\u00f3n"},"content":{"rendered":"<p>INS viento retro nost\u00e1lgico viento Portavelas de cristal hotel comedor sal\u00f3n encimera luz lujo hogar decoraciones suaves.<\/p>\n<p>Los portavelas de cristal son perfectos para centros de mesa de bodas, decoraci\u00f3n floral, decoraci\u00f3n del hogar... a\u00f1aden un toque sencillo a cualquier ocasi\u00f3n.<\/p>\n<p>Este jarr\u00f3n cil\u00edndrico es el regalo perfecto para celebrar el estreno de una casa, un cumplea\u00f1os, una boda o una boda para cualquier persona a la que le guste la elegancia y la funcionalidad.<\/p>\n<p>Huanlian Glass es un fabricante y mayorista profesional de jarrones de cristal, elija entre nuestra selecci\u00f3n de jarrones. El jarr\u00f3n puede personalizar.<\/p>","protected":false},"excerpt":{"rendered":"<p>INS viento retro nost\u00e1lgico viento Portavelas de cristal hotel comedor sal\u00f3n encimera luz lujo hogar decoraciones suaves.<\/p>","protected":false},"featured_media":3139,"comment_status":"open","ping_status":"closed","template":"","meta":{"_seopress_robots_primary_cat":"","_seopress_titles_title":"","_seopress_titles_desc":"","_seopress_robots_index":""},"product_brand":[],"product_cat":[45],"product_tag":[],"class_list":{"0":"post-3134","1":"product","2":"type-product","3":"status-publish","4":"has-post-thumbnail","6":"product_cat-glass-vase","8":"first","9":"instock","10":"shipping-taxable","11":"product-type-simple"},"_links":{"self":[{"href":"https:\/\/www.maidaoglass.com\/es\/wp-json\/wp\/v2\/product\/3134","targetHints":{"allow":["GET"]}}],"collection":[{"href":"https:\/\/www.maidaoglass.com\/es\/wp-json\/wp\/v2\/product"}],"about":[{"href":"https:\/\/www.maidaoglass.com\/es\/wp-json\/wp\/v2\/types\/product"}],"replies":[{"embeddable":true,"href":"https:\/\/www.maidaoglass.com\/es\/wp-json\/wp\/v2\/comments?post=3134"}],"version-history":[{"count":0,"href":"https:\/\/www.maidaoglass.com\/es\/wp-json\/wp\/v2\/product\/3134\/revisions"}],"wp:featuredmedia":[{"embeddable":true,"href":"https:\/\/www.maidaoglass.com\/es\/wp-json\/wp\/v2\/media\/3139"}],"wp:attachment":[{"href":"https:\/\/www.maidaoglass.com\/es\/wp-json\/wp\/v2\/media?parent=3134"}],"wp:term":[{"taxonomy":"product_brand","embeddable":true,"href":"https:\/\/www.maidaoglass.com\/es\/wp-json\/wp\/v2\/product_brand?post=3134"},{"taxonomy":"product_cat","embeddable":true,"href":"https:\/\/www.maidaoglass.com\/es\/wp-json\/wp\/v2\/product_cat?post=3134"},{"taxonomy":"product_tag","embeddable":true,"href":"https:\/\/www.maidaoglass.com\/es\/wp-json\/wp\/v2\/product_tag?post=3134"}],"curies":[{"name":"wp","href":"https:\/\/api.w.org\/{rel}","templated":true}]}}