{"id":3140,"date":"2021-07-30T07:22:13","date_gmt":"2021-07-30T07:22:13","guid":{"rendered":"https:\/\/www.maidaoglass.com\/?post_type=product&#038;p=3140"},"modified":"2021-07-30T07:22:13","modified_gmt":"2021-07-30T07:22:13","slug":"mini-botella-de-aromaterapia-esferica-hidroponica-de-sobremesa-flor-de-cristal","status":"publish","type":"product","link":"https:\/\/www.maidaoglass.com\/es\/vidrio\/mini-botella-de-aromaterapia-esferica-hidroponica-de-sobremesa-flor-de-cristal\/","title":{"rendered":"Mini botella de aromaterapia esf\u00e9rica hidrop\u00f3nica de sobremesa flor de cristal"},"content":{"rendered":"<p>Mini Botella de Aromaterapia Esf\u00e9rica Hidrop\u00f3nica Escritorio Flor de Cristal Decoraci\u00f3n de Escaparate.<\/p>\n<p>Hogar, oficina, colecciones, regalos de vacaciones, regalos de boda, cumplea\u00f1os, Navidad, Acci\u00f3n de Gracias y aniversarios, etc. Los jarrones de cristal se pueden utilizar para la decoraci\u00f3n del sal\u00f3n, el estudio y el dormitorio, haciendo que su hogar resulte elegante y rom\u00e1ntico.<\/p>","protected":false},"excerpt":{"rendered":"<p>Mini Botella de Aromaterapia Esf\u00e9rica Hidrop\u00f3nica Escritorio Flor de Cristal Decoraci\u00f3n de Escaparate.<\/p>","protected":false},"featured_media":3142,"comment_status":"open","ping_status":"closed","template":"","meta":{"_seopress_robots_primary_cat":"","_seopress_titles_title":"","_seopress_titles_desc":"","_seopress_robots_index":""},"product_brand":[],"product_cat":[45],"product_tag":[],"class_list":{"0":"post-3140","1":"product","2":"type-product","3":"status-publish","4":"has-post-thumbnail","6":"product_cat-glass-vase","8":"first","9":"instock","10":"shipping-taxable","11":"product-type-simple"},"_links":{"self":[{"href":"https:\/\/www.maidaoglass.com\/es\/wp-json\/wp\/v2\/product\/3140","targetHints":{"allow":["GET"]}}],"collection":[{"href":"https:\/\/www.maidaoglass.com\/es\/wp-json\/wp\/v2\/product"}],"about":[{"href":"https:\/\/www.maidaoglass.com\/es\/wp-json\/wp\/v2\/types\/product"}],"replies":[{"embeddable":true,"href":"https:\/\/www.maidaoglass.com\/es\/wp-json\/wp\/v2\/comments?post=3140"}],"version-history":[{"count":0,"href":"https:\/\/www.maidaoglass.com\/es\/wp-json\/wp\/v2\/product\/3140\/revisions"}],"wp:featuredmedia":[{"embeddable":true,"href":"https:\/\/www.maidaoglass.com\/es\/wp-json\/wp\/v2\/media\/3142"}],"wp:attachment":[{"href":"https:\/\/www.maidaoglass.com\/es\/wp-json\/wp\/v2\/media?parent=3140"}],"wp:term":[{"taxonomy":"product_brand","embeddable":true,"href":"https:\/\/www.maidaoglass.com\/es\/wp-json\/wp\/v2\/product_brand?post=3140"},{"taxonomy":"product_cat","embeddable":true,"href":"https:\/\/www.maidaoglass.com\/es\/wp-json\/wp\/v2\/product_cat?post=3140"},{"taxonomy":"product_tag","embeddable":true,"href":"https:\/\/www.maidaoglass.com\/es\/wp-json\/wp\/v2\/product_tag?post=3140"}],"curies":[{"name":"wp","href":"https:\/\/api.w.org\/{rel}","templated":true}]}}