{"id":3147,"date":"2021-07-30T07:25:24","date_gmt":"2021-07-30T07:25:24","guid":{"rendered":"https:\/\/www.maidaoglass.com\/?post_type=product&#038;p=3147"},"modified":"2021-07-30T07:25:24","modified_gmt":"2021-07-30T07:25:24","slug":"jarron-de-cristal-creativo-de-boca-pequena","status":"publish","type":"product","link":"https:\/\/www.maidaoglass.com\/es\/vidrio\/jarron-de-cristal-creativo-de-boca-pequena\/","title":{"rendered":"Jarr\u00f3n de cristal creativo de boca peque\u00f1a"},"content":{"rendered":"<p>Los fabricantes chinos venden jarrones a los precios m\u00e1s bajos. El jarr\u00f3n de cristal creativo de boca peque\u00f1a se puede utilizar para la decoraci\u00f3n del hogar, la decoraci\u00f3n de restaurantes, la decoraci\u00f3n de florister\u00edas, la decoraci\u00f3n de oficinas, etc. Decora nuestro hogar. Tenemos todo tipo de vidrio creativo florero de boca peque\u00f1a, que puede personalizar. Huanlian Glass es un fabricante profesional y mayorista de floreros de vidrio, elija entre nuestra selecci\u00f3n de floreros. El jarr\u00f3n puede personalizar.<\/p>","protected":false},"excerpt":{"rendered":"<p>Los fabricantes chinos venden jarrones a los precios m\u00e1s bajos. El jarr\u00f3n de cristal creativo de boca peque\u00f1a se puede utilizar para la decoraci\u00f3n del hogar, la decoraci\u00f3n de restaurantes, la decoraci\u00f3n de florister\u00edas, la decoraci\u00f3n de oficinas, etc. Decora nuestro hogar. Tenemos todo tipo de vidrio creativo florero de boca peque\u00f1a, que puede personalizar. Huanlian Glass es un fabricante profesional y mayorista de floreros de vidrio, elija entre nuestra selecci\u00f3n de floreros. El jarr\u00f3n puede personalizar.<\/p>","protected":false},"featured_media":3149,"comment_status":"open","ping_status":"closed","template":"","meta":{"_seopress_robots_primary_cat":"","_seopress_titles_title":"","_seopress_titles_desc":"","_seopress_robots_index":""},"product_brand":[],"product_cat":[45],"product_tag":[],"class_list":{"0":"post-3147","1":"product","2":"type-product","3":"status-publish","4":"has-post-thumbnail","6":"product_cat-glass-vase","8":"first","9":"instock","10":"shipping-taxable","11":"product-type-simple"},"_links":{"self":[{"href":"https:\/\/www.maidaoglass.com\/es\/wp-json\/wp\/v2\/product\/3147","targetHints":{"allow":["GET"]}}],"collection":[{"href":"https:\/\/www.maidaoglass.com\/es\/wp-json\/wp\/v2\/product"}],"about":[{"href":"https:\/\/www.maidaoglass.com\/es\/wp-json\/wp\/v2\/types\/product"}],"replies":[{"embeddable":true,"href":"https:\/\/www.maidaoglass.com\/es\/wp-json\/wp\/v2\/comments?post=3147"}],"version-history":[{"count":0,"href":"https:\/\/www.maidaoglass.com\/es\/wp-json\/wp\/v2\/product\/3147\/revisions"}],"wp:featuredmedia":[{"embeddable":true,"href":"https:\/\/www.maidaoglass.com\/es\/wp-json\/wp\/v2\/media\/3149"}],"wp:attachment":[{"href":"https:\/\/www.maidaoglass.com\/es\/wp-json\/wp\/v2\/media?parent=3147"}],"wp:term":[{"taxonomy":"product_brand","embeddable":true,"href":"https:\/\/www.maidaoglass.com\/es\/wp-json\/wp\/v2\/product_brand?post=3147"},{"taxonomy":"product_cat","embeddable":true,"href":"https:\/\/www.maidaoglass.com\/es\/wp-json\/wp\/v2\/product_cat?post=3147"},{"taxonomy":"product_tag","embeddable":true,"href":"https:\/\/www.maidaoglass.com\/es\/wp-json\/wp\/v2\/product_tag?post=3147"}],"curies":[{"name":"wp","href":"https:\/\/api.w.org\/{rel}","templated":true}]}}