{"id":3153,"date":"2021-07-30T07:27:49","date_gmt":"2021-07-30T07:27:49","guid":{"rendered":"https:\/\/www.maidaoglass.com\/?post_type=product&#038;p=3153"},"modified":"2021-07-30T07:27:49","modified_gmt":"2021-07-30T07:27:49","slug":"jarron-de-cristal-serie-30","status":"publish","type":"product","link":"https:\/\/www.maidaoglass.com\/es\/vidrio\/jarron-de-cristal-serie-30\/","title":{"rendered":"Jarr\u00f3n de cristal serie 30"},"content":{"rendered":"<p>30 series jarr\u00f3n de cristal transparente agua enriquecimiento bamb\u00fa lirio jarr\u00f3n decoraci\u00f3n sala de estar arreglo floral flores secas n\u00f3rdico hogar extra grande.<\/p>\n<p>Ofrecemos una gran variedad de jarrones de cristal de alta calidad, que pueden proporcionar soluciones de decoraci\u00f3n de primera clase. Los clientes con grandes pedidos pueden disfrutar de precios con descuento, y todos los clientes pueden realizar env\u00edos r\u00e1pidamente. Navegue por nuestro sitio web para encontrar cientos de jarrones de cristal de diferentes colores, formas y tama\u00f1os. Tanto si lo utiliza como sala de estudio, sala de estar, conferencia, boda, etc., puede confiar en Huanlian Glass para satisfacer sus necesidades de decoraci\u00f3n.<\/p>","protected":false},"excerpt":{"rendered":"<p>30 series jarr\u00f3n de cristal transparente agua enriquecimiento bamb\u00fa lirio jarr\u00f3n decoraci\u00f3n sala de estar arreglo floral flores secas n\u00f3rdico hogar extra grande.<\/p>","protected":false},"featured_media":3155,"comment_status":"open","ping_status":"closed","template":"","meta":{"_seopress_robots_primary_cat":"","_seopress_titles_title":"","_seopress_titles_desc":"","_seopress_robots_index":""},"product_brand":[],"product_cat":[45],"product_tag":[],"class_list":{"0":"post-3153","1":"product","2":"type-product","3":"status-publish","4":"has-post-thumbnail","6":"product_cat-glass-vase","8":"first","9":"instock","10":"shipping-taxable","11":"product-type-simple"},"_links":{"self":[{"href":"https:\/\/www.maidaoglass.com\/es\/wp-json\/wp\/v2\/product\/3153","targetHints":{"allow":["GET"]}}],"collection":[{"href":"https:\/\/www.maidaoglass.com\/es\/wp-json\/wp\/v2\/product"}],"about":[{"href":"https:\/\/www.maidaoglass.com\/es\/wp-json\/wp\/v2\/types\/product"}],"replies":[{"embeddable":true,"href":"https:\/\/www.maidaoglass.com\/es\/wp-json\/wp\/v2\/comments?post=3153"}],"version-history":[{"count":0,"href":"https:\/\/www.maidaoglass.com\/es\/wp-json\/wp\/v2\/product\/3153\/revisions"}],"wp:featuredmedia":[{"embeddable":true,"href":"https:\/\/www.maidaoglass.com\/es\/wp-json\/wp\/v2\/media\/3155"}],"wp:attachment":[{"href":"https:\/\/www.maidaoglass.com\/es\/wp-json\/wp\/v2\/media?parent=3153"}],"wp:term":[{"taxonomy":"product_brand","embeddable":true,"href":"https:\/\/www.maidaoglass.com\/es\/wp-json\/wp\/v2\/product_brand?post=3153"},{"taxonomy":"product_cat","embeddable":true,"href":"https:\/\/www.maidaoglass.com\/es\/wp-json\/wp\/v2\/product_cat?post=3153"},{"taxonomy":"product_tag","embeddable":true,"href":"https:\/\/www.maidaoglass.com\/es\/wp-json\/wp\/v2\/product_tag?post=3153"}],"curies":[{"name":"wp","href":"https:\/\/api.w.org\/{rel}","templated":true}]}}