{"id":3170,"date":"2021-08-12T03:47:36","date_gmt":"2021-08-12T03:47:36","guid":{"rendered":"https:\/\/www.maidaoglass.com\/?post_type=product&#038;p=3170"},"modified":"2021-08-12T03:47:36","modified_gmt":"2021-08-12T03:47:36","slug":"botella-redonda-plana-de-ginebra","status":"publish","type":"product","link":"https:\/\/www.maidaoglass.com\/es\/vidrio\/botella-redonda-plana-de-ginebra\/","title":{"rendered":"Botella redonda plana de ginebra"},"content":{"rendered":"<table id=\"product-attribute-specs-table\" class=\"data-table\">\n<tbody>\n<tr class=\"odd\">\n<th class=\"col label\" scope=\"row\">Capacidad<\/th>\n<td class=\"col data\" data-th=\"Capacity\">250 ml, 500 ml<\/td>\n<\/tr>\n<tr class=\"even\">\n<th class=\"col label\" scope=\"row\">Estilo botella<\/th>\n<td class=\"col data\" data-th=\"Overflow Capacity\">Plano Redondo<\/td>\n<\/tr>\n<tr class=\"odd\">\n<th class=\"col label\" scope=\"row\">Color<\/th>\n<td class=\"col data\" data-th=\"Bottle Style\">Claro<\/td>\n<\/tr>\n<tr class=\"even\">\n<th class=\"col label\" scope=\"row\">Material<\/th>\n<td class=\"col data\" data-th=\"Color\">SUPER VIDRIO DE S\u00cdLEX<\/td>\n<\/tr>\n<tr class=\"odd\">\n<th class=\"col label\" scope=\"row\">Aprobado por la FDA<\/th>\n<td class=\"col data\" data-th=\"Material\">S\u00ed<\/td>\n<\/tr>\n<tr class=\"even\">\n<th class=\"col label\" scope=\"row\">Estilo gorra<\/th>\n<td class=\"col data\" data-th=\"FDA Approved\">CORCHO<\/td>\n<\/tr>\n<\/tbody>\n<\/table>","protected":false},"excerpt":{"rendered":"<p>Su dise\u00f1o \u00fanico y elegante ofrece una forma llamativa de almacenar ginebra, whisky, escoc\u00e9s o bourbon en un bar;<\/p>\n<p>- Incorpora un tap\u00f3n de cristal de cierre herm\u00e9tico para evitar fugas;<\/p>\n<p>- La cristaler\u00eda engrosada proporciona una durabilidad superior.<\/p>","protected":false},"featured_media":3172,"comment_status":"open","ping_status":"closed","template":"","meta":{"_seopress_robots_primary_cat":"","_seopress_titles_title":"","_seopress_titles_desc":"Flat Round Gin Glass Bottle, Unique and elegant design offers an eye-catching way to store Gin, whiskey, scotch or bourbon in a bar.","_seopress_robots_index":""},"product_brand":[],"product_cat":[39],"product_tag":[],"class_list":{"0":"post-3170","1":"product","2":"type-product","3":"status-publish","4":"has-post-thumbnail","6":"product_cat-gin-bottle","8":"first","9":"instock","10":"shipping-taxable","11":"product-type-simple"},"_links":{"self":[{"href":"https:\/\/www.maidaoglass.com\/es\/wp-json\/wp\/v2\/product\/3170","targetHints":{"allow":["GET"]}}],"collection":[{"href":"https:\/\/www.maidaoglass.com\/es\/wp-json\/wp\/v2\/product"}],"about":[{"href":"https:\/\/www.maidaoglass.com\/es\/wp-json\/wp\/v2\/types\/product"}],"replies":[{"embeddable":true,"href":"https:\/\/www.maidaoglass.com\/es\/wp-json\/wp\/v2\/comments?post=3170"}],"version-history":[{"count":0,"href":"https:\/\/www.maidaoglass.com\/es\/wp-json\/wp\/v2\/product\/3170\/revisions"}],"wp:featuredmedia":[{"embeddable":true,"href":"https:\/\/www.maidaoglass.com\/es\/wp-json\/wp\/v2\/media\/3172"}],"wp:attachment":[{"href":"https:\/\/www.maidaoglass.com\/es\/wp-json\/wp\/v2\/media?parent=3170"}],"wp:term":[{"taxonomy":"product_brand","embeddable":true,"href":"https:\/\/www.maidaoglass.com\/es\/wp-json\/wp\/v2\/product_brand?post=3170"},{"taxonomy":"product_cat","embeddable":true,"href":"https:\/\/www.maidaoglass.com\/es\/wp-json\/wp\/v2\/product_cat?post=3170"},{"taxonomy":"product_tag","embeddable":true,"href":"https:\/\/www.maidaoglass.com\/es\/wp-json\/wp\/v2\/product_tag?post=3170"}],"curies":[{"name":"wp","href":"https:\/\/api.w.org\/{rel}","templated":true}]}}