{"id":3282,"date":"2021-09-01T00:54:43","date_gmt":"2021-09-01T00:54:43","guid":{"rendered":"https:\/\/www.maidaoglass.com\/?post_type=product&#038;p=3282"},"modified":"2021-09-01T00:54:43","modified_gmt":"2021-09-01T00:54:43","slug":"tarro-clasico-con-asa","status":"publish","type":"product","link":"https:\/\/www.maidaoglass.com\/es\/vidrio\/tarro-clasico-con-asa\/","title":{"rendered":"Tarro cl\u00e1sico con asa"},"content":{"rendered":"<p>Los tarros son de vidrio de alta calidad y las tapas de rosca son de metal de alta calidad, sin BPA y aptas para alimentos.<\/p>\n<p>Multiuso- Tarros con asa perfectos para zumo, mermelada o jalea, miel,cerveza,leche,t\u00e9 y etc.<\/p>\n<p>Preciosos tarros de cristal para el hogar, fiestas, bodas y decoraci\u00f3n.<\/p>\n<p>Excelente dise\u00f1o de las tapas -La tapa tiene un dise\u00f1o independiente, que proporciona un buen sellado para evitar fugas del contenido, y es f\u00e1cil de limpiar y sustituir.<\/p>\n<p>Empaquetamos los tarros en un embalaje de alta protecci\u00f3n para reducir los da\u00f1os del producto.P\u00f3ngase en contacto con nosotros si recibe tarros rotos o agrietados..Utilizamos burbujas blandas para dise\u00f1ar el embalaje perfecto seg\u00fan el tama\u00f1o del tarro. Cada tarro se cierra en su posici\u00f3n para reducir los da\u00f1os. No dude en ponerse en contacto con nosotros si recibe los frascos con alguna grieta.<\/p>\n<table width=\"0\">\n<tbody>\n<tr>\n<td>Capacidad<\/td>\n<td>16 onzas<\/td>\n<\/tr>\n<tr>\n<td>Estilo botella<\/td>\n<td>Tarro Mason<\/td>\n<\/tr>\n<tr>\n<td>Color<\/td>\n<td>Claro<\/td>\n<\/tr>\n<tr>\n<td>Material<\/td>\n<td>Vaso de sosa y lima<\/td>\n<\/tr>\n<tr>\n<td>Aprobado por la FDA<\/td>\n<td>S\u00ed<\/td>\n<\/tr>\n<tr>\n<td>Estilo gorra<\/td>\n<td>Hojalata o aluminio<\/td>\n<\/tr>\n<\/tbody>\n<\/table>","protected":false},"excerpt":{"rendered":"<ol>\n<li>Tarros cl\u00e1sicos con asa<\/li>\n<li>Gorra de muchos colores.<\/li>\n<li>SIN BPA Y APTO PARA ALIMENTOS<\/li>\n<\/ol>","protected":false},"featured_media":3284,"comment_status":"open","ping_status":"closed","template":"","meta":{"_seopress_robots_primary_cat":"","_seopress_titles_title":"Classic Mason Jar With Handle - Maidao Glass","_seopress_titles_desc":"Classic Mason Jar With Handle, BPA free and food sale, many colors cap.","_seopress_robots_index":""},"product_brand":[],"product_cat":[31],"product_tag":[],"class_list":{"0":"post-3282","1":"product","2":"type-product","3":"status-publish","4":"has-post-thumbnail","6":"product_cat-mason-jars","8":"first","9":"instock","10":"shipping-taxable","11":"product-type-simple"},"_links":{"self":[{"href":"https:\/\/www.maidaoglass.com\/es\/wp-json\/wp\/v2\/product\/3282","targetHints":{"allow":["GET"]}}],"collection":[{"href":"https:\/\/www.maidaoglass.com\/es\/wp-json\/wp\/v2\/product"}],"about":[{"href":"https:\/\/www.maidaoglass.com\/es\/wp-json\/wp\/v2\/types\/product"}],"replies":[{"embeddable":true,"href":"https:\/\/www.maidaoglass.com\/es\/wp-json\/wp\/v2\/comments?post=3282"}],"version-history":[{"count":0,"href":"https:\/\/www.maidaoglass.com\/es\/wp-json\/wp\/v2\/product\/3282\/revisions"}],"wp:featuredmedia":[{"embeddable":true,"href":"https:\/\/www.maidaoglass.com\/es\/wp-json\/wp\/v2\/media\/3284"}],"wp:attachment":[{"href":"https:\/\/www.maidaoglass.com\/es\/wp-json\/wp\/v2\/media?parent=3282"}],"wp:term":[{"taxonomy":"product_brand","embeddable":true,"href":"https:\/\/www.maidaoglass.com\/es\/wp-json\/wp\/v2\/product_brand?post=3282"},{"taxonomy":"product_cat","embeddable":true,"href":"https:\/\/www.maidaoglass.com\/es\/wp-json\/wp\/v2\/product_cat?post=3282"},{"taxonomy":"product_tag","embeddable":true,"href":"https:\/\/www.maidaoglass.com\/es\/wp-json\/wp\/v2\/product_tag?post=3282"}],"curies":[{"name":"wp","href":"https:\/\/api.w.org\/{rel}","templated":true}]}}