{"id":3302,"date":"2021-09-01T01:39:28","date_gmt":"2021-09-01T01:39:28","guid":{"rendered":"https:\/\/www.maidaoglass.com\/?post_type=product&#038;p=3302"},"modified":"2021-09-01T01:39:28","modified_gmt":"2021-09-01T01:39:28","slug":"tarro-de-albanil-estilo-cactus","status":"publish","type":"product","link":"https:\/\/www.maidaoglass.com\/es\/vidrio\/tarro-de-albanil-estilo-cactus\/","title":{"rendered":"Mason Jar estilo cactus"},"content":{"rendered":"<p>Este estilo de Cactus Tropical es una selecci\u00f3n ideal para la fiesta, da un brillo elegante cuando se pone en la sala de estar, habitaci\u00f3n de beb\u00e9 u otros lugares, especialmente puede hacer que se sienta un poco fresco en verano caliente. L\u00e1mpara de cactus rom\u00e1ntico atrae f\u00e1cilmente los ojos de la gente y ganar elogios.<\/p>\n<p>&nbsp;<\/p>\n<p>Tarro de cristal de alta calidad con forma de cactus. La tapa de metal resistente con protecci\u00f3n antifugas de silicona y la pajita a rayas verdes y blancas dan un toque especial a este tarro de cristal con forma de cactus.<\/p>\n<p>Perfectos para la decoraci\u00f3n tem\u00e1tica de cactus y fiestas tem\u00e1ticas de cactus. Coloca uno en cada ambiente para conseguir un aspecto unificado, o env\u00edalos a casa llenos de golosinas como el mejor detalle para la fiesta.<\/p>\n<p>Ll\u00e9nelo con su bebida fr\u00eda favorita, agua, limonada, zumo, t\u00e9 helado o agua con infusi\u00f3n de frutas.<\/p>\n<p>Te encantar\u00e1 utilizar este precioso tarro de cristal con forma de cactus.<\/p>\n<table width=\"0\">\n<tbody>\n<tr>\n<td>Capacidad<\/td>\n<td>16 onzas<\/td>\n<\/tr>\n<tr>\n<td>Estilo botella<\/td>\n<td>Tarro Mason<\/td>\n<\/tr>\n<tr>\n<td>Color<\/td>\n<td>Claro<\/td>\n<\/tr>\n<tr>\n<td>Material<\/td>\n<td>Vaso de sosa y lima<\/td>\n<\/tr>\n<tr>\n<td>Aprobado por la FDA<\/td>\n<td>S\u00ed<\/td>\n<\/tr>\n<tr>\n<td>Estilo gorra<\/td>\n<td>Hojalata o aluminio<\/td>\n<\/tr>\n<\/tbody>\n<\/table>","protected":false},"excerpt":{"rendered":"<p>Tarro de cristal de alta calidad con forma de cactus. La tapa de metal resistente con protecci\u00f3n antifugas de silicona y la pajita a rayas verdes y blancas dan un toque especial a este tarro de cristal con forma de cactus.<\/p>","protected":false},"featured_media":3304,"comment_status":"open","ping_status":"closed","template":"","meta":{"_seopress_robots_primary_cat":"","_seopress_titles_title":"Cactus style Mason Jar - Maidao Glass","_seopress_titles_desc":"Cactus style Mason Jar, High Quality Glass Mason Jar in enduring Cactus Shape.","_seopress_robots_index":"","_seopress_analysis_target_kw":""},"product_brand":[],"product_cat":[31],"product_tag":[],"class_list":{"0":"post-3302","1":"product","2":"type-product","3":"status-publish","4":"has-post-thumbnail","6":"product_cat-mason-jars","8":"first","9":"instock","10":"shipping-taxable","11":"product-type-simple"},"_links":{"self":[{"href":"https:\/\/www.maidaoglass.com\/es\/wp-json\/wp\/v2\/product\/3302","targetHints":{"allow":["GET"]}}],"collection":[{"href":"https:\/\/www.maidaoglass.com\/es\/wp-json\/wp\/v2\/product"}],"about":[{"href":"https:\/\/www.maidaoglass.com\/es\/wp-json\/wp\/v2\/types\/product"}],"replies":[{"embeddable":true,"href":"https:\/\/www.maidaoglass.com\/es\/wp-json\/wp\/v2\/comments?post=3302"}],"version-history":[{"count":0,"href":"https:\/\/www.maidaoglass.com\/es\/wp-json\/wp\/v2\/product\/3302\/revisions"}],"wp:featuredmedia":[{"embeddable":true,"href":"https:\/\/www.maidaoglass.com\/es\/wp-json\/wp\/v2\/media\/3304"}],"wp:attachment":[{"href":"https:\/\/www.maidaoglass.com\/es\/wp-json\/wp\/v2\/media?parent=3302"}],"wp:term":[{"taxonomy":"product_brand","embeddable":true,"href":"https:\/\/www.maidaoglass.com\/es\/wp-json\/wp\/v2\/product_brand?post=3302"},{"taxonomy":"product_cat","embeddable":true,"href":"https:\/\/www.maidaoglass.com\/es\/wp-json\/wp\/v2\/product_cat?post=3302"},{"taxonomy":"product_tag","embeddable":true,"href":"https:\/\/www.maidaoglass.com\/es\/wp-json\/wp\/v2\/product_tag?post=3302"}],"curies":[{"name":"wp","href":"https:\/\/api.w.org\/{rel}","templated":true}]}}