{"id":3320,"date":"2021-09-01T01:59:20","date_gmt":"2021-09-01T01:59:20","guid":{"rendered":"https:\/\/www.maidaoglass.com\/?post_type=product&#038;p=3320"},"modified":"2021-09-01T01:59:20","modified_gmt":"2021-09-01T01:59:20","slug":"zumo-de-fruta-tarro-de-mason-desechable-con-grifo-de-metal","status":"publish","type":"product","link":"https:\/\/www.maidaoglass.com\/es\/vidrio\/zumo-de-fruta-tarro-de-mason-desechable-con-grifo-de-metal\/","title":{"rendered":"Jarra desechable para zumo de fruta con grifo met\u00e1lico"},"content":{"rendered":"<p>Dispensadores de bebidas de vidrio sobre soporte met\u00e1lico con tapa de rosca de hojalata, pizarras en relieve\u3002<\/p>\n<p>Fabricado en cristal grueso de alta calidad con soporte met\u00e1lico resistente y espita antigoteo de f\u00e1cil extracci\u00f3n<\/p>\n<p>Es un gran centro de mesa para fiestas, eventos, barbacoas, picnics, despedidas de soltero y soltera, etc. O como un gran regalo<\/p>\n<p>Ll\u00e9nelo con sus bebidas favoritas. Cada dispensador tiene capacidad para 1 gal\u00f3n o 2 galones.<\/p>\n<p>Lavar s\u00f3lo a mano. No recomendado para l\u00edquidos calientes.<\/p>\n<table width=\"0\">\n<tbody>\n<tr>\n<td>Capacidad<\/td>\n<td>4L, 8L<\/td>\n<\/tr>\n<tr>\n<td>Estilo botella<\/td>\n<td>Tarro Mason<\/td>\n<\/tr>\n<tr>\n<td>Color<\/td>\n<td>Claro<\/td>\n<\/tr>\n<tr>\n<td>Material<\/td>\n<td>Vaso SODA-LIME<\/td>\n<\/tr>\n<tr>\n<td>Aprobado por la FDA<\/td>\n<td>S\u00ed<\/td>\n<\/tr>\n<tr>\n<td>Estilo gorra<\/td>\n<td>Hojalata o aluminio<\/td>\n<\/tr>\n<\/tbody>\n<\/table>","protected":false},"excerpt":{"rendered":"<p>Dispensadores de bebidas de cristal sobre soporte met\u00e1lico con tapa de rosca de hojalata.<\/p>\n<p>Hecho de vidrio grueso de alta calidad con soporte de metal duradero y espita antigoteo de f\u00e1cil extracci\u00f3n.<\/p>","protected":false},"featured_media":3322,"comment_status":"open","ping_status":"closed","template":"","meta":{"_seopress_robots_primary_cat":"","_seopress_titles_title":"Fruit juice disposable mason jar with metal faucet - Maidao Glass","_seopress_titles_desc":"Fruit juice disposable mason jar with metal faucet, Made of Thick high quality Glass with durable metal stand and non-drip easy pull spigot.","_seopress_robots_index":"","_seopress_analysis_target_kw":""},"product_brand":[],"product_cat":[31],"product_tag":[],"class_list":{"0":"post-3320","1":"product","2":"type-product","3":"status-publish","4":"has-post-thumbnail","6":"product_cat-mason-jars","8":"first","9":"instock","10":"shipping-taxable","11":"product-type-simple"},"_links":{"self":[{"href":"https:\/\/www.maidaoglass.com\/es\/wp-json\/wp\/v2\/product\/3320","targetHints":{"allow":["GET"]}}],"collection":[{"href":"https:\/\/www.maidaoglass.com\/es\/wp-json\/wp\/v2\/product"}],"about":[{"href":"https:\/\/www.maidaoglass.com\/es\/wp-json\/wp\/v2\/types\/product"}],"replies":[{"embeddable":true,"href":"https:\/\/www.maidaoglass.com\/es\/wp-json\/wp\/v2\/comments?post=3320"}],"version-history":[{"count":0,"href":"https:\/\/www.maidaoglass.com\/es\/wp-json\/wp\/v2\/product\/3320\/revisions"}],"wp:featuredmedia":[{"embeddable":true,"href":"https:\/\/www.maidaoglass.com\/es\/wp-json\/wp\/v2\/media\/3322"}],"wp:attachment":[{"href":"https:\/\/www.maidaoglass.com\/es\/wp-json\/wp\/v2\/media?parent=3320"}],"wp:term":[{"taxonomy":"product_brand","embeddable":true,"href":"https:\/\/www.maidaoglass.com\/es\/wp-json\/wp\/v2\/product_brand?post=3320"},{"taxonomy":"product_cat","embeddable":true,"href":"https:\/\/www.maidaoglass.com\/es\/wp-json\/wp\/v2\/product_cat?post=3320"},{"taxonomy":"product_tag","embeddable":true,"href":"https:\/\/www.maidaoglass.com\/es\/wp-json\/wp\/v2\/product_tag?post=3320"}],"curies":[{"name":"wp","href":"https:\/\/api.w.org\/{rel}","templated":true}]}}