{"id":3326,"date":"2021-09-01T02:10:14","date_gmt":"2021-09-01T02:10:14","guid":{"rendered":"https:\/\/www.maidaoglass.com\/?post_type=product&#038;p=3326"},"modified":"2021-09-01T02:10:14","modified_gmt":"2021-09-01T02:10:14","slug":"tarro-con-asa-en-forma-de-balon-de-futbol","status":"publish","type":"product","link":"https:\/\/www.maidaoglass.com\/es\/vidrio\/tarro-con-asa-en-forma-de-balon-de-futbol\/","title":{"rendered":"Tarro con asa en forma de bal\u00f3n de f\u00fatbol"},"content":{"rendered":"<p>ESTILO MODERNO: Disfrute tomando sus bebidas favoritas en estos tarros de cristal. Ll\u00e9nalos con tus bebidas heladas, c\u00f3cteles, zumos, batidos, smoothies, etc.<\/p>\n<p>AMPLIO USO: Generosa capacidad de 16 onzas hace mason jar tazas la gran drinkware para sus fiestas en el jard\u00edn, eventos, barbacoa, picnics, bodas, etc..<\/p>\n<p>VIDRIO TRANSPARENTE: los tarros mason presentan una resistente estructura de vidrio que facilita su visibilidad. Son ideales para hacer regalos personalizados a los amigos.<\/p>\n<p>F\u00c1CIL DE LIMPIAR: Las tapas de boca ancha son f\u00e1ciles de rellenar y limpiar. Los vasos y las pajitas de los tarros Mason son aptos para el lavavajillas. Las tapas s\u00f3lo se pueden lavar a mano.<\/p>\n<table width=\"0\">\n<tbody>\n<tr>\n<td>Capacidad<\/td>\n<td>100 ml, 200 ml, 375 ml, 500 ml, 750 ml, 1000 ml<\/td>\n<\/tr>\n<tr>\n<td>Estilo botella<\/td>\n<td>Redondo, OSLO<\/td>\n<\/tr>\n<tr>\n<td>Color<\/td>\n<td>Claro<\/td>\n<\/tr>\n<tr>\n<td>Material<\/td>\n<td>VASO DE SOSA-LIMA<\/td>\n<\/tr>\n<tr>\n<td>Aprobado por la FDA<\/td>\n<td>S\u00ed<\/td>\n<\/tr>\n<tr>\n<td>Estilo gorra<\/td>\n<td>Tapa de aluminio<\/td>\n<\/tr>\n<\/tbody>\n<\/table>","protected":false},"excerpt":{"rendered":"<p>VIDRIO TRANSPARENTE: los tarros mason presentan una resistente estructura de vidrio que facilita su visibilidad. Son ideales para hacer regalos personalizados a los amigos.<\/p>\n<p>F\u00c1CIL DE LIMPIAR: Las tapas de boca ancha son f\u00e1ciles de rellenar y limpiar. Los vasos y las pajitas de los tarros Mason son aptos para el lavavajillas. Las tapas s\u00f3lo se pueden lavar a mano.<\/p>","protected":false},"featured_media":3328,"comment_status":"open","ping_status":"closed","template":"","meta":{"_seopress_robots_primary_cat":"","_seopress_titles_title":"Football Shape Mason Jar With Handle - Maidao Glass","_seopress_titles_desc":"Football Shape Mason Jar With Handle, Enjoy sipping your favorite beverages in these glass mason jars. Fill with your ice drinks, cocktails, juices, shakes, smoothies etc.","_seopress_robots_index":""},"product_brand":[],"product_cat":[31],"product_tag":[],"class_list":{"0":"post-3326","1":"product","2":"type-product","3":"status-publish","4":"has-post-thumbnail","6":"product_cat-mason-jars","8":"first","9":"instock","10":"shipping-taxable","11":"product-type-simple"},"_links":{"self":[{"href":"https:\/\/www.maidaoglass.com\/es\/wp-json\/wp\/v2\/product\/3326","targetHints":{"allow":["GET"]}}],"collection":[{"href":"https:\/\/www.maidaoglass.com\/es\/wp-json\/wp\/v2\/product"}],"about":[{"href":"https:\/\/www.maidaoglass.com\/es\/wp-json\/wp\/v2\/types\/product"}],"replies":[{"embeddable":true,"href":"https:\/\/www.maidaoglass.com\/es\/wp-json\/wp\/v2\/comments?post=3326"}],"version-history":[{"count":0,"href":"https:\/\/www.maidaoglass.com\/es\/wp-json\/wp\/v2\/product\/3326\/revisions"}],"wp:featuredmedia":[{"embeddable":true,"href":"https:\/\/www.maidaoglass.com\/es\/wp-json\/wp\/v2\/media\/3328"}],"wp:attachment":[{"href":"https:\/\/www.maidaoglass.com\/es\/wp-json\/wp\/v2\/media?parent=3326"}],"wp:term":[{"taxonomy":"product_brand","embeddable":true,"href":"https:\/\/www.maidaoglass.com\/es\/wp-json\/wp\/v2\/product_brand?post=3326"},{"taxonomy":"product_cat","embeddable":true,"href":"https:\/\/www.maidaoglass.com\/es\/wp-json\/wp\/v2\/product_cat?post=3326"},{"taxonomy":"product_tag","embeddable":true,"href":"https:\/\/www.maidaoglass.com\/es\/wp-json\/wp\/v2\/product_tag?post=3326"}],"curies":[{"name":"wp","href":"https:\/\/api.w.org\/{rel}","templated":true}]}}