{"id":3332,"date":"2021-09-01T04:36:11","date_gmt":"2021-09-01T04:36:11","guid":{"rendered":"https:\/\/www.maidaoglass.com\/?post_type=product&#038;p=3332"},"modified":"2021-09-01T04:36:11","modified_gmt":"2021-09-01T04:36:11","slug":"tarro-de-miel-hexagonal-con-tapa-de-cazo","status":"publish","type":"product","link":"https:\/\/www.maidaoglass.com\/es\/vidrio\/tarro-de-miel-hexagonal-con-tapa-de-cazo\/","title":{"rendered":"Tarro de miel hexagonal con tapa de cazo"},"content":{"rendered":"<p>Cristal transparente, una gran adici\u00f3n a cualquier cocina y est\u00e1 garantizado para atraer la atenci\u00f3n.<\/p>\n<p>Tapa de madera con dise\u00f1o de cazo, sellado fuerte, mantiene su miel fresca durante mucho tiempo, al mismo tiempo evita que la miel gotee.<\/p>\n<p>Perfecto recipiente de almacenamiento de miel, ideal para su miel y jarabe, un excelente regalo para amigos, seres queridos y familiares.<\/p>\n<p>Especialmente dise\u00f1ado para el envasado de miel.<\/p>\n<table width=\"0\">\n<tbody>\n<tr>\n<td>Capacidad<\/td>\n<td>100 ml, 250 ml, 380 ml<\/td>\n<\/tr>\n<tr>\n<td>Estilo botella<\/td>\n<td>Forma hexagonal<\/td>\n<\/tr>\n<tr>\n<td>Color<\/td>\n<td>Claro<\/td>\n<\/tr>\n<tr>\n<td>Material<\/td>\n<td>Vaso de sosa y lima<\/td>\n<\/tr>\n<tr>\n<td>Aprobado por la FDA<\/td>\n<td>S\u00ed<\/td>\n<\/tr>\n<tr>\n<td>Estilo gorra<\/td>\n<td>Tapa de madera<\/td>\n<\/tr>\n<\/tbody>\n<\/table>","protected":false},"excerpt":{"rendered":"<ol>\n<li>Tapa de madera con dise\u00f1o de cazo, sellado fuerte, mantiene su miel fresca durante mucho tiempo, al mismo tiempo evita que la miel gotee.<\/li>\n<li>Perfecto recipiente para almacenar miel, ideal para su miel y sirope, un excelente regalo para amigos, seres queridos y familiares.<\/li>\n<li>Cristal transparente, una gran adici\u00f3n a cualquier cocina y est\u00e1 garantizado para atraer la atenci\u00f3n.<\/li>\n<\/ol>","protected":false},"featured_media":3334,"comment_status":"open","ping_status":"closed","template":"","meta":{"_seopress_robots_primary_cat":"","_seopress_titles_title":"Hexagon Shape Honey Pot Jar with Dipper Lid - Maidao Glass","_seopress_titles_desc":"Hexagon Shape Honey Pot Jar with Dipper Lid, Wood lid with dipper design,strong sealing,keep your honey fresh for a long time,at the same prevents honey from dripping.","_seopress_robots_index":""},"product_brand":[],"product_cat":[32],"product_tag":[],"class_list":{"0":"post-3332","1":"product","2":"type-product","3":"status-publish","4":"has-post-thumbnail","6":"product_cat-glass-honey-jars","8":"first","9":"instock","10":"shipping-taxable","11":"product-type-simple"},"_links":{"self":[{"href":"https:\/\/www.maidaoglass.com\/es\/wp-json\/wp\/v2\/product\/3332","targetHints":{"allow":["GET"]}}],"collection":[{"href":"https:\/\/www.maidaoglass.com\/es\/wp-json\/wp\/v2\/product"}],"about":[{"href":"https:\/\/www.maidaoglass.com\/es\/wp-json\/wp\/v2\/types\/product"}],"replies":[{"embeddable":true,"href":"https:\/\/www.maidaoglass.com\/es\/wp-json\/wp\/v2\/comments?post=3332"}],"version-history":[{"count":0,"href":"https:\/\/www.maidaoglass.com\/es\/wp-json\/wp\/v2\/product\/3332\/revisions"}],"wp:featuredmedia":[{"embeddable":true,"href":"https:\/\/www.maidaoglass.com\/es\/wp-json\/wp\/v2\/media\/3334"}],"wp:attachment":[{"href":"https:\/\/www.maidaoglass.com\/es\/wp-json\/wp\/v2\/media?parent=3332"}],"wp:term":[{"taxonomy":"product_brand","embeddable":true,"href":"https:\/\/www.maidaoglass.com\/es\/wp-json\/wp\/v2\/product_brand?post=3332"},{"taxonomy":"product_cat","embeddable":true,"href":"https:\/\/www.maidaoglass.com\/es\/wp-json\/wp\/v2\/product_cat?post=3332"},{"taxonomy":"product_tag","embeddable":true,"href":"https:\/\/www.maidaoglass.com\/es\/wp-json\/wp\/v2\/product_tag?post=3332"}],"curies":[{"name":"wp","href":"https:\/\/api.w.org\/{rel}","templated":true}]}}