{"id":3338,"date":"2021-09-01T04:49:13","date_gmt":"2021-09-01T04:49:13","guid":{"rendered":"https:\/\/www.maidaoglass.com\/?post_type=product&#038;p=3338"},"modified":"2021-09-01T04:49:13","modified_gmt":"2021-09-01T04:49:13","slug":"tarro-de-miel-en-forma-de-diamante-con-tapa-de-cazo","status":"publish","type":"product","link":"https:\/\/www.maidaoglass.com\/es\/vidrio\/tarro-de-miel-en-forma-de-diamante-con-tapa-de-cazo\/","title":{"rendered":"Tarro de miel en forma de diamante con tapa de cazo"},"content":{"rendered":"<p>Buen rendimiento de sellado-El tap\u00f3n de corcho para vino tinto tiene un mejor rendimiento de sellado y es un lugar ideal para conservar la miel natural o el sirope en condiciones adecuadas. Mantiene la miel fresca durante mucho tiempo.<\/p>\n<p>Dise\u00f1o de moda-El elegante dise\u00f1o hexagonal es muy adecuado para cocinar en la cocina o cenar en la mesa, no hay necesidad de preocuparse por romper accidentalmente el tarro. Vasos transparentes son una gran opci\u00f3n para cualquier cocina y sin duda atraer\u00e1 la atenci\u00f3n de la gente.<\/p>\n<p>La idea de regalo perfecta-El dise\u00f1o del tarro de miel de cristal con cazo es tan elegante y pr\u00e1ctico. Qu\u00e9 gran regalo para sus parientes, amigos y familiares.<\/p>\n<table width=\"0\">\n<tbody>\n<tr>\n<td>Capacidad<\/td>\n<td>200 ml, 380 ml<\/td>\n<\/tr>\n<tr>\n<td>Estilo botella<\/td>\n<td>Redondo, Diamante<\/td>\n<\/tr>\n<tr>\n<td>Color<\/td>\n<td>Claro<\/td>\n<\/tr>\n<tr>\n<td>Material<\/td>\n<td>SUPER VIDRIO DE S\u00cdLEX<\/td>\n<\/tr>\n<tr>\n<td>Aprobado por la FDA<\/td>\n<td>S\u00ed<\/td>\n<\/tr>\n<tr>\n<td>Estilo gorra<\/td>\n<td>Madera u hojalata<\/td>\n<\/tr>\n<\/tbody>\n<\/table>","protected":false},"excerpt":{"rendered":"<p>1.Seguro y de alta calidad-Nuestro tarro de miel est\u00e1 hecho de vidrio de alta calidad, respetuoso con el medio ambiente y seguro de usar.<\/p>\n<p>2.Dise\u00f1o mejorado-La tapa con dise\u00f1o de cubo es m\u00e1s limpia de usar y evita que la miel gotee. Es m\u00e1s c\u00f3modo coger miel para endulzar t\u00e9 y caf\u00e9 y espolvorearla uniformemente sobre galletas o postres. Este tarro de miel transparente es una herramienta pr\u00e1ctica y bonita para la cocina.<\/p>","protected":false},"featured_media":3340,"comment_status":"open","ping_status":"closed","template":"","meta":{"_seopress_robots_primary_cat":"","_seopress_titles_title":"Diamond Shape Honey Jar with Dipper Lid - Maidao Glass","_seopress_titles_desc":"Diamond Shape Honey Jar with Dipper Lid, Safe and High Quality-Our honeypot is made of high-quality glass, environmentally friendly and safe to use.","_seopress_robots_index":""},"product_brand":[],"product_cat":[32],"product_tag":[],"class_list":{"0":"post-3338","1":"product","2":"type-product","3":"status-publish","4":"has-post-thumbnail","6":"product_cat-glass-honey-jars","8":"first","9":"instock","10":"shipping-taxable","11":"product-type-simple"},"_links":{"self":[{"href":"https:\/\/www.maidaoglass.com\/es\/wp-json\/wp\/v2\/product\/3338","targetHints":{"allow":["GET"]}}],"collection":[{"href":"https:\/\/www.maidaoglass.com\/es\/wp-json\/wp\/v2\/product"}],"about":[{"href":"https:\/\/www.maidaoglass.com\/es\/wp-json\/wp\/v2\/types\/product"}],"replies":[{"embeddable":true,"href":"https:\/\/www.maidaoglass.com\/es\/wp-json\/wp\/v2\/comments?post=3338"}],"version-history":[{"count":0,"href":"https:\/\/www.maidaoglass.com\/es\/wp-json\/wp\/v2\/product\/3338\/revisions"}],"wp:featuredmedia":[{"embeddable":true,"href":"https:\/\/www.maidaoglass.com\/es\/wp-json\/wp\/v2\/media\/3340"}],"wp:attachment":[{"href":"https:\/\/www.maidaoglass.com\/es\/wp-json\/wp\/v2\/media?parent=3338"}],"wp:term":[{"taxonomy":"product_brand","embeddable":true,"href":"https:\/\/www.maidaoglass.com\/es\/wp-json\/wp\/v2\/product_brand?post=3338"},{"taxonomy":"product_cat","embeddable":true,"href":"https:\/\/www.maidaoglass.com\/es\/wp-json\/wp\/v2\/product_cat?post=3338"},{"taxonomy":"product_tag","embeddable":true,"href":"https:\/\/www.maidaoglass.com\/es\/wp-json\/wp\/v2\/product_tag?post=3338"}],"curies":[{"name":"wp","href":"https:\/\/api.w.org\/{rel}","templated":true}]}}