{"id":3362,"date":"2021-09-01T05:27:50","date_gmt":"2021-09-01T05:27:50","guid":{"rendered":"https:\/\/www.maidaoglass.com\/?post_type=product&#038;p=3362"},"modified":"2021-09-01T05:27:50","modified_gmt":"2021-09-01T05:27:50","slug":"tarro-de-miel-cuadrado-de-cristal-con-tapa-de-plastico","status":"publish","type":"product","link":"https:\/\/www.maidaoglass.com\/es\/vidrio\/tarro-de-miel-cuadrado-de-cristal-con-tapa-de-plastico\/","title":{"rendered":"Tarro Hoeny cuadrado de cristal con tapa de pl\u00e1stico"},"content":{"rendered":"<p>Forma cuadrada cl\u00e1sica, f\u00e1cil de guardar y con tapa y junta de pl\u00e1stico alimentario.<\/p>\n<table width=\"0\">\n<tbody>\n<tr>\n<td>Capacidad<\/td>\n<td>500 ml, 1000 ml<\/td>\n<\/tr>\n<tr>\n<td>Estilo botella<\/td>\n<td>Forma cuadrada<\/td>\n<\/tr>\n<tr>\n<td>Color<\/td>\n<td>Claro<\/td>\n<\/tr>\n<tr>\n<td>Material<\/td>\n<td>Vaso de sosa y lima<\/td>\n<\/tr>\n<tr>\n<td>Aprobado por la FDA<\/td>\n<td>S\u00ed<\/td>\n<\/tr>\n<tr>\n<td>Estilo gorra<\/td>\n<td>Tapa de pl\u00e1stico<\/td>\n<\/tr>\n<\/tbody>\n<\/table>","protected":false},"excerpt":{"rendered":"<ol>\n<li>Forma cuadrada cl\u00e1sica, f\u00e1cil de guardar.<\/li>\n<li>La tapa de pl\u00e1stico alimentario est\u00e1 sellada.<\/li>\n<li>tipos de capacidades.<\/li>\n<\/ol>","protected":false},"featured_media":3364,"comment_status":"open","ping_status":"closed","template":"","meta":{"_seopress_robots_primary_cat":"","_seopress_titles_title":"Square Glass Hoeny Jar with Plastic Lid - Maidao Glass","_seopress_titles_desc":"Square Glass Hoeny Jar with Plastic Lid, Classic Square shape, easy to store and it is via food-grade plastic lid and seald","_seopress_robots_index":""},"product_brand":[],"product_cat":[32],"product_tag":[],"class_list":{"0":"post-3362","1":"product","2":"type-product","3":"status-publish","4":"has-post-thumbnail","6":"product_cat-glass-honey-jars","8":"first","9":"instock","10":"shipping-taxable","11":"product-type-simple"},"_links":{"self":[{"href":"https:\/\/www.maidaoglass.com\/es\/wp-json\/wp\/v2\/product\/3362","targetHints":{"allow":["GET"]}}],"collection":[{"href":"https:\/\/www.maidaoglass.com\/es\/wp-json\/wp\/v2\/product"}],"about":[{"href":"https:\/\/www.maidaoglass.com\/es\/wp-json\/wp\/v2\/types\/product"}],"replies":[{"embeddable":true,"href":"https:\/\/www.maidaoglass.com\/es\/wp-json\/wp\/v2\/comments?post=3362"}],"version-history":[{"count":0,"href":"https:\/\/www.maidaoglass.com\/es\/wp-json\/wp\/v2\/product\/3362\/revisions"}],"wp:featuredmedia":[{"embeddable":true,"href":"https:\/\/www.maidaoglass.com\/es\/wp-json\/wp\/v2\/media\/3364"}],"wp:attachment":[{"href":"https:\/\/www.maidaoglass.com\/es\/wp-json\/wp\/v2\/media?parent=3362"}],"wp:term":[{"taxonomy":"product_brand","embeddable":true,"href":"https:\/\/www.maidaoglass.com\/es\/wp-json\/wp\/v2\/product_brand?post=3362"},{"taxonomy":"product_cat","embeddable":true,"href":"https:\/\/www.maidaoglass.com\/es\/wp-json\/wp\/v2\/product_cat?post=3362"},{"taxonomy":"product_tag","embeddable":true,"href":"https:\/\/www.maidaoglass.com\/es\/wp-json\/wp\/v2\/product_tag?post=3362"}],"curies":[{"name":"wp","href":"https:\/\/api.w.org\/{rel}","templated":true}]}}