{"id":3369,"date":"2021-09-02T02:17:40","date_gmt":"2021-09-02T02:17:40","guid":{"rendered":"https:\/\/www.maidaoglass.com\/?post_type=product&#038;p=3369"},"modified":"2021-09-02T02:17:40","modified_gmt":"2021-09-02T02:17:40","slug":"tarro-de-miel-cuadrado-de-cristal-premium","status":"publish","type":"product","link":"https:\/\/www.maidaoglass.com\/es\/vidrio\/tarro-de-miel-cuadrado-de-cristal-premium\/","title":{"rendered":"Tarro cuadrado de cristal para miel"},"content":{"rendered":"<p>Nueva forma de dise\u00f1o, producir a trav\u00e9s de vidrio super pedernal, Tapa de madera opcional y la tapa de al\u00famina, tarro de miel de lujo.<\/p>\n<table width=\"0\">\n<tbody>\n<tr>\n<td>Capacidad<\/td>\n<td>180 ml, 360 ml, 500 ml, 750 ml<\/td>\n<\/tr>\n<tr>\n<td>Estilo botella<\/td>\n<td>Forma cuadrada<\/td>\n<\/tr>\n<tr>\n<td>Color<\/td>\n<td>Claro<\/td>\n<\/tr>\n<tr>\n<td>Material<\/td>\n<td>Vidrio Super Flint<\/td>\n<\/tr>\n<tr>\n<td>Aprobado por la FDA<\/td>\n<td>S\u00ed<\/td>\n<\/tr>\n<tr>\n<td>Estilo gorra<\/td>\n<td>Tapa de madera, Tapa de al\u00famina<\/td>\n<\/tr>\n<\/tbody>\n<\/table>","protected":false},"excerpt":{"rendered":"<ol>\n<li>Nuevo dise\u00f1o de forma redonda, f\u00e1cil de guardar.<\/li>\n<li>Super Flint Glass Produce.<\/li>\n<li>Tapa de madera y al\u00famina.<\/li>\n<\/ol>","protected":false},"featured_media":3371,"comment_status":"open","ping_status":"closed","template":"","meta":{"_seopress_robots_primary_cat":"","_seopress_titles_title":"Premium Square Glass Honey Jar - Maidao Glass","_seopress_titles_desc":"Premium Square Glass Honey Jar, produce via super flint glass, Optional wooden lid and alumina lid, luxurious honey jar.","_seopress_robots_index":""},"product_brand":[],"product_cat":[32],"product_tag":[],"class_list":{"0":"post-3369","1":"product","2":"type-product","3":"status-publish","4":"has-post-thumbnail","6":"product_cat-glass-honey-jars","8":"first","9":"instock","10":"shipping-taxable","11":"product-type-simple"},"_links":{"self":[{"href":"https:\/\/www.maidaoglass.com\/es\/wp-json\/wp\/v2\/product\/3369","targetHints":{"allow":["GET"]}}],"collection":[{"href":"https:\/\/www.maidaoglass.com\/es\/wp-json\/wp\/v2\/product"}],"about":[{"href":"https:\/\/www.maidaoglass.com\/es\/wp-json\/wp\/v2\/types\/product"}],"replies":[{"embeddable":true,"href":"https:\/\/www.maidaoglass.com\/es\/wp-json\/wp\/v2\/comments?post=3369"}],"version-history":[{"count":0,"href":"https:\/\/www.maidaoglass.com\/es\/wp-json\/wp\/v2\/product\/3369\/revisions"}],"wp:featuredmedia":[{"embeddable":true,"href":"https:\/\/www.maidaoglass.com\/es\/wp-json\/wp\/v2\/media\/3371"}],"wp:attachment":[{"href":"https:\/\/www.maidaoglass.com\/es\/wp-json\/wp\/v2\/media?parent=3369"}],"wp:term":[{"taxonomy":"product_brand","embeddable":true,"href":"https:\/\/www.maidaoglass.com\/es\/wp-json\/wp\/v2\/product_brand?post=3369"},{"taxonomy":"product_cat","embeddable":true,"href":"https:\/\/www.maidaoglass.com\/es\/wp-json\/wp\/v2\/product_cat?post=3369"},{"taxonomy":"product_tag","embeddable":true,"href":"https:\/\/www.maidaoglass.com\/es\/wp-json\/wp\/v2\/product_tag?post=3369"}],"curies":[{"name":"wp","href":"https:\/\/api.w.org\/{rel}","templated":true}]}}