{"id":3381,"date":"2021-09-02T02:24:07","date_gmt":"2021-09-02T02:24:07","guid":{"rendered":"https:\/\/www.maidaoglass.com\/?post_type=product&#038;p=3381"},"modified":"2021-09-02T02:41:04","modified_gmt":"2021-09-02T02:41:04","slug":"tarro-alto-de-cristal-para-miel","status":"publish","type":"product","link":"https:\/\/www.maidaoglass.com\/es\/vidrio\/tarro-alto-de-cristal-para-miel\/","title":{"rendered":"Tarro alto de cristal para miel"},"content":{"rendered":"<p>Los frascos altos de vidrio para miel son una opci\u00f3n ideal para muchos productos de las industrias alimentaria, cosm\u00e9tica, vitam\u00ednica y farmac\u00e9utica, por nombrar algunas. Nuestros frascos de vidrio est\u00e1n disponibles en varios tama\u00f1os, acabados de cuello y colores. Pueden combinarse con varios cierres.<\/p>\n<table width=\"0\">\n<tbody>\n<tr>\n<td>Capacidad<\/td>\n<td>260 ml, 300 ml, 380 ml<\/td>\n<\/tr>\n<tr>\n<td>Estilo botella<\/td>\n<td>Forma redonda<\/td>\n<\/tr>\n<tr>\n<td>Color<\/td>\n<td>Claro<\/td>\n<\/tr>\n<tr>\n<td>Material<\/td>\n<td>Vidrio Super Flint<\/td>\n<\/tr>\n<tr>\n<td>Aprobado por la FDA<\/td>\n<td>S\u00ed<\/td>\n<\/tr>\n<tr>\n<td>Estilo gorra<\/td>\n<td>Tapa de hojalata o al\u00famina<\/td>\n<\/tr>\n<\/tbody>\n<\/table>","protected":false},"excerpt":{"rendered":"<ol>\n<li>Nuevo dise\u00f1o de forma redonda, f\u00e1cil de guardar.<\/li>\n<li>Super Flint Glass Produce.<\/li>\n<li>Tapa de madera y al\u00famina.<\/li>\n<\/ol>","protected":false},"featured_media":3384,"comment_status":"open","ping_status":"closed","template":"","meta":{"_seopress_robots_primary_cat":"none","_seopress_titles_title":"Tall Glass Honey Jar - Maidao Glass","_seopress_titles_desc":"New Design round shape, produce via super flint glass, Optional wooden lid and alumina lid, luxurious honey jar.","_seopress_robots_index":""},"product_brand":[],"product_cat":[32],"product_tag":[],"class_list":{"0":"post-3381","1":"product","2":"type-product","3":"status-publish","4":"has-post-thumbnail","6":"product_cat-glass-honey-jars","8":"first","9":"instock","10":"shipping-taxable","11":"product-type-simple"},"_links":{"self":[{"href":"https:\/\/www.maidaoglass.com\/es\/wp-json\/wp\/v2\/product\/3381","targetHints":{"allow":["GET"]}}],"collection":[{"href":"https:\/\/www.maidaoglass.com\/es\/wp-json\/wp\/v2\/product"}],"about":[{"href":"https:\/\/www.maidaoglass.com\/es\/wp-json\/wp\/v2\/types\/product"}],"replies":[{"embeddable":true,"href":"https:\/\/www.maidaoglass.com\/es\/wp-json\/wp\/v2\/comments?post=3381"}],"version-history":[{"count":0,"href":"https:\/\/www.maidaoglass.com\/es\/wp-json\/wp\/v2\/product\/3381\/revisions"}],"wp:featuredmedia":[{"embeddable":true,"href":"https:\/\/www.maidaoglass.com\/es\/wp-json\/wp\/v2\/media\/3384"}],"wp:attachment":[{"href":"https:\/\/www.maidaoglass.com\/es\/wp-json\/wp\/v2\/media?parent=3381"}],"wp:term":[{"taxonomy":"product_brand","embeddable":true,"href":"https:\/\/www.maidaoglass.com\/es\/wp-json\/wp\/v2\/product_brand?post=3381"},{"taxonomy":"product_cat","embeddable":true,"href":"https:\/\/www.maidaoglass.com\/es\/wp-json\/wp\/v2\/product_cat?post=3381"},{"taxonomy":"product_tag","embeddable":true,"href":"https:\/\/www.maidaoglass.com\/es\/wp-json\/wp\/v2\/product_tag?post=3381"}],"curies":[{"name":"wp","href":"https:\/\/api.w.org\/{rel}","templated":true}]}}