{"id":3400,"date":"2021-09-02T02:38:01","date_gmt":"2021-09-02T02:38:01","guid":{"rendered":"https:\/\/www.maidaoglass.com\/?post_type=product&#038;p=3400"},"modified":"2021-09-02T02:38:01","modified_gmt":"2021-09-02T02:38:01","slug":"tarros-redondos-de-mermelada","status":"publish","type":"product","link":"https:\/\/www.maidaoglass.com\/es\/vidrio\/tarros-redondos-de-mermelada\/","title":{"rendered":"Tarros redondos de cristal para mermelada"},"content":{"rendered":"<p>Varios tipos de tapas de botellas con un fuerte rendimiento de sellado, Boca de botella grande, f\u00e1cil de limpiar, Dise\u00f1o de fondo de botella grande, no es f\u00e1cil de volcar, 6 modelos en stock, uso para Miel, Mermelada.<\/p>\n<table width=\"0\">\n<tbody>\n<tr>\n<td>Capacidad<\/td>\n<td>100 ml, 200 ml, 280 ml, 380 ml, 500 ml, 730 ml<\/td>\n<\/tr>\n<tr>\n<td>Estilo botella<\/td>\n<td>Redondo \u00fanico<\/td>\n<\/tr>\n<tr>\n<td>Color<\/td>\n<td>Claro<\/td>\n<\/tr>\n<tr>\n<td>Material<\/td>\n<td>VASO DE SOSA-LIMA<\/td>\n<\/tr>\n<tr>\n<td>Aprobado por la FDA<\/td>\n<td>S\u00ed<\/td>\n<\/tr>\n<tr>\n<td>Estilo gorra<\/td>\n<td>Hojalata<\/td>\n<\/tr>\n<\/tbody>\n<\/table>","protected":false},"excerpt":{"rendered":"<ol>\n<li>Varios tipos de tapones para botellas con gran capacidad de sellado<\/li>\n<li>Boca de botella grande, f\u00e1cil de limpiar<\/li>\n<li>Dise\u00f1o de fondo de botella grande, no es f\u00e1cil de volcar<\/li>\n<\/ol>","protected":false},"featured_media":3402,"comment_status":"open","ping_status":"closed","template":"","meta":{"_seopress_robots_primary_cat":"","_seopress_titles_title":"Unique Round Glass Jam Jars - Maidao Glass","_seopress_titles_desc":"Unique Round Glass Jam Jars, Various types of bottle caps with strong sealing performance, Large bottle mouth, easy to clean","_seopress_robots_index":""},"product_brand":[],"product_cat":[33],"product_tag":[],"class_list":{"0":"post-3400","1":"product","2":"type-product","3":"status-publish","4":"has-post-thumbnail","6":"product_cat-glass-jam-jars","8":"first","9":"instock","10":"shipping-taxable","11":"product-type-simple"},"_links":{"self":[{"href":"https:\/\/www.maidaoglass.com\/es\/wp-json\/wp\/v2\/product\/3400","targetHints":{"allow":["GET"]}}],"collection":[{"href":"https:\/\/www.maidaoglass.com\/es\/wp-json\/wp\/v2\/product"}],"about":[{"href":"https:\/\/www.maidaoglass.com\/es\/wp-json\/wp\/v2\/types\/product"}],"replies":[{"embeddable":true,"href":"https:\/\/www.maidaoglass.com\/es\/wp-json\/wp\/v2\/comments?post=3400"}],"version-history":[{"count":0,"href":"https:\/\/www.maidaoglass.com\/es\/wp-json\/wp\/v2\/product\/3400\/revisions"}],"wp:featuredmedia":[{"embeddable":true,"href":"https:\/\/www.maidaoglass.com\/es\/wp-json\/wp\/v2\/media\/3402"}],"wp:attachment":[{"href":"https:\/\/www.maidaoglass.com\/es\/wp-json\/wp\/v2\/media?parent=3400"}],"wp:term":[{"taxonomy":"product_brand","embeddable":true,"href":"https:\/\/www.maidaoglass.com\/es\/wp-json\/wp\/v2\/product_brand?post=3400"},{"taxonomy":"product_cat","embeddable":true,"href":"https:\/\/www.maidaoglass.com\/es\/wp-json\/wp\/v2\/product_cat?post=3400"},{"taxonomy":"product_tag","embeddable":true,"href":"https:\/\/www.maidaoglass.com\/es\/wp-json\/wp\/v2\/product_tag?post=3400"}],"curies":[{"name":"wp","href":"https:\/\/api.w.org\/{rel}","templated":true}]}}