{"id":3408,"date":"2021-09-02T02:49:00","date_gmt":"2021-09-02T02:49:00","guid":{"rendered":"https:\/\/www.maidaoglass.com\/?post_type=product&#038;p=3408"},"modified":"2021-09-02T02:49:00","modified_gmt":"2021-09-02T02:49:00","slug":"tarro-de-mermelada-de-cristal-con-tapa-de-bambu","status":"publish","type":"product","link":"https:\/\/www.maidaoglass.com\/es\/vidrio\/tarro-de-mermelada-de-cristal-con-tapa-de-bambu\/","title":{"rendered":"Tarro de mermelada de cristal con tapa de bamb\u00fa"},"content":{"rendered":"<p>Bonitos, cl\u00e1sicos y organizados, es la combinaci\u00f3n perfecta, estos bonitos botes modernos de cristal con tapas de madera enroscables son perfectos para su cocina de estilo r\u00fastico o moderno. Los tonos c\u00e1lidos realmente aportan un dise\u00f1o acogedor y reconfortante a su espacio. Funcionales y agradables a la vista.<\/p>\n<table width=\"0\">\n<tbody>\n<tr>\n<td>Capacidad<\/td>\n<td>220 ml, 300 ml, 420 ml, 660 ml, 730 ml<\/td>\n<\/tr>\n<tr>\n<td>Estilo botella<\/td>\n<td>Redondo<\/td>\n<\/tr>\n<tr>\n<td>Color<\/td>\n<td>Claro<\/td>\n<\/tr>\n<tr>\n<td>Material<\/td>\n<td>VASO DE SOSA-LIMA<\/td>\n<\/tr>\n<tr>\n<td>Aprobado por la FDA<\/td>\n<td>S\u00ed<\/td>\n<\/tr>\n<tr>\n<td>Estilo gorra<\/td>\n<td>Tapa de madera<\/td>\n<\/tr>\n<\/tbody>\n<\/table>","protected":false},"excerpt":{"rendered":"<p>Calidad superior: fabricado con cristal de alta calidad.<\/p>\n<p>Tapa de madera atornillada: El dise\u00f1o de tornillo hacer la tapa f\u00e1cil de cerrar y abrir .<\/p>\n<p>Buena estanqueidad: Ayuda a mantener tu comida favorita fresca durante m\u00e1s tiempo.<\/p>\n<p>Amplio uso: Perfecto para guardar pasta, t\u00e9, caf\u00e9, jud\u00edas, cereales, harina, az\u00facar, arroz, frutos secos, hierbas, especias, galletas y mucho m\u00e1s.<\/p>","protected":false},"featured_media":3410,"comment_status":"open","ping_status":"closed","template":"","meta":{"_seopress_robots_primary_cat":"","_seopress_titles_title":"Glass Jam Jar with bamboo lid - Maidao Glass","_seopress_titles_desc":"Glass Jam Jar with bamboo lid, cute modern glass canisters with screw wood lids are perfect for your farmhouse or modern style kitchen.","_seopress_robots_index":""},"product_brand":[],"product_cat":[33],"product_tag":[],"class_list":{"0":"post-3408","1":"product","2":"type-product","3":"status-publish","4":"has-post-thumbnail","6":"product_cat-glass-jam-jars","8":"first","9":"instock","10":"shipping-taxable","11":"product-type-simple"},"_links":{"self":[{"href":"https:\/\/www.maidaoglass.com\/es\/wp-json\/wp\/v2\/product\/3408","targetHints":{"allow":["GET"]}}],"collection":[{"href":"https:\/\/www.maidaoglass.com\/es\/wp-json\/wp\/v2\/product"}],"about":[{"href":"https:\/\/www.maidaoglass.com\/es\/wp-json\/wp\/v2\/types\/product"}],"replies":[{"embeddable":true,"href":"https:\/\/www.maidaoglass.com\/es\/wp-json\/wp\/v2\/comments?post=3408"}],"version-history":[{"count":0,"href":"https:\/\/www.maidaoglass.com\/es\/wp-json\/wp\/v2\/product\/3408\/revisions"}],"wp:featuredmedia":[{"embeddable":true,"href":"https:\/\/www.maidaoglass.com\/es\/wp-json\/wp\/v2\/media\/3410"}],"wp:attachment":[{"href":"https:\/\/www.maidaoglass.com\/es\/wp-json\/wp\/v2\/media?parent=3408"}],"wp:term":[{"taxonomy":"product_brand","embeddable":true,"href":"https:\/\/www.maidaoglass.com\/es\/wp-json\/wp\/v2\/product_brand?post=3408"},{"taxonomy":"product_cat","embeddable":true,"href":"https:\/\/www.maidaoglass.com\/es\/wp-json\/wp\/v2\/product_cat?post=3408"},{"taxonomy":"product_tag","embeddable":true,"href":"https:\/\/www.maidaoglass.com\/es\/wp-json\/wp\/v2\/product_tag?post=3408"}],"curies":[{"name":"wp","href":"https:\/\/api.w.org\/{rel}","templated":true}]}}